{"id":10887,"date":"2025-03-20T14:52:18","date_gmt":"2025-03-20T17:52:18","guid":{"rendered":"https:\/\/www.biolabfarma.com.br\/?page_id=10887"},"modified":"2025-03-20T14:52:18","modified_gmt":"2025-03-20T17:52:18","slug":"urology-3","status":"publish","type":"page","link":"https:\/\/www.biolabeco.com.br\/en\/saude-humana\/vitaminas-e-suplementos\/","title":{"rendered":"Vitamins and Supplements"},"content":{"rendered":"","protected":false},"excerpt":{"rendered":"","protected":false},"author":9,"featured_media":0,"parent":473,"menu_order":0,"comment_status":"closed","ping_status":"closed","template":"templates\/modular.php","meta":{"_acf_changed":false,"footnotes":""},"acf":[],"yoast_head":"<!-- This site is optimized with the Yoast SEO Premium plugin v24.4 (Yoast SEO v24.4) - https:\/\/yoast.com\/wordpress\/plugins\/seo\/ -->\n<title>Vitaminas e Suplementos - Biolab &amp; Co<\/title>\n<meta name=\"description\" content=\"O sistema urin\u00e1rio desempenha papel fundamental no funcionamento do corpo e na sa\u00fade f\u00edsica geral e emocional das pessoas. Conhe\u00e7a.\" \/>\n<meta name=\"robots\" content=\"index, follow, max-snippet:-1, max-image-preview:large, max-video-preview:-1\" \/>\n<link rel=\"canonical\" href=\"https:\/\/www.biolabeco.com.br\/en\/human-health-2\/urology-3\/\" \/>\n<meta property=\"og:locale\" content=\"en_US\" \/>\n<meta property=\"og:type\" content=\"article\" \/>\n<meta property=\"og:title\" content=\"Vitaminas e Suplementos\" \/>\n<meta property=\"og:description\" content=\"O sistema urin\u00e1rio desempenha papel fundamental no funcionamento do corpo e na sa\u00fade f\u00edsica geral e emocional das pessoas. Conhe\u00e7a.\" \/>\n<meta property=\"og:url\" content=\"https:\/\/www.biolabeco.com.br\/en\/human-health-2\/urology-3\/\" \/>\n<meta property=\"og:site_name\" content=\"Biolab &amp; Co\" \/>\n<meta name=\"twitter:card\" content=\"summary_large_image\" \/>\n<script type=\"application\/ld+json\" class=\"yoast-schema-graph\">{\"@context\":\"https:\/\/schema.org\",\"@graph\":[{\"@type\":\"WebPage\",\"@id\":\"https:\/\/www.biolabeco.com.br\/saude-humana\/vitaminas-e-suplementos\/\",\"url\":\"https:\/\/www.biolabeco.com.br\/saude-humana\/vitaminas-e-suplementos\/\",\"name\":\"Vitaminas e Suplementos - Biolab &amp; Co\",\"isPartOf\":{\"@id\":\"https:\/\/www.biolabeco.com.br\/#website\"},\"datePublished\":\"2025-03-20T17:52:18+00:00\",\"description\":\"O sistema urin\u00e1rio desempenha papel fundamental no funcionamento do corpo e na sa\u00fade f\u00edsica geral e emocional das pessoas. Conhe\u00e7a.\",\"breadcrumb\":{\"@id\":\"https:\/\/www.biolabeco.com.br\/saude-humana\/vitaminas-e-suplementos\/#breadcrumb\"},\"inLanguage\":\"en-US\",\"potentialAction\":[{\"@type\":\"ReadAction\",\"target\":[\"https:\/\/www.biolabeco.com.br\/saude-humana\/vitaminas-e-suplementos\/\"]}]},{\"@type\":\"BreadcrumbList\",\"@id\":\"https:\/\/www.biolabeco.com.br\/saude-humana\/vitaminas-e-suplementos\/#breadcrumb\",\"itemListElement\":[{\"@type\":\"ListItem\",\"position\":1,\"name\":\"Home\",\"item\":\"https:\/\/www.biolabeco.com.br\/\"},{\"@type\":\"ListItem\",\"position\":2,\"name\":\"Sa\u00fade Humana\",\"item\":\"https:\/\/www.biolabeco.com.br\/saude-humana\/\"},{\"@type\":\"ListItem\",\"position\":3,\"name\":\"Vitaminas e Suplementos\"}]},{\"@type\":\"WebSite\",\"@id\":\"https:\/\/www.biolabeco.com.br\/#website\",\"url\":\"https:\/\/www.biolabeco.com.br\/\",\"name\":\"Biolab\",\"description\":\"Na Biolab &amp; Co, ci\u00eancia e cuidado caminham juntos. Saiba como promovemos sa\u00fade com responsabilidade socioambiental e tecnologia.\",\"potentialAction\":[{\"@type\":\"SearchAction\",\"target\":{\"@type\":\"EntryPoint\",\"urlTemplate\":\"https:\/\/www.biolabeco.com.br\/?s={search_term_string}\"},\"query-input\":{\"@type\":\"PropertyValueSpecification\",\"valueRequired\":true,\"valueName\":\"search_term_string\"}}],\"inLanguage\":\"en-US\"}]}<\/script>\n<!-- \/ Yoast SEO Premium plugin. -->","yoast_head_json":{"title":"Vitamins and Supplements - Biolab &amp; Co","description":"The urinary system plays a fundamental role in the functioning of the body and in people's general physical and emotional health. Find out more.","robots":{"index":"index","follow":"follow","max-snippet":"max-snippet:-1","max-image-preview":"max-image-preview:large","max-video-preview":"max-video-preview:-1"},"canonical":"https:\/\/www.biolabeco.com.br\/en\/human-health-2\/urology-3\/","og_locale":"en_US","og_type":"article","og_title":"Vitaminas e Suplementos","og_description":"O sistema urin\u00e1rio desempenha papel fundamental no funcionamento do corpo e na sa\u00fade f\u00edsica geral e emocional das pessoas. Conhe\u00e7a.","og_url":"https:\/\/www.biolabeco.com.br\/en\/human-health-2\/urology-3\/","og_site_name":"Biolab &amp; Co","twitter_card":"summary_large_image","schema":{"@context":"https:\/\/schema.org","@graph":[{"@type":"WebPage","@id":"https:\/\/www.biolabeco.com.br\/saude-humana\/vitaminas-e-suplementos\/","url":"https:\/\/www.biolabeco.com.br\/saude-humana\/vitaminas-e-suplementos\/","name":"Vitamins and Supplements - Biolab &amp; Co","isPartOf":{"@id":"https:\/\/www.biolabeco.com.br\/#website"},"datePublished":"2025-03-20T17:52:18+00:00","description":"The urinary system plays a fundamental role in the functioning of the body and in people's general physical and emotional health. Find out more.","breadcrumb":{"@id":"https:\/\/www.biolabeco.com.br\/saude-humana\/vitaminas-e-suplementos\/#breadcrumb"},"inLanguage":"en-US","potentialAction":[{"@type":"ReadAction","target":["https:\/\/www.biolabeco.com.br\/saude-humana\/vitaminas-e-suplementos\/"]}]},{"@type":"BreadcrumbList","@id":"https:\/\/www.biolabeco.com.br\/saude-humana\/vitaminas-e-suplementos\/#breadcrumb","itemListElement":[{"@type":"ListItem","position":1,"name":"Home","item":"https:\/\/www.biolabeco.com.br\/"},{"@type":"ListItem","position":2,"name":"Sa\u00fade Humana","item":"https:\/\/www.biolabeco.com.br\/saude-humana\/"},{"@type":"ListItem","position":3,"name":"Vitaminas e Suplementos"}]},{"@type":"WebSite","@id":"https:\/\/www.biolabeco.com.br\/#website","url":"https:\/\/www.biolabeco.com.br\/","name":"Biolab","description":"At Biolab &amp; Co, science and care go hand in hand. Find out how we promote health with social and environmental responsibility and technology.","potentialAction":[{"@type":"SearchAction","target":{"@type":"EntryPoint","urlTemplate":"https:\/\/www.biolabeco.com.br\/?s={search_term_string}"},"query-input":{"@type":"PropertyValueSpecification","valueRequired":true,"valueName":"search_term_string"}}],"inLanguage":"en-US"}]}},"_links":{"self":[{"href":"https:\/\/www.biolabeco.com.br\/en\/wp-json\/wp\/v2\/pages\/10887"}],"collection":[{"href":"https:\/\/www.biolabeco.com.br\/en\/wp-json\/wp\/v2\/pages"}],"about":[{"href":"https:\/\/www.biolabeco.com.br\/en\/wp-json\/wp\/v2\/types\/page"}],"author":[{"embeddable":true,"href":"https:\/\/www.biolabeco.com.br\/en\/wp-json\/wp\/v2\/users\/9"}],"replies":[{"embeddable":true,"href":"https:\/\/www.biolabeco.com.br\/en\/wp-json\/wp\/v2\/comments?post=10887"}],"version-history":[{"count":1,"href":"https:\/\/www.biolabeco.com.br\/en\/wp-json\/wp\/v2\/pages\/10887\/revisions"}],"predecessor-version":[{"id":11247,"href":"https:\/\/www.biolabeco.com.br\/en\/wp-json\/wp\/v2\/pages\/10887\/revisions\/11247"}],"up":[{"embeddable":true,"href":"https:\/\/www.biolabeco.com.br\/en\/wp-json\/wp\/v2\/pages\/473"}],"wp:attachment":[{"href":"https:\/\/www.biolabeco.com.br\/en\/wp-json\/wp\/v2\/media?parent=10887"}],"curies":[{"name":"wp","href":"https:\/\/api.w.org\/{rel}","templated":true}]}}