{"id":13284,"date":"2025-09-19T08:48:19","date_gmt":"2025-09-19T11:48:19","guid":{"rendered":"https:\/\/www.biolabfarma.com.br\/?page_id=13284"},"modified":"2025-12-08T15:21:05","modified_gmt":"2025-12-08T18:21:05","slug":"press-3","status":"publish","type":"page","link":"https:\/\/www.biolabeco.com.br\/en\/sobre-a-biolab\/acessibilidade\/","title":{"rendered":"Accessibility"},"content":{"rendered":"","protected":false},"excerpt":{"rendered":"","protected":false},"author":16,"featured_media":0,"parent":2449,"menu_order":1,"comment_status":"closed","ping_status":"closed","template":"templates\/modular.php","meta":{"_acf_changed":false,"footnotes":""},"acf":[],"yoast_head":"<!-- This site is optimized with the Yoast SEO Premium plugin v24.4 (Yoast SEO v24.4) - https:\/\/yoast.com\/wordpress\/plugins\/seo\/ -->\n<title>Acessibilidade - Biolab &amp; Co Farmac\u00eautica<\/title>\n<meta name=\"description\" content=\"Biolab amplia acessibilidade digital e oferece navega\u00e7\u00e3o personalizada a pessoas com defici\u00eancia ou limita\u00e7\u00f5es, garantindo inclus\u00e3o\" \/>\n<meta name=\"robots\" content=\"index, follow, max-snippet:-1, max-image-preview:large, max-video-preview:-1\" \/>\n<link rel=\"canonical\" href=\"https:\/\/www.biolabeco.com.br\/en\/about-biolab\/press-3\/\" \/>\n<meta property=\"og:locale\" content=\"en_US\" \/>\n<meta property=\"og:type\" content=\"article\" \/>\n<meta property=\"og:title\" content=\"Acessibilidade\" \/>\n<meta property=\"og:description\" content=\"Biolab amplia acessibilidade digital e oferece navega\u00e7\u00e3o personalizada a pessoas com defici\u00eancia ou limita\u00e7\u00f5es, garantindo inclus\u00e3o\" \/>\n<meta property=\"og:url\" content=\"https:\/\/www.biolabeco.com.br\/en\/about-biolab\/press-3\/\" \/>\n<meta property=\"og:site_name\" content=\"Biolab &amp; Co\" \/>\n<meta property=\"article:modified_time\" content=\"2025-12-08T18:21:05+00:00\" \/>\n<meta name=\"twitter:card\" content=\"summary_large_image\" \/>\n<script type=\"application\/ld+json\" class=\"yoast-schema-graph\">{\"@context\":\"https:\/\/schema.org\",\"@graph\":[{\"@type\":\"WebPage\",\"@id\":\"https:\/\/www.biolabeco.com.br\/en\/about-biolab\/press-3\/\",\"url\":\"https:\/\/www.biolabeco.com.br\/en\/about-biolab\/press-3\/\",\"name\":\"Acessibilidade - Biolab &amp; Co Farmac\u00eautica\",\"isPartOf\":{\"@id\":\"https:\/\/www.biolabeco.com.br\/#website\"},\"datePublished\":\"2025-09-19T11:48:19+00:00\",\"dateModified\":\"2025-12-08T18:21:05+00:00\",\"description\":\"Biolab amplia acessibilidade digital e oferece navega\u00e7\u00e3o personalizada a pessoas com defici\u00eancia ou limita\u00e7\u00f5es, garantindo inclus\u00e3o\",\"breadcrumb\":{\"@id\":\"https:\/\/www.biolabeco.com.br\/en\/about-biolab\/press-3\/#breadcrumb\"},\"inLanguage\":\"en-US\",\"potentialAction\":[{\"@type\":\"ReadAction\",\"target\":[\"https:\/\/www.biolabeco.com.br\/en\/about-biolab\/press-3\/\"]}]},{\"@type\":\"BreadcrumbList\",\"@id\":\"https:\/\/www.biolabeco.com.br\/en\/about-biolab\/press-3\/#breadcrumb\",\"itemListElement\":[{\"@type\":\"ListItem\",\"position\":1,\"name\":\"Home\",\"item\":\"https:\/\/www.biolabeco.com.br\/\"},{\"@type\":\"ListItem\",\"position\":2,\"name\":\"Sobre a Biolab &amp; Co.\",\"item\":\"https:\/\/www.biolabeco.com.br\/sobre-a-biolab\/\"},{\"@type\":\"ListItem\",\"position\":3,\"name\":\"Acessibilidade\"}]},{\"@type\":\"WebSite\",\"@id\":\"https:\/\/www.biolabeco.com.br\/#website\",\"url\":\"https:\/\/www.biolabeco.com.br\/\",\"name\":\"Biolab\",\"description\":\"Na Biolab &amp; Co, ci\u00eancia e cuidado caminham juntos. Saiba como promovemos sa\u00fade com responsabilidade socioambiental e tecnologia.\",\"potentialAction\":[{\"@type\":\"SearchAction\",\"target\":{\"@type\":\"EntryPoint\",\"urlTemplate\":\"https:\/\/www.biolabeco.com.br\/?s={search_term_string}\"},\"query-input\":{\"@type\":\"PropertyValueSpecification\",\"valueRequired\":true,\"valueName\":\"search_term_string\"}}],\"inLanguage\":\"en-US\"}]}<\/script>\n<!-- \/ Yoast SEO Premium plugin. -->","yoast_head_json":{"title":"Accessibility - Biolab &amp; Co Farmac\u00eautica","description":"Biolab expands digital accessibility and offers personalized navigation to people with disabilities or limitations, ensuring inclusion","robots":{"index":"index","follow":"follow","max-snippet":"max-snippet:-1","max-image-preview":"max-image-preview:large","max-video-preview":"max-video-preview:-1"},"canonical":"https:\/\/www.biolabeco.com.br\/en\/about-biolab\/press-3\/","og_locale":"en_US","og_type":"article","og_title":"Acessibilidade","og_description":"Biolab amplia acessibilidade digital e oferece navega\u00e7\u00e3o personalizada a pessoas com defici\u00eancia ou limita\u00e7\u00f5es, garantindo inclus\u00e3o","og_url":"https:\/\/www.biolabeco.com.br\/en\/about-biolab\/press-3\/","og_site_name":"Biolab &amp; Co","article_modified_time":"2025-12-08T18:21:05+00:00","twitter_card":"summary_large_image","schema":{"@context":"https:\/\/schema.org","@graph":[{"@type":"WebPage","@id":"https:\/\/www.biolabeco.com.br\/en\/about-biolab\/press-3\/","url":"https:\/\/www.biolabeco.com.br\/en\/about-biolab\/press-3\/","name":"Accessibility - Biolab &amp; Co Farmac\u00eautica","isPartOf":{"@id":"https:\/\/www.biolabeco.com.br\/#website"},"datePublished":"2025-09-19T11:48:19+00:00","dateModified":"2025-12-08T18:21:05+00:00","description":"Biolab expands digital accessibility and offers personalized navigation to people with disabilities or limitations, ensuring inclusion","breadcrumb":{"@id":"https:\/\/www.biolabeco.com.br\/en\/about-biolab\/press-3\/#breadcrumb"},"inLanguage":"en-US","potentialAction":[{"@type":"ReadAction","target":["https:\/\/www.biolabeco.com.br\/en\/about-biolab\/press-3\/"]}]},{"@type":"BreadcrumbList","@id":"https:\/\/www.biolabeco.com.br\/en\/about-biolab\/press-3\/#breadcrumb","itemListElement":[{"@type":"ListItem","position":1,"name":"Home","item":"https:\/\/www.biolabeco.com.br\/"},{"@type":"ListItem","position":2,"name":"Sobre a Biolab &amp; Co.","item":"https:\/\/www.biolabeco.com.br\/sobre-a-biolab\/"},{"@type":"ListItem","position":3,"name":"Acessibilidade"}]},{"@type":"WebSite","@id":"https:\/\/www.biolabeco.com.br\/#website","url":"https:\/\/www.biolabeco.com.br\/","name":"Biolab","description":"At Biolab &amp; Co, science and care go hand in hand. Find out how we promote health with social and environmental responsibility and technology.","potentialAction":[{"@type":"SearchAction","target":{"@type":"EntryPoint","urlTemplate":"https:\/\/www.biolabeco.com.br\/?s={search_term_string}"},"query-input":{"@type":"PropertyValueSpecification","valueRequired":true,"valueName":"search_term_string"}}],"inLanguage":"en-US"}]}},"_links":{"self":[{"href":"https:\/\/www.biolabeco.com.br\/en\/wp-json\/wp\/v2\/pages\/13284"}],"collection":[{"href":"https:\/\/www.biolabeco.com.br\/en\/wp-json\/wp\/v2\/pages"}],"about":[{"href":"https:\/\/www.biolabeco.com.br\/en\/wp-json\/wp\/v2\/types\/page"}],"author":[{"embeddable":true,"href":"https:\/\/www.biolabeco.com.br\/en\/wp-json\/wp\/v2\/users\/16"}],"replies":[{"embeddable":true,"href":"https:\/\/www.biolabeco.com.br\/en\/wp-json\/wp\/v2\/comments?post=13284"}],"version-history":[{"count":11,"href":"https:\/\/www.biolabeco.com.br\/en\/wp-json\/wp\/v2\/pages\/13284\/revisions"}],"predecessor-version":[{"id":13303,"href":"https:\/\/www.biolabeco.com.br\/en\/wp-json\/wp\/v2\/pages\/13284\/revisions\/13303"}],"up":[{"embeddable":true,"href":"https:\/\/www.biolabeco.com.br\/en\/wp-json\/wp\/v2\/pages\/2449"}],"wp:attachment":[{"href":"https:\/\/www.biolabeco.com.br\/en\/wp-json\/wp\/v2\/media?parent=13284"}],"curies":[{"name":"wp","href":"https:\/\/api.w.org\/{rel}","templated":true}]}}