{"id":4439,"date":"2024-06-08T12:57:51","date_gmt":"2024-06-08T15:57:51","guid":{"rendered":"https:\/\/www.biolabfarma.com.br\/?page_id=4439"},"modified":"2024-07-04T15:35:09","modified_gmt":"2024-07-04T18:35:09","slug":"privacy-policy","status":"publish","type":"page","link":"https:\/\/www.biolabeco.com.br\/en\/politica-de-privacidade\/","title":{"rendered":"Privacy Policy"},"content":{"rendered":"","protected":false},"excerpt":{"rendered":"","protected":false},"author":2,"featured_media":0,"parent":0,"menu_order":0,"comment_status":"closed","ping_status":"closed","template":"templates\/modular.php","meta":{"_acf_changed":false,"footnotes":""},"acf":[],"yoast_head":"<!-- This site is optimized with the Yoast SEO Premium plugin v24.4 (Yoast SEO v24.4) - https:\/\/yoast.com\/wordpress\/plugins\/seo\/ -->\n<title>Pol\u00edtica de Privacidade - Biolab &amp; Co<\/title>\n<meta name=\"description\" content=\"A Pol\u00edtica de Privacidade da Biolab foi criada para demonstrar de forma transparente como s\u00e3o tratadas as informa\u00e7\u00f5es pessoais dos visitantes e usu\u00e1rios que trafegam em nossos websites ou que utilizam nossos canais de comunica\u00e7\u00e3o dispon\u00edveis neles, tais como SAC e Fale Conosco.\" \/>\n<meta name=\"robots\" content=\"index, follow, max-snippet:-1, max-image-preview:large, max-video-preview:-1\" \/>\n<link rel=\"canonical\" href=\"https:\/\/www.biolabeco.com.br\/en\/privacy-policy\/\" \/>\n<meta property=\"og:locale\" content=\"en_US\" \/>\n<meta property=\"og:type\" content=\"article\" \/>\n<meta property=\"og:title\" content=\"Pol\u00edtica de Privacidade\" \/>\n<meta property=\"og:description\" content=\"A Pol\u00edtica de Privacidade da Biolab foi criada para demonstrar de forma transparente como s\u00e3o tratadas as informa\u00e7\u00f5es pessoais dos visitantes e usu\u00e1rios que trafegam em nossos websites ou que utilizam nossos canais de comunica\u00e7\u00e3o dispon\u00edveis neles, tais como SAC e Fale Conosco.\" \/>\n<meta property=\"og:url\" content=\"https:\/\/www.biolabeco.com.br\/en\/privacy-policy\/\" \/>\n<meta property=\"og:site_name\" content=\"Biolab &amp; Co\" \/>\n<meta property=\"article:modified_time\" content=\"2024-07-04T18:35:09+00:00\" \/>\n<meta name=\"twitter:card\" content=\"summary_large_image\" \/>\n<script type=\"application\/ld+json\" class=\"yoast-schema-graph\">{\"@context\":\"https:\/\/schema.org\",\"@graph\":[{\"@type\":\"WebPage\",\"@id\":\"https:\/\/www.biolabeco.com.br\/politica-de-privacidade\/\",\"url\":\"https:\/\/www.biolabeco.com.br\/politica-de-privacidade\/\",\"name\":\"Pol\u00edtica de Privacidade - Biolab &amp; Co\",\"isPartOf\":{\"@id\":\"https:\/\/www.biolabeco.com.br\/#website\"},\"datePublished\":\"2024-06-08T15:57:51+00:00\",\"dateModified\":\"2024-07-04T18:35:09+00:00\",\"description\":\"A Pol\u00edtica de Privacidade da Biolab foi criada para demonstrar de forma transparente como s\u00e3o tratadas as informa\u00e7\u00f5es pessoais dos visitantes e usu\u00e1rios que trafegam em nossos websites ou que utilizam nossos canais de comunica\u00e7\u00e3o dispon\u00edveis neles, tais como SAC e Fale Conosco.\",\"breadcrumb\":{\"@id\":\"https:\/\/www.biolabeco.com.br\/politica-de-privacidade\/#breadcrumb\"},\"inLanguage\":\"en-US\",\"potentialAction\":[{\"@type\":\"ReadAction\",\"target\":[\"https:\/\/www.biolabeco.com.br\/politica-de-privacidade\/\"]}]},{\"@type\":\"BreadcrumbList\",\"@id\":\"https:\/\/www.biolabeco.com.br\/politica-de-privacidade\/#breadcrumb\",\"itemListElement\":[{\"@type\":\"ListItem\",\"position\":1,\"name\":\"Home\",\"item\":\"https:\/\/www.biolabeco.com.br\/\"},{\"@type\":\"ListItem\",\"position\":2,\"name\":\"Pol\u00edtica de Privacidade\"}]},{\"@type\":\"WebSite\",\"@id\":\"https:\/\/www.biolabeco.com.br\/#website\",\"url\":\"https:\/\/www.biolabeco.com.br\/\",\"name\":\"Biolab\",\"description\":\"Na Biolab &amp; Co, ci\u00eancia e cuidado caminham juntos. Saiba como promovemos sa\u00fade com responsabilidade socioambiental e tecnologia.\",\"potentialAction\":[{\"@type\":\"SearchAction\",\"target\":{\"@type\":\"EntryPoint\",\"urlTemplate\":\"https:\/\/www.biolabeco.com.br\/?s={search_term_string}\"},\"query-input\":{\"@type\":\"PropertyValueSpecification\",\"valueRequired\":true,\"valueName\":\"search_term_string\"}}],\"inLanguage\":\"en-US\"}]}<\/script>\n<!-- \/ Yoast SEO Premium plugin. -->","yoast_head_json":{"title":"Privacy Policy - Biolab &amp; Co","description":"Biolab's Privacy Policy was created to transparently demonstrate how the personal information of visitors and users who visit our websites or use our communication channels, such as Customer Service and Contact Us, is handled.","robots":{"index":"index","follow":"follow","max-snippet":"max-snippet:-1","max-image-preview":"max-image-preview:large","max-video-preview":"max-video-preview:-1"},"canonical":"https:\/\/www.biolabeco.com.br\/en\/privacy-policy\/","og_locale":"en_US","og_type":"article","og_title":"Pol\u00edtica de Privacidade","og_description":"A Pol\u00edtica de Privacidade da Biolab foi criada para demonstrar de forma transparente como s\u00e3o tratadas as informa\u00e7\u00f5es pessoais dos visitantes e usu\u00e1rios que trafegam em nossos websites ou que utilizam nossos canais de comunica\u00e7\u00e3o dispon\u00edveis neles, tais como SAC e Fale Conosco.","og_url":"https:\/\/www.biolabeco.com.br\/en\/privacy-policy\/","og_site_name":"Biolab &amp; Co","article_modified_time":"2024-07-04T18:35:09+00:00","twitter_card":"summary_large_image","schema":{"@context":"https:\/\/schema.org","@graph":[{"@type":"WebPage","@id":"https:\/\/www.biolabeco.com.br\/politica-de-privacidade\/","url":"https:\/\/www.biolabeco.com.br\/politica-de-privacidade\/","name":"Privacy Policy - Biolab &amp; Co","isPartOf":{"@id":"https:\/\/www.biolabeco.com.br\/#website"},"datePublished":"2024-06-08T15:57:51+00:00","dateModified":"2024-07-04T18:35:09+00:00","description":"Biolab's Privacy Policy was created to transparently demonstrate how the personal information of visitors and users who visit our websites or use our communication channels, such as Customer Service and Contact Us, is handled.","breadcrumb":{"@id":"https:\/\/www.biolabeco.com.br\/politica-de-privacidade\/#breadcrumb"},"inLanguage":"en-US","potentialAction":[{"@type":"ReadAction","target":["https:\/\/www.biolabeco.com.br\/politica-de-privacidade\/"]}]},{"@type":"BreadcrumbList","@id":"https:\/\/www.biolabeco.com.br\/politica-de-privacidade\/#breadcrumb","itemListElement":[{"@type":"ListItem","position":1,"name":"Home","item":"https:\/\/www.biolabeco.com.br\/"},{"@type":"ListItem","position":2,"name":"Pol\u00edtica de Privacidade"}]},{"@type":"WebSite","@id":"https:\/\/www.biolabeco.com.br\/#website","url":"https:\/\/www.biolabeco.com.br\/","name":"Biolab","description":"At Biolab &amp; Co, science and care go hand in hand. Find out how we promote health with social and environmental responsibility and technology.","potentialAction":[{"@type":"SearchAction","target":{"@type":"EntryPoint","urlTemplate":"https:\/\/www.biolabeco.com.br\/?s={search_term_string}"},"query-input":{"@type":"PropertyValueSpecification","valueRequired":true,"valueName":"search_term_string"}}],"inLanguage":"en-US"}]}},"_links":{"self":[{"href":"https:\/\/www.biolabeco.com.br\/en\/wp-json\/wp\/v2\/pages\/4439"}],"collection":[{"href":"https:\/\/www.biolabeco.com.br\/en\/wp-json\/wp\/v2\/pages"}],"about":[{"href":"https:\/\/www.biolabeco.com.br\/en\/wp-json\/wp\/v2\/types\/page"}],"author":[{"embeddable":true,"href":"https:\/\/www.biolabeco.com.br\/en\/wp-json\/wp\/v2\/users\/2"}],"replies":[{"embeddable":true,"href":"https:\/\/www.biolabeco.com.br\/en\/wp-json\/wp\/v2\/comments?post=4439"}],"version-history":[{"count":2,"href":"https:\/\/www.biolabeco.com.br\/en\/wp-json\/wp\/v2\/pages\/4439\/revisions"}],"predecessor-version":[{"id":6286,"href":"https:\/\/www.biolabeco.com.br\/en\/wp-json\/wp\/v2\/pages\/4439\/revisions\/6286"}],"wp:attachment":[{"href":"https:\/\/www.biolabeco.com.br\/en\/wp-json\/wp\/v2\/media?parent=4439"}],"curies":[{"name":"wp","href":"https:\/\/api.w.org\/{rel}","templated":true}]}}