{"id":468,"date":"2024-05-27T13:22:19","date_gmt":"2024-05-27T16:22:19","guid":{"rendered":"http:\/\/biolab.local\/?page_id=468"},"modified":"2026-03-12T11:59:50","modified_gmt":"2026-03-12T14:59:50","slug":"compliance-and-ombudsman","status":"publish","type":"page","link":"https:\/\/www.biolabeco.com.br\/en\/compliance-e-ouvidoria\/","title":{"rendered":"Compliance and Ombudsman"},"content":{"rendered":"","protected":false},"excerpt":{"rendered":"","protected":false},"author":2,"featured_media":0,"parent":0,"menu_order":0,"comment_status":"closed","ping_status":"closed","template":"templates\/modular.php","meta":{"_acf_changed":false,"footnotes":""},"acf":[],"yoast_head":"<!-- This site is optimized with the Yoast SEO Premium plugin v24.4 (Yoast SEO v24.4) - https:\/\/yoast.com\/wordpress\/plugins\/seo\/ -->\n<title>Compliance e Ouvidoria - Biolab &amp; Co<\/title>\n<meta name=\"description\" content=\"Para a Biolab, \u00e9tica, integridade e transpar\u00eancia, s\u00e3o fundamentais. Conhe\u00e7a mais sobre a Ouvidoria e Compliance Biolab.\" \/>\n<meta name=\"robots\" content=\"index, follow, max-snippet:-1, max-image-preview:large, max-video-preview:-1\" \/>\n<link rel=\"canonical\" href=\"https:\/\/www.biolabeco.com.br\/en\/compliance-and-ombudsman\/\" \/>\n<meta property=\"og:locale\" content=\"en_US\" \/>\n<meta property=\"og:type\" content=\"article\" \/>\n<meta property=\"og:title\" content=\"Compliance e Ouvidoria\" \/>\n<meta property=\"og:description\" content=\"Para a Biolab, \u00e9tica, integridade e transpar\u00eancia, s\u00e3o fundamentais. Conhe\u00e7a mais sobre a Ouvidoria e Compliance Biolab.\" \/>\n<meta property=\"og:url\" content=\"https:\/\/www.biolabeco.com.br\/en\/compliance-and-ombudsman\/\" \/>\n<meta property=\"og:site_name\" content=\"Biolab &amp; Co\" \/>\n<meta property=\"article:modified_time\" content=\"2026-03-12T14:59:50+00:00\" \/>\n<meta name=\"twitter:card\" content=\"summary_large_image\" \/>\n<script type=\"application\/ld+json\" class=\"yoast-schema-graph\">{\"@context\":\"https:\/\/schema.org\",\"@graph\":[{\"@type\":\"WebPage\",\"@id\":\"https:\/\/www.biolabeco.com.br\/compliance-e-ouvidoria\/\",\"url\":\"https:\/\/www.biolabeco.com.br\/compliance-e-ouvidoria\/\",\"name\":\"Compliance e Ouvidoria - Biolab &amp; Co\",\"isPartOf\":{\"@id\":\"https:\/\/www.biolabeco.com.br\/#website\"},\"datePublished\":\"2024-05-27T16:22:19+00:00\",\"dateModified\":\"2026-03-12T14:59:50+00:00\",\"description\":\"Para a Biolab, \u00e9tica, integridade e transpar\u00eancia, s\u00e3o fundamentais. Conhe\u00e7a mais sobre a Ouvidoria e Compliance Biolab.\",\"breadcrumb\":{\"@id\":\"https:\/\/www.biolabeco.com.br\/compliance-e-ouvidoria\/#breadcrumb\"},\"inLanguage\":\"en-US\",\"potentialAction\":[{\"@type\":\"ReadAction\",\"target\":[\"https:\/\/www.biolabeco.com.br\/compliance-e-ouvidoria\/\"]}]},{\"@type\":\"BreadcrumbList\",\"@id\":\"https:\/\/www.biolabeco.com.br\/compliance-e-ouvidoria\/#breadcrumb\",\"itemListElement\":[{\"@type\":\"ListItem\",\"position\":1,\"name\":\"Home\",\"item\":\"https:\/\/www.biolabeco.com.br\/\"},{\"@type\":\"ListItem\",\"position\":2,\"name\":\"Compliance e Ouvidoria\"}]},{\"@type\":\"WebSite\",\"@id\":\"https:\/\/www.biolabeco.com.br\/#website\",\"url\":\"https:\/\/www.biolabeco.com.br\/\",\"name\":\"Biolab\",\"description\":\"Na Biolab &amp; Co, ci\u00eancia e cuidado caminham juntos. Saiba como promovemos sa\u00fade com responsabilidade socioambiental e tecnologia.\",\"potentialAction\":[{\"@type\":\"SearchAction\",\"target\":{\"@type\":\"EntryPoint\",\"urlTemplate\":\"https:\/\/www.biolabeco.com.br\/?s={search_term_string}\"},\"query-input\":{\"@type\":\"PropertyValueSpecification\",\"valueRequired\":true,\"valueName\":\"search_term_string\"}}],\"inLanguage\":\"en-US\"}]}<\/script>\n<!-- \/ Yoast SEO Premium plugin. -->","yoast_head_json":{"title":"Compliance and Ombudsman - Biolab &amp; Co","description":"For Biolab, ethics, integrity and transparency are fundamental. Find out more about the Biolab Ombudsman and Compliance.","robots":{"index":"index","follow":"follow","max-snippet":"max-snippet:-1","max-image-preview":"max-image-preview:large","max-video-preview":"max-video-preview:-1"},"canonical":"https:\/\/www.biolabeco.com.br\/en\/compliance-and-ombudsman\/","og_locale":"en_US","og_type":"article","og_title":"Compliance e Ouvidoria","og_description":"Para a Biolab, \u00e9tica, integridade e transpar\u00eancia, s\u00e3o fundamentais. Conhe\u00e7a mais sobre a Ouvidoria e Compliance Biolab.","og_url":"https:\/\/www.biolabeco.com.br\/en\/compliance-and-ombudsman\/","og_site_name":"Biolab &amp; Co","article_modified_time":"2026-03-12T14:59:50+00:00","twitter_card":"summary_large_image","schema":{"@context":"https:\/\/schema.org","@graph":[{"@type":"WebPage","@id":"https:\/\/www.biolabeco.com.br\/compliance-e-ouvidoria\/","url":"https:\/\/www.biolabeco.com.br\/compliance-e-ouvidoria\/","name":"Compliance and Ombudsman - Biolab &amp; Co","isPartOf":{"@id":"https:\/\/www.biolabeco.com.br\/#website"},"datePublished":"2024-05-27T16:22:19+00:00","dateModified":"2026-03-12T14:59:50+00:00","description":"For Biolab, ethics, integrity and transparency are fundamental. Find out more about the Biolab Ombudsman and Compliance.","breadcrumb":{"@id":"https:\/\/www.biolabeco.com.br\/compliance-e-ouvidoria\/#breadcrumb"},"inLanguage":"en-US","potentialAction":[{"@type":"ReadAction","target":["https:\/\/www.biolabeco.com.br\/compliance-e-ouvidoria\/"]}]},{"@type":"BreadcrumbList","@id":"https:\/\/www.biolabeco.com.br\/compliance-e-ouvidoria\/#breadcrumb","itemListElement":[{"@type":"ListItem","position":1,"name":"Home","item":"https:\/\/www.biolabeco.com.br\/"},{"@type":"ListItem","position":2,"name":"Compliance e Ouvidoria"}]},{"@type":"WebSite","@id":"https:\/\/www.biolabeco.com.br\/#website","url":"https:\/\/www.biolabeco.com.br\/","name":"Biolab","description":"At Biolab &amp; Co, science and care go hand in hand. Find out how we promote health with social and environmental responsibility and technology.","potentialAction":[{"@type":"SearchAction","target":{"@type":"EntryPoint","urlTemplate":"https:\/\/www.biolabeco.com.br\/?s={search_term_string}"},"query-input":{"@type":"PropertyValueSpecification","valueRequired":true,"valueName":"search_term_string"}}],"inLanguage":"en-US"}]}},"_links":{"self":[{"href":"https:\/\/www.biolabeco.com.br\/en\/wp-json\/wp\/v2\/pages\/468"}],"collection":[{"href":"https:\/\/www.biolabeco.com.br\/en\/wp-json\/wp\/v2\/pages"}],"about":[{"href":"https:\/\/www.biolabeco.com.br\/en\/wp-json\/wp\/v2\/types\/page"}],"author":[{"embeddable":true,"href":"https:\/\/www.biolabeco.com.br\/en\/wp-json\/wp\/v2\/users\/2"}],"replies":[{"embeddable":true,"href":"https:\/\/www.biolabeco.com.br\/en\/wp-json\/wp\/v2\/comments?post=468"}],"version-history":[{"count":5,"href":"https:\/\/www.biolabeco.com.br\/en\/wp-json\/wp\/v2\/pages\/468\/revisions"}],"predecessor-version":[{"id":16278,"href":"https:\/\/www.biolabeco.com.br\/en\/wp-json\/wp\/v2\/pages\/468\/revisions\/16278"}],"wp:attachment":[{"href":"https:\/\/www.biolabeco.com.br\/en\/wp-json\/wp\/v2\/media?parent=468"}],"curies":[{"name":"wp","href":"https:\/\/api.w.org\/{rel}","templated":true}]}}