{"id":477,"date":"2024-05-27T13:29:22","date_gmt":"2024-05-27T16:29:22","guid":{"rendered":"http:\/\/biolab.local\/?page_id=477"},"modified":"2025-03-20T09:23:49","modified_gmt":"2025-03-20T12:23:49","slug":"orthopedics","status":"publish","type":"page","link":"https:\/\/www.biolabeco.com.br\/en\/saude-humana\/mobilidade\/","title":{"rendered":"Mobility"},"content":{"rendered":"","protected":false},"excerpt":{"rendered":"","protected":false},"author":2,"featured_media":0,"parent":473,"menu_order":0,"comment_status":"closed","ping_status":"closed","template":"templates\/modular.php","meta":{"_acf_changed":false,"footnotes":""},"acf":[],"yoast_head":"<!-- This site is optimized with the Yoast SEO Premium plugin v24.4 (Yoast SEO v24.4) - https:\/\/yoast.com\/wordpress\/plugins\/seo\/ -->\n<title>Mobilidade - Biolab &amp; Co<\/title>\n<meta name=\"description\" content=\"A mobilidade \u00e9 essencial para uma vida longa e saud\u00e1vel. Por isso, oferecemos uma ampla variedade de produtos, desde analg\u00e9sicos e anti-inflamat\u00f3rios at\u00e9 tratamentos espec\u00edficos para doen\u00e7as osteomusculares, para atender a todas as necessidades dos pacientes nesse aspecto.\" \/>\n<meta name=\"robots\" content=\"index, follow, max-snippet:-1, max-image-preview:large, max-video-preview:-1\" \/>\n<link rel=\"canonical\" href=\"https:\/\/www.biolabeco.com.br\/en\/human-health-2\/orthopedics\/\" \/>\n<meta property=\"og:locale\" content=\"en_US\" \/>\n<meta property=\"og:type\" content=\"article\" \/>\n<meta property=\"og:title\" content=\"Mobilidade\" \/>\n<meta property=\"og:description\" content=\"A mobilidade \u00e9 essencial para uma vida longa e saud\u00e1vel. Por isso, oferecemos uma ampla variedade de produtos, desde analg\u00e9sicos e anti-inflamat\u00f3rios at\u00e9 tratamentos espec\u00edficos para doen\u00e7as osteomusculares, para atender a todas as necessidades dos pacientes nesse aspecto.\" \/>\n<meta property=\"og:url\" content=\"https:\/\/www.biolabeco.com.br\/en\/human-health-2\/orthopedics\/\" \/>\n<meta property=\"og:site_name\" content=\"Biolab &amp; Co\" \/>\n<meta property=\"article:modified_time\" content=\"2025-03-20T12:23:49+00:00\" \/>\n<meta name=\"twitter:card\" content=\"summary_large_image\" \/>\n<script type=\"application\/ld+json\" class=\"yoast-schema-graph\">{\"@context\":\"https:\/\/schema.org\",\"@graph\":[{\"@type\":\"WebPage\",\"@id\":\"https:\/\/www.biolabeco.com.br\/en\/human-health-2\/orthopedics\/\",\"url\":\"https:\/\/www.biolabeco.com.br\/en\/human-health-2\/orthopedics\/\",\"name\":\"Mobilidade - Biolab &amp; Co\",\"isPartOf\":{\"@id\":\"https:\/\/www.biolabeco.com.br\/#website\"},\"datePublished\":\"2024-05-27T16:29:22+00:00\",\"dateModified\":\"2025-03-20T12:23:49+00:00\",\"description\":\"A mobilidade \u00e9 essencial para uma vida longa e saud\u00e1vel. Por isso, oferecemos uma ampla variedade de produtos, desde analg\u00e9sicos e anti-inflamat\u00f3rios at\u00e9 tratamentos espec\u00edficos para doen\u00e7as osteomusculares, para atender a todas as necessidades dos pacientes nesse aspecto.\",\"breadcrumb\":{\"@id\":\"https:\/\/www.biolabeco.com.br\/en\/human-health-2\/orthopedics\/#breadcrumb\"},\"inLanguage\":\"en-US\",\"potentialAction\":[{\"@type\":\"ReadAction\",\"target\":[\"https:\/\/www.biolabeco.com.br\/en\/human-health-2\/orthopedics\/\"]}]},{\"@type\":\"BreadcrumbList\",\"@id\":\"https:\/\/www.biolabeco.com.br\/en\/human-health-2\/orthopedics\/#breadcrumb\",\"itemListElement\":[{\"@type\":\"ListItem\",\"position\":1,\"name\":\"Home\",\"item\":\"https:\/\/www.biolabeco.com.br\/\"},{\"@type\":\"ListItem\",\"position\":2,\"name\":\"Sa\u00fade Humana\",\"item\":\"https:\/\/www.biolabeco.com.br\/saude-humana\/\"},{\"@type\":\"ListItem\",\"position\":3,\"name\":\"Mobilidade\"}]},{\"@type\":\"WebSite\",\"@id\":\"https:\/\/www.biolabeco.com.br\/#website\",\"url\":\"https:\/\/www.biolabeco.com.br\/\",\"name\":\"Biolab\",\"description\":\"Na Biolab &amp; Co, ci\u00eancia e cuidado caminham juntos. Saiba como promovemos sa\u00fade com responsabilidade socioambiental e tecnologia.\",\"potentialAction\":[{\"@type\":\"SearchAction\",\"target\":{\"@type\":\"EntryPoint\",\"urlTemplate\":\"https:\/\/www.biolabeco.com.br\/?s={search_term_string}\"},\"query-input\":{\"@type\":\"PropertyValueSpecification\",\"valueRequired\":true,\"valueName\":\"search_term_string\"}}],\"inLanguage\":\"en-US\"}]}<\/script>\n<!-- \/ Yoast SEO Premium plugin. -->","yoast_head_json":{"title":"Mobility - Biolab &amp; Co","description":"Mobility is essential for a long and healthy life. That's why we offer a wide range of products, from painkillers and anti-inflammatories to specific treatments for musculoskeletal disorders, to meet all patients' needs in this regard.","robots":{"index":"index","follow":"follow","max-snippet":"max-snippet:-1","max-image-preview":"max-image-preview:large","max-video-preview":"max-video-preview:-1"},"canonical":"https:\/\/www.biolabeco.com.br\/en\/human-health-2\/orthopedics\/","og_locale":"en_US","og_type":"article","og_title":"Mobilidade","og_description":"A mobilidade \u00e9 essencial para uma vida longa e saud\u00e1vel. Por isso, oferecemos uma ampla variedade de produtos, desde analg\u00e9sicos e anti-inflamat\u00f3rios at\u00e9 tratamentos espec\u00edficos para doen\u00e7as osteomusculares, para atender a todas as necessidades dos pacientes nesse aspecto.","og_url":"https:\/\/www.biolabeco.com.br\/en\/human-health-2\/orthopedics\/","og_site_name":"Biolab &amp; Co","article_modified_time":"2025-03-20T12:23:49+00:00","twitter_card":"summary_large_image","schema":{"@context":"https:\/\/schema.org","@graph":[{"@type":"WebPage","@id":"https:\/\/www.biolabeco.com.br\/en\/human-health-2\/orthopedics\/","url":"https:\/\/www.biolabeco.com.br\/en\/human-health-2\/orthopedics\/","name":"Mobility - Biolab &amp; Co","isPartOf":{"@id":"https:\/\/www.biolabeco.com.br\/#website"},"datePublished":"2024-05-27T16:29:22+00:00","dateModified":"2025-03-20T12:23:49+00:00","description":"Mobility is essential for a long and healthy life. That's why we offer a wide range of products, from painkillers and anti-inflammatories to specific treatments for musculoskeletal disorders, to meet all patients' needs in this regard.","breadcrumb":{"@id":"https:\/\/www.biolabeco.com.br\/en\/human-health-2\/orthopedics\/#breadcrumb"},"inLanguage":"en-US","potentialAction":[{"@type":"ReadAction","target":["https:\/\/www.biolabeco.com.br\/en\/human-health-2\/orthopedics\/"]}]},{"@type":"BreadcrumbList","@id":"https:\/\/www.biolabeco.com.br\/en\/human-health-2\/orthopedics\/#breadcrumb","itemListElement":[{"@type":"ListItem","position":1,"name":"Home","item":"https:\/\/www.biolabeco.com.br\/"},{"@type":"ListItem","position":2,"name":"Sa\u00fade Humana","item":"https:\/\/www.biolabeco.com.br\/saude-humana\/"},{"@type":"ListItem","position":3,"name":"Mobilidade"}]},{"@type":"WebSite","@id":"https:\/\/www.biolabeco.com.br\/#website","url":"https:\/\/www.biolabeco.com.br\/","name":"Biolab","description":"At Biolab &amp; Co, science and care go hand in hand. Find out how we promote health with social and environmental responsibility and technology.","potentialAction":[{"@type":"SearchAction","target":{"@type":"EntryPoint","urlTemplate":"https:\/\/www.biolabeco.com.br\/?s={search_term_string}"},"query-input":{"@type":"PropertyValueSpecification","valueRequired":true,"valueName":"search_term_string"}}],"inLanguage":"en-US"}]}},"_links":{"self":[{"href":"https:\/\/www.biolabeco.com.br\/en\/wp-json\/wp\/v2\/pages\/477"}],"collection":[{"href":"https:\/\/www.biolabeco.com.br\/en\/wp-json\/wp\/v2\/pages"}],"about":[{"href":"https:\/\/www.biolabeco.com.br\/en\/wp-json\/wp\/v2\/types\/page"}],"author":[{"embeddable":true,"href":"https:\/\/www.biolabeco.com.br\/en\/wp-json\/wp\/v2\/users\/2"}],"replies":[{"embeddable":true,"href":"https:\/\/www.biolabeco.com.br\/en\/wp-json\/wp\/v2\/comments?post=477"}],"version-history":[{"count":6,"href":"https:\/\/www.biolabeco.com.br\/en\/wp-json\/wp\/v2\/pages\/477\/revisions"}],"predecessor-version":[{"id":5980,"href":"https:\/\/www.biolabeco.com.br\/en\/wp-json\/wp\/v2\/pages\/477\/revisions\/5980"}],"up":[{"embeddable":true,"href":"https:\/\/www.biolabeco.com.br\/en\/wp-json\/wp\/v2\/pages\/473"}],"wp:attachment":[{"href":"https:\/\/www.biolabeco.com.br\/en\/wp-json\/wp\/v2\/media?parent=477"}],"curies":[{"name":"wp","href":"https:\/\/api.w.org\/{rel}","templated":true}]}}