{"id":486,"date":"2024-05-27T13:34:11","date_gmt":"2024-05-27T16:34:11","guid":{"rendered":"http:\/\/biolab.local\/?page_id=486"},"modified":"2024-07-04T14:14:06","modified_gmt":"2024-07-04T17:14:06","slug":"pediatrics","status":"publish","type":"page","link":"https:\/\/www.biolabeco.com.br\/en\/saude-humana\/pediatria\/","title":{"rendered":"Pediatrics"},"content":{"rendered":"","protected":false},"excerpt":{"rendered":"","protected":false},"author":2,"featured_media":0,"parent":473,"menu_order":0,"comment_status":"closed","ping_status":"closed","template":"templates\/modular.php","meta":{"_acf_changed":false,"footnotes":""},"acf":[],"yoast_head":"<!-- This site is optimized with the Yoast SEO Premium plugin v24.4 (Yoast SEO v24.4) - https:\/\/yoast.com\/wordpress\/plugins\/seo\/ -->\n<title>Pediatria - Biolab &amp; Co<\/title>\n<meta name=\"description\" content=\"Na Biolab, sabemos que os cuidados com a sa\u00fade come\u00e7am desde cedo, j\u00e1 nos primeiros anos de vida. Por isso, oferecemos os melhores produtos para suprir, de forma precisa e eficaz, necessidades importantes que podem se manifestar na inf\u00e2ncia e precisam de aten\u00e7\u00e3o.\" \/>\n<meta name=\"robots\" content=\"index, follow, max-snippet:-1, max-image-preview:large, max-video-preview:-1\" \/>\n<link rel=\"canonical\" href=\"https:\/\/www.biolabeco.com.br\/en\/human-health-2\/pediatrics\/\" \/>\n<meta property=\"og:locale\" content=\"en_US\" \/>\n<meta property=\"og:type\" content=\"article\" \/>\n<meta property=\"og:title\" content=\"Pediatria\" \/>\n<meta property=\"og:description\" content=\"Na Biolab, sabemos que os cuidados com a sa\u00fade come\u00e7am desde cedo, j\u00e1 nos primeiros anos de vida. Por isso, oferecemos os melhores produtos para suprir, de forma precisa e eficaz, necessidades importantes que podem se manifestar na inf\u00e2ncia e precisam de aten\u00e7\u00e3o.\" \/>\n<meta property=\"og:url\" content=\"https:\/\/www.biolabeco.com.br\/en\/human-health-2\/pediatrics\/\" \/>\n<meta property=\"og:site_name\" content=\"Biolab &amp; Co\" \/>\n<meta property=\"article:modified_time\" content=\"2024-07-04T17:14:06+00:00\" \/>\n<meta name=\"twitter:card\" content=\"summary_large_image\" \/>\n<script type=\"application\/ld+json\" class=\"yoast-schema-graph\">{\"@context\":\"https:\/\/schema.org\",\"@graph\":[{\"@type\":\"WebPage\",\"@id\":\"https:\/\/www.biolabeco.com.br\/saude-humana\/pediatria\/\",\"url\":\"https:\/\/www.biolabeco.com.br\/saude-humana\/pediatria\/\",\"name\":\"Pediatria - Biolab &amp; Co\",\"isPartOf\":{\"@id\":\"https:\/\/www.biolabeco.com.br\/#website\"},\"datePublished\":\"2024-05-27T16:34:11+00:00\",\"dateModified\":\"2024-07-04T17:14:06+00:00\",\"description\":\"Na Biolab, sabemos que os cuidados com a sa\u00fade come\u00e7am desde cedo, j\u00e1 nos primeiros anos de vida. Por isso, oferecemos os melhores produtos para suprir, de forma precisa e eficaz, necessidades importantes que podem se manifestar na inf\u00e2ncia e precisam de aten\u00e7\u00e3o.\",\"breadcrumb\":{\"@id\":\"https:\/\/www.biolabeco.com.br\/saude-humana\/pediatria\/#breadcrumb\"},\"inLanguage\":\"en-US\",\"potentialAction\":[{\"@type\":\"ReadAction\",\"target\":[\"https:\/\/www.biolabeco.com.br\/saude-humana\/pediatria\/\"]}]},{\"@type\":\"BreadcrumbList\",\"@id\":\"https:\/\/www.biolabeco.com.br\/saude-humana\/pediatria\/#breadcrumb\",\"itemListElement\":[{\"@type\":\"ListItem\",\"position\":1,\"name\":\"Home\",\"item\":\"https:\/\/www.biolabeco.com.br\/\"},{\"@type\":\"ListItem\",\"position\":2,\"name\":\"Sa\u00fade Humana\",\"item\":\"https:\/\/www.biolabeco.com.br\/saude-humana\/\"},{\"@type\":\"ListItem\",\"position\":3,\"name\":\"Pediatria\"}]},{\"@type\":\"WebSite\",\"@id\":\"https:\/\/www.biolabeco.com.br\/#website\",\"url\":\"https:\/\/www.biolabeco.com.br\/\",\"name\":\"Biolab\",\"description\":\"Na Biolab &amp; Co, ci\u00eancia e cuidado caminham juntos. Saiba como promovemos sa\u00fade com responsabilidade socioambiental e tecnologia.\",\"potentialAction\":[{\"@type\":\"SearchAction\",\"target\":{\"@type\":\"EntryPoint\",\"urlTemplate\":\"https:\/\/www.biolabeco.com.br\/?s={search_term_string}\"},\"query-input\":{\"@type\":\"PropertyValueSpecification\",\"valueRequired\":true,\"valueName\":\"search_term_string\"}}],\"inLanguage\":\"en-US\"}]}<\/script>\n<!-- \/ Yoast SEO Premium plugin. -->","yoast_head_json":{"title":"Pediatrics - Biolab &amp; Co","description":"At Biolab, we know that health care begins at an early age, in the first years of life. That's why we offer the best products to precisely and effectively meet important needs that can manifest themselves in childhood and require attention.","robots":{"index":"index","follow":"follow","max-snippet":"max-snippet:-1","max-image-preview":"max-image-preview:large","max-video-preview":"max-video-preview:-1"},"canonical":"https:\/\/www.biolabeco.com.br\/en\/human-health-2\/pediatrics\/","og_locale":"en_US","og_type":"article","og_title":"Pediatria","og_description":"Na Biolab, sabemos que os cuidados com a sa\u00fade come\u00e7am desde cedo, j\u00e1 nos primeiros anos de vida. Por isso, oferecemos os melhores produtos para suprir, de forma precisa e eficaz, necessidades importantes que podem se manifestar na inf\u00e2ncia e precisam de aten\u00e7\u00e3o.","og_url":"https:\/\/www.biolabeco.com.br\/en\/human-health-2\/pediatrics\/","og_site_name":"Biolab &amp; Co","article_modified_time":"2024-07-04T17:14:06+00:00","twitter_card":"summary_large_image","schema":{"@context":"https:\/\/schema.org","@graph":[{"@type":"WebPage","@id":"https:\/\/www.biolabeco.com.br\/saude-humana\/pediatria\/","url":"https:\/\/www.biolabeco.com.br\/saude-humana\/pediatria\/","name":"Pediatrics - Biolab &amp; Co","isPartOf":{"@id":"https:\/\/www.biolabeco.com.br\/#website"},"datePublished":"2024-05-27T16:34:11+00:00","dateModified":"2024-07-04T17:14:06+00:00","description":"At Biolab, we know that health care begins at an early age, in the first years of life. That's why we offer the best products to precisely and effectively meet important needs that can manifest themselves in childhood and require attention.","breadcrumb":{"@id":"https:\/\/www.biolabeco.com.br\/saude-humana\/pediatria\/#breadcrumb"},"inLanguage":"en-US","potentialAction":[{"@type":"ReadAction","target":["https:\/\/www.biolabeco.com.br\/saude-humana\/pediatria\/"]}]},{"@type":"BreadcrumbList","@id":"https:\/\/www.biolabeco.com.br\/saude-humana\/pediatria\/#breadcrumb","itemListElement":[{"@type":"ListItem","position":1,"name":"Home","item":"https:\/\/www.biolabeco.com.br\/"},{"@type":"ListItem","position":2,"name":"Sa\u00fade Humana","item":"https:\/\/www.biolabeco.com.br\/saude-humana\/"},{"@type":"ListItem","position":3,"name":"Pediatria"}]},{"@type":"WebSite","@id":"https:\/\/www.biolabeco.com.br\/#website","url":"https:\/\/www.biolabeco.com.br\/","name":"Biolab","description":"At Biolab &amp; Co, science and care go hand in hand. Find out how we promote health with social and environmental responsibility and technology.","potentialAction":[{"@type":"SearchAction","target":{"@type":"EntryPoint","urlTemplate":"https:\/\/www.biolabeco.com.br\/?s={search_term_string}"},"query-input":{"@type":"PropertyValueSpecification","valueRequired":true,"valueName":"search_term_string"}}],"inLanguage":"en-US"}]}},"_links":{"self":[{"href":"https:\/\/www.biolabeco.com.br\/en\/wp-json\/wp\/v2\/pages\/486"}],"collection":[{"href":"https:\/\/www.biolabeco.com.br\/en\/wp-json\/wp\/v2\/pages"}],"about":[{"href":"https:\/\/www.biolabeco.com.br\/en\/wp-json\/wp\/v2\/types\/page"}],"author":[{"embeddable":true,"href":"https:\/\/www.biolabeco.com.br\/en\/wp-json\/wp\/v2\/users\/2"}],"replies":[{"embeddable":true,"href":"https:\/\/www.biolabeco.com.br\/en\/wp-json\/wp\/v2\/comments?post=486"}],"version-history":[{"count":10,"href":"https:\/\/www.biolabeco.com.br\/en\/wp-json\/wp\/v2\/pages\/486\/revisions"}],"predecessor-version":[{"id":5468,"href":"https:\/\/www.biolabeco.com.br\/en\/wp-json\/wp\/v2\/pages\/486\/revisions\/5468"}],"up":[{"embeddable":true,"href":"https:\/\/www.biolabeco.com.br\/en\/wp-json\/wp\/v2\/pages\/473"}],"wp:attachment":[{"href":"https:\/\/www.biolabeco.com.br\/en\/wp-json\/wp\/v2\/media?parent=486"}],"curies":[{"name":"wp","href":"https:\/\/api.w.org\/{rel}","templated":true}]}}