{"id":489,"date":"2024-05-27T13:35:28","date_gmt":"2024-05-27T16:35:28","guid":{"rendered":"http:\/\/biolab.local\/?page_id=489"},"modified":"2025-03-20T09:23:08","modified_gmt":"2025-03-20T12:23:08","slug":"gastro","status":"publish","type":"page","link":"https:\/\/www.biolabeco.com.br\/en\/saude-humana\/gastroenterologia\/","title":{"rendered":"Gastroenterology"},"content":{"rendered":"","protected":false},"excerpt":{"rendered":"","protected":false},"author":2,"featured_media":0,"parent":473,"menu_order":0,"comment_status":"closed","ping_status":"closed","template":"templates\/modular.php","meta":{"_acf_changed":false,"footnotes":""},"acf":[],"yoast_head":"<!-- This site is optimized with the Yoast SEO Premium plugin v24.4 (Yoast SEO v24.4) - https:\/\/yoast.com\/wordpress\/plugins\/seo\/ -->\n<title>Gastroenterologia - Biolab &amp; Co<\/title>\n<meta name=\"description\" content=\"Nossos produtos foram cuidadosamente desenvolvidos para ajudar a aliviar sintomas g\u00e1stricos comuns, como n\u00e1useas, v\u00f4mitos, diarreia e gases.\" \/>\n<meta name=\"robots\" content=\"index, follow, max-snippet:-1, max-image-preview:large, max-video-preview:-1\" \/>\n<link rel=\"canonical\" href=\"https:\/\/www.biolabeco.com.br\/en\/human-health-2\/gastro\/\" \/>\n<meta property=\"og:locale\" content=\"en_US\" \/>\n<meta property=\"og:type\" content=\"article\" \/>\n<meta property=\"og:title\" content=\"Gastroenterologia\" \/>\n<meta property=\"og:description\" content=\"Nossos produtos foram cuidadosamente desenvolvidos para ajudar a aliviar sintomas g\u00e1stricos comuns, como n\u00e1useas, v\u00f4mitos, diarreia e gases.\" \/>\n<meta property=\"og:url\" content=\"https:\/\/www.biolabeco.com.br\/en\/human-health-2\/gastro\/\" \/>\n<meta property=\"og:site_name\" content=\"Biolab &amp; Co\" \/>\n<meta property=\"article:modified_time\" content=\"2025-03-20T12:23:08+00:00\" \/>\n<meta name=\"twitter:card\" content=\"summary_large_image\" \/>\n<script type=\"application\/ld+json\" class=\"yoast-schema-graph\">{\"@context\":\"https:\/\/schema.org\",\"@graph\":[{\"@type\":\"WebPage\",\"@id\":\"https:\/\/www.biolabeco.com.br\/en\/human-health-2\/gastro\/\",\"url\":\"https:\/\/www.biolabeco.com.br\/en\/human-health-2\/gastro\/\",\"name\":\"Gastroenterologia - Biolab &amp; Co\",\"isPartOf\":{\"@id\":\"https:\/\/www.biolabeco.com.br\/#website\"},\"datePublished\":\"2024-05-27T16:35:28+00:00\",\"dateModified\":\"2025-03-20T12:23:08+00:00\",\"description\":\"Nossos produtos foram cuidadosamente desenvolvidos para ajudar a aliviar sintomas g\u00e1stricos comuns, como n\u00e1useas, v\u00f4mitos, diarreia e gases.\",\"breadcrumb\":{\"@id\":\"https:\/\/www.biolabeco.com.br\/en\/human-health-2\/gastro\/#breadcrumb\"},\"inLanguage\":\"en-US\",\"potentialAction\":[{\"@type\":\"ReadAction\",\"target\":[\"https:\/\/www.biolabeco.com.br\/en\/human-health-2\/gastro\/\"]}]},{\"@type\":\"BreadcrumbList\",\"@id\":\"https:\/\/www.biolabeco.com.br\/en\/human-health-2\/gastro\/#breadcrumb\",\"itemListElement\":[{\"@type\":\"ListItem\",\"position\":1,\"name\":\"Home\",\"item\":\"https:\/\/www.biolabeco.com.br\/\"},{\"@type\":\"ListItem\",\"position\":2,\"name\":\"Sa\u00fade Humana\",\"item\":\"https:\/\/www.biolabeco.com.br\/saude-humana\/\"},{\"@type\":\"ListItem\",\"position\":3,\"name\":\"Gastroenterologia\"}]},{\"@type\":\"WebSite\",\"@id\":\"https:\/\/www.biolabeco.com.br\/#website\",\"url\":\"https:\/\/www.biolabeco.com.br\/\",\"name\":\"Biolab\",\"description\":\"Na Biolab &amp; Co, ci\u00eancia e cuidado caminham juntos. Saiba como promovemos sa\u00fade com responsabilidade socioambiental e tecnologia.\",\"potentialAction\":[{\"@type\":\"SearchAction\",\"target\":{\"@type\":\"EntryPoint\",\"urlTemplate\":\"https:\/\/www.biolabeco.com.br\/?s={search_term_string}\"},\"query-input\":{\"@type\":\"PropertyValueSpecification\",\"valueRequired\":true,\"valueName\":\"search_term_string\"}}],\"inLanguage\":\"en-US\"}]}<\/script>\n<!-- \/ Yoast SEO Premium plugin. -->","yoast_head_json":{"title":"Gastroenterology - Biolab &amp; Co","description":"Our products have been carefully developed to help relieve common gastric symptoms such as nausea, vomiting, diarrhea and gas.","robots":{"index":"index","follow":"follow","max-snippet":"max-snippet:-1","max-image-preview":"max-image-preview:large","max-video-preview":"max-video-preview:-1"},"canonical":"https:\/\/www.biolabeco.com.br\/en\/human-health-2\/gastro\/","og_locale":"en_US","og_type":"article","og_title":"Gastroenterologia","og_description":"Nossos produtos foram cuidadosamente desenvolvidos para ajudar a aliviar sintomas g\u00e1stricos comuns, como n\u00e1useas, v\u00f4mitos, diarreia e gases.","og_url":"https:\/\/www.biolabeco.com.br\/en\/human-health-2\/gastro\/","og_site_name":"Biolab &amp; Co","article_modified_time":"2025-03-20T12:23:08+00:00","twitter_card":"summary_large_image","schema":{"@context":"https:\/\/schema.org","@graph":[{"@type":"WebPage","@id":"https:\/\/www.biolabeco.com.br\/en\/human-health-2\/gastro\/","url":"https:\/\/www.biolabeco.com.br\/en\/human-health-2\/gastro\/","name":"Gastroenterology - Biolab &amp; Co","isPartOf":{"@id":"https:\/\/www.biolabeco.com.br\/#website"},"datePublished":"2024-05-27T16:35:28+00:00","dateModified":"2025-03-20T12:23:08+00:00","description":"Our products have been carefully developed to help relieve common gastric symptoms such as nausea, vomiting, diarrhea and gas.","breadcrumb":{"@id":"https:\/\/www.biolabeco.com.br\/en\/human-health-2\/gastro\/#breadcrumb"},"inLanguage":"en-US","potentialAction":[{"@type":"ReadAction","target":["https:\/\/www.biolabeco.com.br\/en\/human-health-2\/gastro\/"]}]},{"@type":"BreadcrumbList","@id":"https:\/\/www.biolabeco.com.br\/en\/human-health-2\/gastro\/#breadcrumb","itemListElement":[{"@type":"ListItem","position":1,"name":"Home","item":"https:\/\/www.biolabeco.com.br\/"},{"@type":"ListItem","position":2,"name":"Sa\u00fade Humana","item":"https:\/\/www.biolabeco.com.br\/saude-humana\/"},{"@type":"ListItem","position":3,"name":"Gastroenterologia"}]},{"@type":"WebSite","@id":"https:\/\/www.biolabeco.com.br\/#website","url":"https:\/\/www.biolabeco.com.br\/","name":"Biolab","description":"At Biolab &amp; Co, science and care go hand in hand. Find out how we promote health with social and environmental responsibility and technology.","potentialAction":[{"@type":"SearchAction","target":{"@type":"EntryPoint","urlTemplate":"https:\/\/www.biolabeco.com.br\/?s={search_term_string}"},"query-input":{"@type":"PropertyValueSpecification","valueRequired":true,"valueName":"search_term_string"}}],"inLanguage":"en-US"}]}},"_links":{"self":[{"href":"https:\/\/www.biolabeco.com.br\/en\/wp-json\/wp\/v2\/pages\/489"}],"collection":[{"href":"https:\/\/www.biolabeco.com.br\/en\/wp-json\/wp\/v2\/pages"}],"about":[{"href":"https:\/\/www.biolabeco.com.br\/en\/wp-json\/wp\/v2\/types\/page"}],"author":[{"embeddable":true,"href":"https:\/\/www.biolabeco.com.br\/en\/wp-json\/wp\/v2\/users\/2"}],"replies":[{"embeddable":true,"href":"https:\/\/www.biolabeco.com.br\/en\/wp-json\/wp\/v2\/comments?post=489"}],"version-history":[{"count":9,"href":"https:\/\/www.biolabeco.com.br\/en\/wp-json\/wp\/v2\/pages\/489\/revisions"}],"predecessor-version":[{"id":10658,"href":"https:\/\/www.biolabeco.com.br\/en\/wp-json\/wp\/v2\/pages\/489\/revisions\/10658"}],"up":[{"embeddable":true,"href":"https:\/\/www.biolabeco.com.br\/en\/wp-json\/wp\/v2\/pages\/473"}],"wp:attachment":[{"href":"https:\/\/www.biolabeco.com.br\/en\/wp-json\/wp\/v2\/media?parent=489"}],"curies":[{"name":"wp","href":"https:\/\/api.w.org\/{rel}","templated":true}]}}