{"id":499,"date":"2024-05-27T13:40:43","date_gmt":"2024-05-27T16:40:43","guid":{"rendered":"http:\/\/biolab.local\/?page_id=499"},"modified":"2026-03-13T12:29:25","modified_gmt":"2026-03-13T15:29:25","slug":"health-in-evolution","status":"publish","type":"page","link":"https:\/\/www.biolabeco.com.br\/en\/saude-humana\/saude-em-evolucao\/","title":{"rendered":"Health in Evolution"},"content":{"rendered":"","protected":false},"excerpt":{"rendered":"","protected":false},"author":2,"featured_media":0,"parent":473,"menu_order":0,"comment_status":"closed","ping_status":"closed","template":"templates\/modular.php","meta":{"_acf_changed":false,"footnotes":""},"acf":[],"yoast_head":"<!-- This site is optimized with the Yoast SEO Premium plugin v24.4 (Yoast SEO v24.4) - https:\/\/yoast.com\/wordpress\/plugins\/seo\/ -->\n<title>Sa\u00fade em Evolu\u00e7\u00e3o - Biolab &amp; Co<\/title>\n<meta name=\"description\" content=\"Obtenha benef\u00edcios e descontos exclusivos na compra de medicamentos por meio do Programa Sa\u00fade em Evolu\u00e7\u00e3o e facilite seu acesso \u00e0 qualidade de vida. Basta se cadastrar e aproveitar as vantagens nas farm\u00e1cias credenciadas.\" \/>\n<meta name=\"robots\" content=\"index, follow, max-snippet:-1, max-image-preview:large, max-video-preview:-1\" \/>\n<link rel=\"canonical\" href=\"https:\/\/www.biolabeco.com.br\/en\/human-health-2\/health-in-evolution\/\" \/>\n<meta property=\"og:locale\" content=\"en_US\" \/>\n<meta property=\"og:type\" content=\"article\" \/>\n<meta property=\"og:title\" content=\"Sa\u00fade em Evolu\u00e7\u00e3o\" \/>\n<meta property=\"og:description\" content=\"Obtenha benef\u00edcios e descontos exclusivos na compra de medicamentos por meio do Programa Sa\u00fade em Evolu\u00e7\u00e3o e facilite seu acesso \u00e0 qualidade de vida. Basta se cadastrar e aproveitar as vantagens nas farm\u00e1cias credenciadas.\" \/>\n<meta property=\"og:url\" content=\"https:\/\/www.biolabeco.com.br\/en\/human-health-2\/health-in-evolution\/\" \/>\n<meta property=\"og:site_name\" content=\"Biolab &amp; Co\" \/>\n<meta property=\"article:modified_time\" content=\"2026-03-13T15:29:25+00:00\" \/>\n<meta name=\"twitter:card\" content=\"summary_large_image\" \/>\n<script type=\"application\/ld+json\" class=\"yoast-schema-graph\">{\"@context\":\"https:\/\/schema.org\",\"@graph\":[{\"@type\":\"WebPage\",\"@id\":\"https:\/\/www.biolabeco.com.br\/saude-humana\/saude-em-evolucao\/\",\"url\":\"https:\/\/www.biolabeco.com.br\/saude-humana\/saude-em-evolucao\/\",\"name\":\"Sa\u00fade em Evolu\u00e7\u00e3o - Biolab &amp; Co\",\"isPartOf\":{\"@id\":\"https:\/\/www.biolabeco.com.br\/#website\"},\"datePublished\":\"2024-05-27T16:40:43+00:00\",\"dateModified\":\"2026-03-13T15:29:25+00:00\",\"description\":\"Obtenha benef\u00edcios e descontos exclusivos na compra de medicamentos por meio do Programa Sa\u00fade em Evolu\u00e7\u00e3o e facilite seu acesso \u00e0 qualidade de vida. Basta se cadastrar e aproveitar as vantagens nas farm\u00e1cias credenciadas.\",\"breadcrumb\":{\"@id\":\"https:\/\/www.biolabeco.com.br\/saude-humana\/saude-em-evolucao\/#breadcrumb\"},\"inLanguage\":\"en-US\",\"potentialAction\":[{\"@type\":\"ReadAction\",\"target\":[\"https:\/\/www.biolabeco.com.br\/saude-humana\/saude-em-evolucao\/\"]}]},{\"@type\":\"BreadcrumbList\",\"@id\":\"https:\/\/www.biolabeco.com.br\/saude-humana\/saude-em-evolucao\/#breadcrumb\",\"itemListElement\":[{\"@type\":\"ListItem\",\"position\":1,\"name\":\"Home\",\"item\":\"https:\/\/www.biolabeco.com.br\/\"},{\"@type\":\"ListItem\",\"position\":2,\"name\":\"Sa\u00fade Humana\",\"item\":\"https:\/\/www.biolabeco.com.br\/saude-humana\/\"},{\"@type\":\"ListItem\",\"position\":3,\"name\":\"Sa\u00fade em Evolu\u00e7\u00e3o\"}]},{\"@type\":\"WebSite\",\"@id\":\"https:\/\/www.biolabeco.com.br\/#website\",\"url\":\"https:\/\/www.biolabeco.com.br\/\",\"name\":\"Biolab\",\"description\":\"Na Biolab &amp; Co, ci\u00eancia e cuidado caminham juntos. Saiba como promovemos sa\u00fade com responsabilidade socioambiental e tecnologia.\",\"potentialAction\":[{\"@type\":\"SearchAction\",\"target\":{\"@type\":\"EntryPoint\",\"urlTemplate\":\"https:\/\/www.biolabeco.com.br\/?s={search_term_string}\"},\"query-input\":{\"@type\":\"PropertyValueSpecification\",\"valueRequired\":true,\"valueName\":\"search_term_string\"}}],\"inLanguage\":\"en-US\"}]}<\/script>\n<!-- \/ Yoast SEO Premium plugin. -->","yoast_head_json":{"title":"Evolving Health - Biolab &amp; Co","description":"Get exclusive benefits and discounts on the purchase of medicines through the Health in Evolution Program and facilitate your access to quality of life. Simply register and take advantage of the benefits at accredited pharmacies.","robots":{"index":"index","follow":"follow","max-snippet":"max-snippet:-1","max-image-preview":"max-image-preview:large","max-video-preview":"max-video-preview:-1"},"canonical":"https:\/\/www.biolabeco.com.br\/en\/human-health-2\/health-in-evolution\/","og_locale":"en_US","og_type":"article","og_title":"Sa\u00fade em Evolu\u00e7\u00e3o","og_description":"Obtenha benef\u00edcios e descontos exclusivos na compra de medicamentos por meio do Programa Sa\u00fade em Evolu\u00e7\u00e3o e facilite seu acesso \u00e0 qualidade de vida. Basta se cadastrar e aproveitar as vantagens nas farm\u00e1cias credenciadas.","og_url":"https:\/\/www.biolabeco.com.br\/en\/human-health-2\/health-in-evolution\/","og_site_name":"Biolab &amp; Co","article_modified_time":"2026-03-13T15:29:25+00:00","twitter_card":"summary_large_image","schema":{"@context":"https:\/\/schema.org","@graph":[{"@type":"WebPage","@id":"https:\/\/www.biolabeco.com.br\/saude-humana\/saude-em-evolucao\/","url":"https:\/\/www.biolabeco.com.br\/saude-humana\/saude-em-evolucao\/","name":"Evolving Health - Biolab &amp; Co","isPartOf":{"@id":"https:\/\/www.biolabeco.com.br\/#website"},"datePublished":"2024-05-27T16:40:43+00:00","dateModified":"2026-03-13T15:29:25+00:00","description":"Get exclusive benefits and discounts on the purchase of medicines through the Health in Evolution Program and facilitate your access to quality of life. Simply register and take advantage of the benefits at accredited pharmacies.","breadcrumb":{"@id":"https:\/\/www.biolabeco.com.br\/saude-humana\/saude-em-evolucao\/#breadcrumb"},"inLanguage":"en-US","potentialAction":[{"@type":"ReadAction","target":["https:\/\/www.biolabeco.com.br\/saude-humana\/saude-em-evolucao\/"]}]},{"@type":"BreadcrumbList","@id":"https:\/\/www.biolabeco.com.br\/saude-humana\/saude-em-evolucao\/#breadcrumb","itemListElement":[{"@type":"ListItem","position":1,"name":"Home","item":"https:\/\/www.biolabeco.com.br\/"},{"@type":"ListItem","position":2,"name":"Sa\u00fade Humana","item":"https:\/\/www.biolabeco.com.br\/saude-humana\/"},{"@type":"ListItem","position":3,"name":"Sa\u00fade em Evolu\u00e7\u00e3o"}]},{"@type":"WebSite","@id":"https:\/\/www.biolabeco.com.br\/#website","url":"https:\/\/www.biolabeco.com.br\/","name":"Biolab","description":"At Biolab &amp; Co, science and care go hand in hand. Find out how we promote health with social and environmental responsibility and technology.","potentialAction":[{"@type":"SearchAction","target":{"@type":"EntryPoint","urlTemplate":"https:\/\/www.biolabeco.com.br\/?s={search_term_string}"},"query-input":{"@type":"PropertyValueSpecification","valueRequired":true,"valueName":"search_term_string"}}],"inLanguage":"en-US"}]}},"_links":{"self":[{"href":"https:\/\/www.biolabeco.com.br\/en\/wp-json\/wp\/v2\/pages\/499"}],"collection":[{"href":"https:\/\/www.biolabeco.com.br\/en\/wp-json\/wp\/v2\/pages"}],"about":[{"href":"https:\/\/www.biolabeco.com.br\/en\/wp-json\/wp\/v2\/types\/page"}],"author":[{"embeddable":true,"href":"https:\/\/www.biolabeco.com.br\/en\/wp-json\/wp\/v2\/users\/2"}],"replies":[{"embeddable":true,"href":"https:\/\/www.biolabeco.com.br\/en\/wp-json\/wp\/v2\/comments?post=499"}],"version-history":[{"count":4,"href":"https:\/\/www.biolabeco.com.br\/en\/wp-json\/wp\/v2\/pages\/499\/revisions"}],"predecessor-version":[{"id":16422,"href":"https:\/\/www.biolabeco.com.br\/en\/wp-json\/wp\/v2\/pages\/499\/revisions\/16422"}],"up":[{"embeddable":true,"href":"https:\/\/www.biolabeco.com.br\/en\/wp-json\/wp\/v2\/pages\/473"}],"wp:attachment":[{"href":"https:\/\/www.biolabeco.com.br\/en\/wp-json\/wp\/v2\/media?parent=499"}],"curies":[{"name":"wp","href":"https:\/\/api.w.org\/{rel}","templated":true}]}}