{"id":516,"date":"2024-05-27T13:55:39","date_gmt":"2024-05-27T16:55:39","guid":{"rendered":"http:\/\/biolab.local\/?page_id=516"},"modified":"2026-03-12T17:05:03","modified_gmt":"2026-03-12T20:05:03","slug":"animal-health-products","status":"publish","type":"page","link":"https:\/\/www.biolabeco.com.br\/en\/produtos-saude-animal\/","title":{"rendered":"Complete Animal Health Line"},"content":{"rendered":"","protected":false},"excerpt":{"rendered":"","protected":false},"author":2,"featured_media":0,"parent":0,"menu_order":0,"comment_status":"closed","ping_status":"closed","template":"templates\/modular.php","meta":{"_acf_changed":false,"footnotes":""},"acf":[],"yoast_head":"<!-- This site is optimized with the Yoast SEO Premium plugin v24.4 (Yoast SEO v24.4) - https:\/\/yoast.com\/wordpress\/plugins\/seo\/ -->\n<title>Linha Completa Sa\u00fade Animal - Biolab &amp; Co<\/title>\n<meta name=\"description\" content=\"Nossos cuidados com os pets abrangem todas as fases da vida de nossos amigos de quatro patas! Por isso, contamos com uma linha de solu\u00e7\u00f5es para promover o bem-estar de c\u00e3es e gatos,\" \/>\n<meta name=\"robots\" content=\"index, follow, max-snippet:-1, max-image-preview:large, max-video-preview:-1\" \/>\n<link rel=\"canonical\" href=\"https:\/\/www.biolabeco.com.br\/en\/animal-health-products\/\" \/>\n<meta property=\"og:locale\" content=\"en_US\" \/>\n<meta property=\"og:type\" content=\"article\" \/>\n<meta property=\"og:title\" content=\"Linha Completa Sa\u00fade Animal\" \/>\n<meta property=\"og:description\" content=\"Nossos cuidados com os pets abrangem todas as fases da vida de nossos amigos de quatro patas! Por isso, contamos com uma linha de solu\u00e7\u00f5es para promover o bem-estar de c\u00e3es e gatos,\" \/>\n<meta property=\"og:url\" content=\"https:\/\/www.biolabeco.com.br\/en\/animal-health-products\/\" \/>\n<meta property=\"og:site_name\" content=\"Biolab &amp; Co\" \/>\n<meta property=\"article:modified_time\" content=\"2026-03-12T20:05:03+00:00\" \/>\n<meta name=\"twitter:card\" content=\"summary_large_image\" \/>\n<script type=\"application\/ld+json\" class=\"yoast-schema-graph\">{\"@context\":\"https:\/\/schema.org\",\"@graph\":[{\"@type\":\"WebPage\",\"@id\":\"https:\/\/www.biolabeco.com.br\/produtos-saude-animal\/\",\"url\":\"https:\/\/www.biolabeco.com.br\/produtos-saude-animal\/\",\"name\":\"Linha Completa Sa\u00fade Animal - Biolab &amp; Co\",\"isPartOf\":{\"@id\":\"https:\/\/www.biolabeco.com.br\/#website\"},\"datePublished\":\"2024-05-27T16:55:39+00:00\",\"dateModified\":\"2026-03-12T20:05:03+00:00\",\"description\":\"Nossos cuidados com os pets abrangem todas as fases da vida de nossos amigos de quatro patas! Por isso, contamos com uma linha de solu\u00e7\u00f5es para promover o bem-estar de c\u00e3es e gatos,\",\"breadcrumb\":{\"@id\":\"https:\/\/www.biolabeco.com.br\/produtos-saude-animal\/#breadcrumb\"},\"inLanguage\":\"en-US\",\"potentialAction\":[{\"@type\":\"ReadAction\",\"target\":[\"https:\/\/www.biolabeco.com.br\/produtos-saude-animal\/\"]}]},{\"@type\":\"BreadcrumbList\",\"@id\":\"https:\/\/www.biolabeco.com.br\/produtos-saude-animal\/#breadcrumb\",\"itemListElement\":[{\"@type\":\"ListItem\",\"position\":1,\"name\":\"Home\",\"item\":\"https:\/\/www.biolabeco.com.br\/\"},{\"@type\":\"ListItem\",\"position\":2,\"name\":\"Linha Completa Sa\u00fade Animal\"}]},{\"@type\":\"WebSite\",\"@id\":\"https:\/\/www.biolabeco.com.br\/#website\",\"url\":\"https:\/\/www.biolabeco.com.br\/\",\"name\":\"Biolab\",\"description\":\"Na Biolab &amp; Co, ci\u00eancia e cuidado caminham juntos. Saiba como promovemos sa\u00fade com responsabilidade socioambiental e tecnologia.\",\"potentialAction\":[{\"@type\":\"SearchAction\",\"target\":{\"@type\":\"EntryPoint\",\"urlTemplate\":\"https:\/\/www.biolabeco.com.br\/?s={search_term_string}\"},\"query-input\":{\"@type\":\"PropertyValueSpecification\",\"valueRequired\":true,\"valueName\":\"search_term_string\"}}],\"inLanguage\":\"en-US\"}]}<\/script>\n<!-- \/ Yoast SEO Premium plugin. -->","yoast_head_json":{"title":"Complete Animal Health Line - Biolab &amp; Co","description":"Our care for pets covers all stages of our four-legged friends' lives! That's why we have a range of solutions to promote the well-being of dogs and cats,","robots":{"index":"index","follow":"follow","max-snippet":"max-snippet:-1","max-image-preview":"max-image-preview:large","max-video-preview":"max-video-preview:-1"},"canonical":"https:\/\/www.biolabeco.com.br\/en\/animal-health-products\/","og_locale":"en_US","og_type":"article","og_title":"Linha Completa Sa\u00fade Animal","og_description":"Nossos cuidados com os pets abrangem todas as fases da vida de nossos amigos de quatro patas! Por isso, contamos com uma linha de solu\u00e7\u00f5es para promover o bem-estar de c\u00e3es e gatos,","og_url":"https:\/\/www.biolabeco.com.br\/en\/animal-health-products\/","og_site_name":"Biolab &amp; Co","article_modified_time":"2026-03-12T20:05:03+00:00","twitter_card":"summary_large_image","schema":{"@context":"https:\/\/schema.org","@graph":[{"@type":"WebPage","@id":"https:\/\/www.biolabeco.com.br\/produtos-saude-animal\/","url":"https:\/\/www.biolabeco.com.br\/produtos-saude-animal\/","name":"Complete Animal Health Line - Biolab &amp; Co","isPartOf":{"@id":"https:\/\/www.biolabeco.com.br\/#website"},"datePublished":"2024-05-27T16:55:39+00:00","dateModified":"2026-03-12T20:05:03+00:00","description":"Our care for pets covers all stages of our four-legged friends' lives! That's why we have a range of solutions to promote the well-being of dogs and cats,","breadcrumb":{"@id":"https:\/\/www.biolabeco.com.br\/produtos-saude-animal\/#breadcrumb"},"inLanguage":"en-US","potentialAction":[{"@type":"ReadAction","target":["https:\/\/www.biolabeco.com.br\/produtos-saude-animal\/"]}]},{"@type":"BreadcrumbList","@id":"https:\/\/www.biolabeco.com.br\/produtos-saude-animal\/#breadcrumb","itemListElement":[{"@type":"ListItem","position":1,"name":"Home","item":"https:\/\/www.biolabeco.com.br\/"},{"@type":"ListItem","position":2,"name":"Linha Completa Sa\u00fade Animal"}]},{"@type":"WebSite","@id":"https:\/\/www.biolabeco.com.br\/#website","url":"https:\/\/www.biolabeco.com.br\/","name":"Biolab","description":"At Biolab &amp; Co, science and care go hand in hand. Find out how we promote health with social and environmental responsibility and technology.","potentialAction":[{"@type":"SearchAction","target":{"@type":"EntryPoint","urlTemplate":"https:\/\/www.biolabeco.com.br\/?s={search_term_string}"},"query-input":{"@type":"PropertyValueSpecification","valueRequired":true,"valueName":"search_term_string"}}],"inLanguage":"en-US"}]}},"_links":{"self":[{"href":"https:\/\/www.biolabeco.com.br\/en\/wp-json\/wp\/v2\/pages\/516"}],"collection":[{"href":"https:\/\/www.biolabeco.com.br\/en\/wp-json\/wp\/v2\/pages"}],"about":[{"href":"https:\/\/www.biolabeco.com.br\/en\/wp-json\/wp\/v2\/types\/page"}],"author":[{"embeddable":true,"href":"https:\/\/www.biolabeco.com.br\/en\/wp-json\/wp\/v2\/users\/2"}],"replies":[{"embeddable":true,"href":"https:\/\/www.biolabeco.com.br\/en\/wp-json\/wp\/v2\/comments?post=516"}],"version-history":[{"count":5,"href":"https:\/\/www.biolabeco.com.br\/en\/wp-json\/wp\/v2\/pages\/516\/revisions"}],"predecessor-version":[{"id":16359,"href":"https:\/\/www.biolabeco.com.br\/en\/wp-json\/wp\/v2\/pages\/516\/revisions\/16359"}],"wp:attachment":[{"href":"https:\/\/www.biolabeco.com.br\/en\/wp-json\/wp\/v2\/media?parent=516"}],"curies":[{"name":"wp","href":"https:\/\/api.w.org\/{rel}","templated":true}]}}