{"id":553,"date":"2024-05-27T14:24:32","date_gmt":"2024-05-27T17:24:32","guid":{"rendered":"http:\/\/biolab.local\/?page_id=553"},"modified":"2024-07-04T15:32:08","modified_gmt":"2024-07-04T18:32:08","slug":"programs","status":"publish","type":"page","link":"https:\/\/www.biolabeco.com.br\/en\/pessoas\/programas\/","title":{"rendered":"Programs"},"content":{"rendered":"","protected":false},"excerpt":{"rendered":"","protected":false},"author":2,"featured_media":0,"parent":547,"menu_order":0,"comment_status":"closed","ping_status":"closed","template":"templates\/modular.php","meta":{"_acf_changed":false,"footnotes":""},"acf":[],"yoast_head":"<!-- This site is optimized with the Yoast SEO Premium plugin v24.4 (Yoast SEO v24.4) - https:\/\/yoast.com\/wordpress\/plugins\/seo\/ -->\n<title>Programas - Biolab &amp; Co<\/title>\n<meta name=\"description\" content=\"N\u00f3s acreditamos que o crescimento e a evolu\u00e7\u00e3o da Biolab acontecem em conjunto com o desenvolvimento profissional dos colaboradores. Nossos programas proporcionam oportunidades de crescimento na carreira e garantem que a companhia cres\u00e7a baseada em valores s\u00f3lidos.\" \/>\n<meta name=\"robots\" content=\"index, follow, max-snippet:-1, max-image-preview:large, max-video-preview:-1\" \/>\n<link rel=\"canonical\" href=\"https:\/\/www.biolabeco.com.br\/en\/people\/programs\/\" \/>\n<meta property=\"og:locale\" content=\"en_US\" \/>\n<meta property=\"og:type\" content=\"article\" \/>\n<meta property=\"og:title\" content=\"Programas\" \/>\n<meta property=\"og:description\" content=\"N\u00f3s acreditamos que o crescimento e a evolu\u00e7\u00e3o da Biolab acontecem em conjunto com o desenvolvimento profissional dos colaboradores. Nossos programas proporcionam oportunidades de crescimento na carreira e garantem que a companhia cres\u00e7a baseada em valores s\u00f3lidos.\" \/>\n<meta property=\"og:url\" content=\"https:\/\/www.biolabeco.com.br\/en\/people\/programs\/\" \/>\n<meta property=\"og:site_name\" content=\"Biolab &amp; Co\" \/>\n<meta property=\"article:modified_time\" content=\"2024-07-04T18:32:08+00:00\" \/>\n<meta name=\"twitter:card\" content=\"summary_large_image\" \/>\n<script type=\"application\/ld+json\" class=\"yoast-schema-graph\">{\"@context\":\"https:\/\/schema.org\",\"@graph\":[{\"@type\":\"WebPage\",\"@id\":\"https:\/\/www.biolabeco.com.br\/pessoas\/programas\/\",\"url\":\"https:\/\/www.biolabeco.com.br\/pessoas\/programas\/\",\"name\":\"Programas - Biolab &amp; Co\",\"isPartOf\":{\"@id\":\"https:\/\/www.biolabeco.com.br\/#website\"},\"datePublished\":\"2024-05-27T17:24:32+00:00\",\"dateModified\":\"2024-07-04T18:32:08+00:00\",\"description\":\"N\u00f3s acreditamos que o crescimento e a evolu\u00e7\u00e3o da Biolab acontecem em conjunto com o desenvolvimento profissional dos colaboradores. Nossos programas proporcionam oportunidades de crescimento na carreira e garantem que a companhia cres\u00e7a baseada em valores s\u00f3lidos.\",\"breadcrumb\":{\"@id\":\"https:\/\/www.biolabeco.com.br\/pessoas\/programas\/#breadcrumb\"},\"inLanguage\":\"en-US\",\"potentialAction\":[{\"@type\":\"ReadAction\",\"target\":[\"https:\/\/www.biolabeco.com.br\/pessoas\/programas\/\"]}]},{\"@type\":\"BreadcrumbList\",\"@id\":\"https:\/\/www.biolabeco.com.br\/pessoas\/programas\/#breadcrumb\",\"itemListElement\":[{\"@type\":\"ListItem\",\"position\":1,\"name\":\"Home\",\"item\":\"https:\/\/www.biolabeco.com.br\/\"},{\"@type\":\"ListItem\",\"position\":2,\"name\":\"Pessoas\",\"item\":\"https:\/\/www.biolabeco.com.br\/pessoas\/\"},{\"@type\":\"ListItem\",\"position\":3,\"name\":\"Programas\"}]},{\"@type\":\"WebSite\",\"@id\":\"https:\/\/www.biolabeco.com.br\/#website\",\"url\":\"https:\/\/www.biolabeco.com.br\/\",\"name\":\"Biolab\",\"description\":\"Na Biolab &amp; Co, ci\u00eancia e cuidado caminham juntos. Saiba como promovemos sa\u00fade com responsabilidade socioambiental e tecnologia.\",\"potentialAction\":[{\"@type\":\"SearchAction\",\"target\":{\"@type\":\"EntryPoint\",\"urlTemplate\":\"https:\/\/www.biolabeco.com.br\/?s={search_term_string}\"},\"query-input\":{\"@type\":\"PropertyValueSpecification\",\"valueRequired\":true,\"valueName\":\"search_term_string\"}}],\"inLanguage\":\"en-US\"}]}<\/script>\n<!-- \/ Yoast SEO Premium plugin. -->","yoast_head_json":{"title":"Programs - Biolab &amp; Co","description":"We believe that Biolab's growth and evolution go hand in hand with the professional development of its employees. Our programs provide opportunities for career growth and ensure that the company grows based on solid values.","robots":{"index":"index","follow":"follow","max-snippet":"max-snippet:-1","max-image-preview":"max-image-preview:large","max-video-preview":"max-video-preview:-1"},"canonical":"https:\/\/www.biolabeco.com.br\/en\/people\/programs\/","og_locale":"en_US","og_type":"article","og_title":"Programas","og_description":"N\u00f3s acreditamos que o crescimento e a evolu\u00e7\u00e3o da Biolab acontecem em conjunto com o desenvolvimento profissional dos colaboradores. Nossos programas proporcionam oportunidades de crescimento na carreira e garantem que a companhia cres\u00e7a baseada em valores s\u00f3lidos.","og_url":"https:\/\/www.biolabeco.com.br\/en\/people\/programs\/","og_site_name":"Biolab &amp; Co","article_modified_time":"2024-07-04T18:32:08+00:00","twitter_card":"summary_large_image","schema":{"@context":"https:\/\/schema.org","@graph":[{"@type":"WebPage","@id":"https:\/\/www.biolabeco.com.br\/pessoas\/programas\/","url":"https:\/\/www.biolabeco.com.br\/pessoas\/programas\/","name":"Programs - Biolab &amp; Co","isPartOf":{"@id":"https:\/\/www.biolabeco.com.br\/#website"},"datePublished":"2024-05-27T17:24:32+00:00","dateModified":"2024-07-04T18:32:08+00:00","description":"We believe that Biolab's growth and evolution go hand in hand with the professional development of its employees. Our programs provide opportunities for career growth and ensure that the company grows based on solid values.","breadcrumb":{"@id":"https:\/\/www.biolabeco.com.br\/pessoas\/programas\/#breadcrumb"},"inLanguage":"en-US","potentialAction":[{"@type":"ReadAction","target":["https:\/\/www.biolabeco.com.br\/pessoas\/programas\/"]}]},{"@type":"BreadcrumbList","@id":"https:\/\/www.biolabeco.com.br\/pessoas\/programas\/#breadcrumb","itemListElement":[{"@type":"ListItem","position":1,"name":"Home","item":"https:\/\/www.biolabeco.com.br\/"},{"@type":"ListItem","position":2,"name":"Pessoas","item":"https:\/\/www.biolabeco.com.br\/pessoas\/"},{"@type":"ListItem","position":3,"name":"Programas"}]},{"@type":"WebSite","@id":"https:\/\/www.biolabeco.com.br\/#website","url":"https:\/\/www.biolabeco.com.br\/","name":"Biolab","description":"At Biolab &amp; Co, science and care go hand in hand. Find out how we promote health with social and environmental responsibility and technology.","potentialAction":[{"@type":"SearchAction","target":{"@type":"EntryPoint","urlTemplate":"https:\/\/www.biolabeco.com.br\/?s={search_term_string}"},"query-input":{"@type":"PropertyValueSpecification","valueRequired":true,"valueName":"search_term_string"}}],"inLanguage":"en-US"}]}},"_links":{"self":[{"href":"https:\/\/www.biolabeco.com.br\/en\/wp-json\/wp\/v2\/pages\/553"}],"collection":[{"href":"https:\/\/www.biolabeco.com.br\/en\/wp-json\/wp\/v2\/pages"}],"about":[{"href":"https:\/\/www.biolabeco.com.br\/en\/wp-json\/wp\/v2\/types\/page"}],"author":[{"embeddable":true,"href":"https:\/\/www.biolabeco.com.br\/en\/wp-json\/wp\/v2\/users\/2"}],"replies":[{"embeddable":true,"href":"https:\/\/www.biolabeco.com.br\/en\/wp-json\/wp\/v2\/comments?post=553"}],"version-history":[{"count":8,"href":"https:\/\/www.biolabeco.com.br\/en\/wp-json\/wp\/v2\/pages\/553\/revisions"}],"predecessor-version":[{"id":4829,"href":"https:\/\/www.biolabeco.com.br\/en\/wp-json\/wp\/v2\/pages\/553\/revisions\/4829"}],"up":[{"embeddable":true,"href":"https:\/\/www.biolabeco.com.br\/en\/wp-json\/wp\/v2\/pages\/547"}],"wp:attachment":[{"href":"https:\/\/www.biolabeco.com.br\/en\/wp-json\/wp\/v2\/media?parent=553"}],"curies":[{"name":"wp","href":"https:\/\/api.w.org\/{rel}","templated":true}]}}