{"id":562,"date":"2024-05-27T14:33:55","date_gmt":"2024-05-27T17:33:55","guid":{"rendered":"http:\/\/biolab.local\/?page_id=562"},"modified":"2024-07-04T15:14:04","modified_gmt":"2024-07-04T18:14:04","slug":"climate-management","status":"publish","type":"page","link":"https:\/\/www.biolabeco.com.br\/en\/pessoas\/gestao-de-clima\/","title":{"rendered":"Weather"},"content":{"rendered":"","protected":false},"excerpt":{"rendered":"","protected":false},"author":2,"featured_media":0,"parent":547,"menu_order":0,"comment_status":"closed","ping_status":"closed","template":"templates\/modular.php","meta":{"_acf_changed":false,"footnotes":""},"acf":[],"yoast_head":"<!-- This site is optimized with the Yoast SEO Premium plugin v24.4 (Yoast SEO v24.4) - https:\/\/yoast.com\/wordpress\/plugins\/seo\/ -->\n<title>Clima - Biolab &amp; Co<\/title>\n<meta name=\"description\" content=\"Valorizamos muito a voz de nossos colaboradores, por isso proporcionamos um ambiente onde todos possam expressar suas necessidades e motiva\u00e7\u00f5es. Isso nos permite monitorar o impacto de nossas a\u00e7\u00f5es e aprimorar nossas pr\u00e1ticas\" \/>\n<meta name=\"robots\" content=\"index, follow, max-snippet:-1, max-image-preview:large, max-video-preview:-1\" \/>\n<link rel=\"canonical\" href=\"https:\/\/www.biolabeco.com.br\/en\/people\/climate-management\/\" \/>\n<meta property=\"og:locale\" content=\"en_US\" \/>\n<meta property=\"og:type\" content=\"article\" \/>\n<meta property=\"og:title\" content=\"Clima\" \/>\n<meta property=\"og:description\" content=\"Valorizamos muito a voz de nossos colaboradores, por isso proporcionamos um ambiente onde todos possam expressar suas necessidades e motiva\u00e7\u00f5es. Isso nos permite monitorar o impacto de nossas a\u00e7\u00f5es e aprimorar nossas pr\u00e1ticas\" \/>\n<meta property=\"og:url\" content=\"https:\/\/www.biolabeco.com.br\/en\/people\/climate-management\/\" \/>\n<meta property=\"og:site_name\" content=\"Biolab &amp; Co\" \/>\n<meta property=\"article:modified_time\" content=\"2024-07-04T18:14:04+00:00\" \/>\n<meta name=\"twitter:card\" content=\"summary_large_image\" \/>\n<script type=\"application\/ld+json\" class=\"yoast-schema-graph\">{\"@context\":\"https:\/\/schema.org\",\"@graph\":[{\"@type\":\"WebPage\",\"@id\":\"https:\/\/www.biolabeco.com.br\/pessoas\/gestao-de-clima\/\",\"url\":\"https:\/\/www.biolabeco.com.br\/pessoas\/gestao-de-clima\/\",\"name\":\"Clima - Biolab &amp; Co\",\"isPartOf\":{\"@id\":\"https:\/\/www.biolabeco.com.br\/#website\"},\"datePublished\":\"2024-05-27T17:33:55+00:00\",\"dateModified\":\"2024-07-04T18:14:04+00:00\",\"description\":\"Valorizamos muito a voz de nossos colaboradores, por isso proporcionamos um ambiente onde todos possam expressar suas necessidades e motiva\u00e7\u00f5es. Isso nos permite monitorar o impacto de nossas a\u00e7\u00f5es e aprimorar nossas pr\u00e1ticas\",\"breadcrumb\":{\"@id\":\"https:\/\/www.biolabeco.com.br\/pessoas\/gestao-de-clima\/#breadcrumb\"},\"inLanguage\":\"en-US\",\"potentialAction\":[{\"@type\":\"ReadAction\",\"target\":[\"https:\/\/www.biolabeco.com.br\/pessoas\/gestao-de-clima\/\"]}]},{\"@type\":\"BreadcrumbList\",\"@id\":\"https:\/\/www.biolabeco.com.br\/pessoas\/gestao-de-clima\/#breadcrumb\",\"itemListElement\":[{\"@type\":\"ListItem\",\"position\":1,\"name\":\"Home\",\"item\":\"https:\/\/www.biolabeco.com.br\/\"},{\"@type\":\"ListItem\",\"position\":2,\"name\":\"Pessoas\",\"item\":\"https:\/\/www.biolabeco.com.br\/pessoas\/\"},{\"@type\":\"ListItem\",\"position\":3,\"name\":\"Clima\"}]},{\"@type\":\"WebSite\",\"@id\":\"https:\/\/www.biolabeco.com.br\/#website\",\"url\":\"https:\/\/www.biolabeco.com.br\/\",\"name\":\"Biolab\",\"description\":\"Na Biolab &amp; Co, ci\u00eancia e cuidado caminham juntos. Saiba como promovemos sa\u00fade com responsabilidade socioambiental e tecnologia.\",\"potentialAction\":[{\"@type\":\"SearchAction\",\"target\":{\"@type\":\"EntryPoint\",\"urlTemplate\":\"https:\/\/www.biolabeco.com.br\/?s={search_term_string}\"},\"query-input\":{\"@type\":\"PropertyValueSpecification\",\"valueRequired\":true,\"valueName\":\"search_term_string\"}}],\"inLanguage\":\"en-US\"}]}<\/script>\n<!-- \/ Yoast SEO Premium plugin. -->","yoast_head_json":{"title":"Climate - Biolab &amp; Co","description":"We highly value the voice of our employees, which is why we provide an environment where everyone can express their needs and motivations. This allows us to monitor the impact of our actions and improve our practices","robots":{"index":"index","follow":"follow","max-snippet":"max-snippet:-1","max-image-preview":"max-image-preview:large","max-video-preview":"max-video-preview:-1"},"canonical":"https:\/\/www.biolabeco.com.br\/en\/people\/climate-management\/","og_locale":"en_US","og_type":"article","og_title":"Clima","og_description":"Valorizamos muito a voz de nossos colaboradores, por isso proporcionamos um ambiente onde todos possam expressar suas necessidades e motiva\u00e7\u00f5es. Isso nos permite monitorar o impacto de nossas a\u00e7\u00f5es e aprimorar nossas pr\u00e1ticas","og_url":"https:\/\/www.biolabeco.com.br\/en\/people\/climate-management\/","og_site_name":"Biolab &amp; Co","article_modified_time":"2024-07-04T18:14:04+00:00","twitter_card":"summary_large_image","schema":{"@context":"https:\/\/schema.org","@graph":[{"@type":"WebPage","@id":"https:\/\/www.biolabeco.com.br\/pessoas\/gestao-de-clima\/","url":"https:\/\/www.biolabeco.com.br\/pessoas\/gestao-de-clima\/","name":"Climate - Biolab &amp; Co","isPartOf":{"@id":"https:\/\/www.biolabeco.com.br\/#website"},"datePublished":"2024-05-27T17:33:55+00:00","dateModified":"2024-07-04T18:14:04+00:00","description":"We highly value the voice of our employees, which is why we provide an environment where everyone can express their needs and motivations. This allows us to monitor the impact of our actions and improve our practices","breadcrumb":{"@id":"https:\/\/www.biolabeco.com.br\/pessoas\/gestao-de-clima\/#breadcrumb"},"inLanguage":"en-US","potentialAction":[{"@type":"ReadAction","target":["https:\/\/www.biolabeco.com.br\/pessoas\/gestao-de-clima\/"]}]},{"@type":"BreadcrumbList","@id":"https:\/\/www.biolabeco.com.br\/pessoas\/gestao-de-clima\/#breadcrumb","itemListElement":[{"@type":"ListItem","position":1,"name":"Home","item":"https:\/\/www.biolabeco.com.br\/"},{"@type":"ListItem","position":2,"name":"Pessoas","item":"https:\/\/www.biolabeco.com.br\/pessoas\/"},{"@type":"ListItem","position":3,"name":"Clima"}]},{"@type":"WebSite","@id":"https:\/\/www.biolabeco.com.br\/#website","url":"https:\/\/www.biolabeco.com.br\/","name":"Biolab","description":"At Biolab &amp; Co, science and care go hand in hand. Find out how we promote health with social and environmental responsibility and technology.","potentialAction":[{"@type":"SearchAction","target":{"@type":"EntryPoint","urlTemplate":"https:\/\/www.biolabeco.com.br\/?s={search_term_string}"},"query-input":{"@type":"PropertyValueSpecification","valueRequired":true,"valueName":"search_term_string"}}],"inLanguage":"en-US"}]}},"_links":{"self":[{"href":"https:\/\/www.biolabeco.com.br\/en\/wp-json\/wp\/v2\/pages\/562"}],"collection":[{"href":"https:\/\/www.biolabeco.com.br\/en\/wp-json\/wp\/v2\/pages"}],"about":[{"href":"https:\/\/www.biolabeco.com.br\/en\/wp-json\/wp\/v2\/types\/page"}],"author":[{"embeddable":true,"href":"https:\/\/www.biolabeco.com.br\/en\/wp-json\/wp\/v2\/users\/2"}],"replies":[{"embeddable":true,"href":"https:\/\/www.biolabeco.com.br\/en\/wp-json\/wp\/v2\/comments?post=562"}],"version-history":[{"count":17,"href":"https:\/\/www.biolabeco.com.br\/en\/wp-json\/wp\/v2\/pages\/562\/revisions"}],"predecessor-version":[{"id":3691,"href":"https:\/\/www.biolabeco.com.br\/en\/wp-json\/wp\/v2\/pages\/562\/revisions\/3691"}],"up":[{"embeddable":true,"href":"https:\/\/www.biolabeco.com.br\/en\/wp-json\/wp\/v2\/pages\/547"}],"wp:attachment":[{"href":"https:\/\/www.biolabeco.com.br\/en\/wp-json\/wp\/v2\/media?parent=562"}],"curies":[{"name":"wp","href":"https:\/\/api.w.org\/{rel}","templated":true}]}}