{"id":7155,"date":"2024-09-24T11:40:08","date_gmt":"2024-09-24T14:40:08","guid":{"rendered":"https:\/\/www.biolabfarma.com.br\/?page_id=7155"},"modified":"2026-03-12T17:22:02","modified_gmt":"2026-03-12T20:22:02","slug":"environmental-management","status":"publish","type":"page","link":"https:\/\/www.biolabeco.com.br\/en\/esg-sustentabilidade\/gestao-ambiental\/","title":{"rendered":"Environmental Pillar"},"content":{"rendered":"<p> <\/p>","protected":false},"excerpt":{"rendered":"","protected":false},"author":9,"featured_media":0,"parent":471,"menu_order":0,"comment_status":"closed","ping_status":"closed","template":"templates\/modular.php","meta":{"_acf_changed":false,"footnotes":""},"acf":[],"yoast_head":"<!-- This site is optimized with the Yoast SEO Premium plugin v24.4 (Yoast SEO v24.4) - https:\/\/yoast.com\/wordpress\/plugins\/seo\/ -->\n<title>Pilar Ambiental - Biolab &amp; Co<\/title>\n<meta name=\"description\" content=\"A gest\u00e3o ambiental promove a sustentabilidade e a preserva\u00e7\u00e3o da biodiversidade por meio de pr\u00e1ticas como coleta seletiva e uso consciente de recursos. Conhe\u00e7a a produ\u00e7\u00e3o sustent\u00e1vel e a certifica\u00e7\u00e3o ambiental da Biolab para a mitiga\u00e7\u00e3o de impactos e prote\u00e7\u00e3o do planeta.\" \/>\n<meta name=\"robots\" content=\"index, follow, max-snippet:-1, max-image-preview:large, max-video-preview:-1\" \/>\n<link rel=\"canonical\" href=\"https:\/\/www.biolabeco.com.br\/en\/esg-sustainability\/environmental-management\/\" \/>\n<meta property=\"og:locale\" content=\"en_US\" \/>\n<meta property=\"og:type\" content=\"article\" \/>\n<meta property=\"og:title\" content=\"Pilar Ambiental\" \/>\n<meta property=\"og:description\" content=\"A gest\u00e3o ambiental promove a sustentabilidade e a preserva\u00e7\u00e3o da biodiversidade por meio de pr\u00e1ticas como coleta seletiva e uso consciente de recursos. Conhe\u00e7a a produ\u00e7\u00e3o sustent\u00e1vel e a certifica\u00e7\u00e3o ambiental da Biolab para a mitiga\u00e7\u00e3o de impactos e prote\u00e7\u00e3o do planeta.\" \/>\n<meta property=\"og:url\" content=\"https:\/\/www.biolabeco.com.br\/en\/esg-sustainability\/environmental-management\/\" \/>\n<meta property=\"og:site_name\" content=\"Biolab &amp; Co\" \/>\n<meta property=\"article:modified_time\" content=\"2026-03-12T20:22:02+00:00\" \/>\n<meta name=\"twitter:card\" content=\"summary_large_image\" \/>\n<script type=\"application\/ld+json\" class=\"yoast-schema-graph\">{\"@context\":\"https:\/\/schema.org\",\"@graph\":[{\"@type\":\"WebPage\",\"@id\":\"https:\/\/www.biolabeco.com.br\/esg-sustentabilidade\/gestao-ambiental\/\",\"url\":\"https:\/\/www.biolabeco.com.br\/esg-sustentabilidade\/gestao-ambiental\/\",\"name\":\"Pilar Ambiental - Biolab &amp; Co\",\"isPartOf\":{\"@id\":\"https:\/\/www.biolabeco.com.br\/#website\"},\"datePublished\":\"2024-09-24T14:40:08+00:00\",\"dateModified\":\"2026-03-12T20:22:02+00:00\",\"description\":\"A gest\u00e3o ambiental promove a sustentabilidade e a preserva\u00e7\u00e3o da biodiversidade por meio de pr\u00e1ticas como coleta seletiva e uso consciente de recursos. Conhe\u00e7a a produ\u00e7\u00e3o sustent\u00e1vel e a certifica\u00e7\u00e3o ambiental da Biolab para a mitiga\u00e7\u00e3o de impactos e prote\u00e7\u00e3o do planeta.\",\"breadcrumb\":{\"@id\":\"https:\/\/www.biolabeco.com.br\/esg-sustentabilidade\/gestao-ambiental\/#breadcrumb\"},\"inLanguage\":\"en-US\",\"potentialAction\":[{\"@type\":\"ReadAction\",\"target\":[\"https:\/\/www.biolabeco.com.br\/esg-sustentabilidade\/gestao-ambiental\/\"]}]},{\"@type\":\"BreadcrumbList\",\"@id\":\"https:\/\/www.biolabeco.com.br\/esg-sustentabilidade\/gestao-ambiental\/#breadcrumb\",\"itemListElement\":[{\"@type\":\"ListItem\",\"position\":1,\"name\":\"Home\",\"item\":\"https:\/\/www.biolabeco.com.br\/\"},{\"@type\":\"ListItem\",\"position\":2,\"name\":\"ESG e Sustentabilidade\",\"item\":\"https:\/\/www.biolabeco.com.br\/esg-sustentabilidade\/\"},{\"@type\":\"ListItem\",\"position\":3,\"name\":\"Pilar Ambiental\"}]},{\"@type\":\"WebSite\",\"@id\":\"https:\/\/www.biolabeco.com.br\/#website\",\"url\":\"https:\/\/www.biolabeco.com.br\/\",\"name\":\"Biolab\",\"description\":\"Na Biolab &amp; Co, ci\u00eancia e cuidado caminham juntos. Saiba como promovemos sa\u00fade com responsabilidade socioambiental e tecnologia.\",\"potentialAction\":[{\"@type\":\"SearchAction\",\"target\":{\"@type\":\"EntryPoint\",\"urlTemplate\":\"https:\/\/www.biolabeco.com.br\/?s={search_term_string}\"},\"query-input\":{\"@type\":\"PropertyValueSpecification\",\"valueRequired\":true,\"valueName\":\"search_term_string\"}}],\"inLanguage\":\"en-US\"}]}<\/script>\n<!-- \/ Yoast SEO Premium plugin. -->","yoast_head_json":{"title":"Environmental Pillar - Biolab &amp; Co","description":"Environmental management promotes sustainability and the preservation of biodiversity through practices such as selective collection and the conscious use of resources. Learn about Biolab's sustainable production and environmental certification to mitigate impacts and protect the planet.","robots":{"index":"index","follow":"follow","max-snippet":"max-snippet:-1","max-image-preview":"max-image-preview:large","max-video-preview":"max-video-preview:-1"},"canonical":"https:\/\/www.biolabeco.com.br\/en\/esg-sustainability\/environmental-management\/","og_locale":"en_US","og_type":"article","og_title":"Pilar Ambiental","og_description":"A gest\u00e3o ambiental promove a sustentabilidade e a preserva\u00e7\u00e3o da biodiversidade por meio de pr\u00e1ticas como coleta seletiva e uso consciente de recursos. Conhe\u00e7a a produ\u00e7\u00e3o sustent\u00e1vel e a certifica\u00e7\u00e3o ambiental da Biolab para a mitiga\u00e7\u00e3o de impactos e prote\u00e7\u00e3o do planeta.","og_url":"https:\/\/www.biolabeco.com.br\/en\/esg-sustainability\/environmental-management\/","og_site_name":"Biolab &amp; Co","article_modified_time":"2026-03-12T20:22:02+00:00","twitter_card":"summary_large_image","schema":{"@context":"https:\/\/schema.org","@graph":[{"@type":"WebPage","@id":"https:\/\/www.biolabeco.com.br\/esg-sustentabilidade\/gestao-ambiental\/","url":"https:\/\/www.biolabeco.com.br\/esg-sustentabilidade\/gestao-ambiental\/","name":"Environmental Pillar - Biolab &amp; Co","isPartOf":{"@id":"https:\/\/www.biolabeco.com.br\/#website"},"datePublished":"2024-09-24T14:40:08+00:00","dateModified":"2026-03-12T20:22:02+00:00","description":"Environmental management promotes sustainability and the preservation of biodiversity through practices such as selective collection and the conscious use of resources. Learn about Biolab's sustainable production and environmental certification to mitigate impacts and protect the planet.","breadcrumb":{"@id":"https:\/\/www.biolabeco.com.br\/esg-sustentabilidade\/gestao-ambiental\/#breadcrumb"},"inLanguage":"en-US","potentialAction":[{"@type":"ReadAction","target":["https:\/\/www.biolabeco.com.br\/esg-sustentabilidade\/gestao-ambiental\/"]}]},{"@type":"BreadcrumbList","@id":"https:\/\/www.biolabeco.com.br\/esg-sustentabilidade\/gestao-ambiental\/#breadcrumb","itemListElement":[{"@type":"ListItem","position":1,"name":"Home","item":"https:\/\/www.biolabeco.com.br\/"},{"@type":"ListItem","position":2,"name":"ESG e Sustentabilidade","item":"https:\/\/www.biolabeco.com.br\/esg-sustentabilidade\/"},{"@type":"ListItem","position":3,"name":"Pilar Ambiental"}]},{"@type":"WebSite","@id":"https:\/\/www.biolabeco.com.br\/#website","url":"https:\/\/www.biolabeco.com.br\/","name":"Biolab","description":"At Biolab &amp; Co, science and care go hand in hand. Find out how we promote health with social and environmental responsibility and technology.","potentialAction":[{"@type":"SearchAction","target":{"@type":"EntryPoint","urlTemplate":"https:\/\/www.biolabeco.com.br\/?s={search_term_string}"},"query-input":{"@type":"PropertyValueSpecification","valueRequired":true,"valueName":"search_term_string"}}],"inLanguage":"en-US"}]}},"_links":{"self":[{"href":"https:\/\/www.biolabeco.com.br\/en\/wp-json\/wp\/v2\/pages\/7155"}],"collection":[{"href":"https:\/\/www.biolabeco.com.br\/en\/wp-json\/wp\/v2\/pages"}],"about":[{"href":"https:\/\/www.biolabeco.com.br\/en\/wp-json\/wp\/v2\/types\/page"}],"author":[{"embeddable":true,"href":"https:\/\/www.biolabeco.com.br\/en\/wp-json\/wp\/v2\/users\/9"}],"replies":[{"embeddable":true,"href":"https:\/\/www.biolabeco.com.br\/en\/wp-json\/wp\/v2\/comments?post=7155"}],"version-history":[{"count":5,"href":"https:\/\/www.biolabeco.com.br\/en\/wp-json\/wp\/v2\/pages\/7155\/revisions"}],"predecessor-version":[{"id":16368,"href":"https:\/\/www.biolabeco.com.br\/en\/wp-json\/wp\/v2\/pages\/7155\/revisions\/16368"}],"up":[{"embeddable":true,"href":"https:\/\/www.biolabeco.com.br\/en\/wp-json\/wp\/v2\/pages\/471"}],"wp:attachment":[{"href":"https:\/\/www.biolabeco.com.br\/en\/wp-json\/wp\/v2\/media?parent=7155"}],"curies":[{"name":"wp","href":"https:\/\/api.w.org\/{rel}","templated":true}]}}