{"id":7325,"date":"2024-09-24T11:39:47","date_gmt":"2024-09-24T14:39:47","guid":{"rendered":"https:\/\/www.biolabfarma.com.br\/?page_id=7325"},"modified":"2026-03-12T17:34:36","modified_gmt":"2026-03-12T20:34:36","slug":"governance-pillar","status":"publish","type":"page","link":"https:\/\/www.biolabeco.com.br\/en\/esg-sustentabilidade\/pilar-governanca\/","title":{"rendered":"Governance Pillar"},"content":{"rendered":"","protected":false},"excerpt":{"rendered":"","protected":false},"author":9,"featured_media":0,"parent":471,"menu_order":0,"comment_status":"closed","ping_status":"closed","template":"templates\/modular.php","meta":{"_acf_changed":false,"footnotes":""},"acf":[],"yoast_head":"<!-- This site is optimized with the Yoast SEO Premium plugin v24.4 (Yoast SEO v24.4) - https:\/\/yoast.com\/wordpress\/plugins\/seo\/ -->\n<title>Pilar Governan\u00e7a - Biolab &amp; Co<\/title>\n<meta name=\"description\" content=\"Veja como nossa abordagem em governan\u00e7a corporativa fortalece a \u00e9tica empresarial e a transpar\u00eancia na organiza\u00e7\u00e3o. Conhe\u00e7a nosso compromisso com compliance, gest\u00e3o de riscos, diversidade e inclus\u00e3o, e o papel fundamental do nosso Conselho Consultivo.\" \/>\n<meta name=\"robots\" content=\"index, follow, max-snippet:-1, max-image-preview:large, max-video-preview:-1\" \/>\n<link rel=\"canonical\" href=\"https:\/\/www.biolabeco.com.br\/en\/esg-sustainability\/governance-pillar\/\" \/>\n<meta property=\"og:locale\" content=\"en_US\" \/>\n<meta property=\"og:type\" content=\"article\" \/>\n<meta property=\"og:title\" content=\"Pilar Governan\u00e7a\" \/>\n<meta property=\"og:description\" content=\"Veja como nossa abordagem em governan\u00e7a corporativa fortalece a \u00e9tica empresarial e a transpar\u00eancia na organiza\u00e7\u00e3o. Conhe\u00e7a nosso compromisso com compliance, gest\u00e3o de riscos, diversidade e inclus\u00e3o, e o papel fundamental do nosso Conselho Consultivo.\" \/>\n<meta property=\"og:url\" content=\"https:\/\/www.biolabeco.com.br\/en\/esg-sustainability\/governance-pillar\/\" \/>\n<meta property=\"og:site_name\" content=\"Biolab &amp; Co\" \/>\n<meta property=\"article:modified_time\" content=\"2026-03-12T20:34:36+00:00\" \/>\n<meta name=\"twitter:card\" content=\"summary_large_image\" \/>\n<script type=\"application\/ld+json\" class=\"yoast-schema-graph\">{\"@context\":\"https:\/\/schema.org\",\"@graph\":[{\"@type\":\"WebPage\",\"@id\":\"https:\/\/www.biolabeco.com.br\/esg-sustentabilidade\/pilar-governanca\/\",\"url\":\"https:\/\/www.biolabeco.com.br\/esg-sustentabilidade\/pilar-governanca\/\",\"name\":\"Pilar Governan\u00e7a - Biolab &amp; Co\",\"isPartOf\":{\"@id\":\"https:\/\/www.biolabeco.com.br\/#website\"},\"datePublished\":\"2024-09-24T14:39:47+00:00\",\"dateModified\":\"2026-03-12T20:34:36+00:00\",\"description\":\"Veja como nossa abordagem em governan\u00e7a corporativa fortalece a \u00e9tica empresarial e a transpar\u00eancia na organiza\u00e7\u00e3o. Conhe\u00e7a nosso compromisso com compliance, gest\u00e3o de riscos, diversidade e inclus\u00e3o, e o papel fundamental do nosso Conselho Consultivo.\",\"breadcrumb\":{\"@id\":\"https:\/\/www.biolabeco.com.br\/esg-sustentabilidade\/pilar-governanca\/#breadcrumb\"},\"inLanguage\":\"en-US\",\"potentialAction\":[{\"@type\":\"ReadAction\",\"target\":[\"https:\/\/www.biolabeco.com.br\/esg-sustentabilidade\/pilar-governanca\/\"]}]},{\"@type\":\"BreadcrumbList\",\"@id\":\"https:\/\/www.biolabeco.com.br\/esg-sustentabilidade\/pilar-governanca\/#breadcrumb\",\"itemListElement\":[{\"@type\":\"ListItem\",\"position\":1,\"name\":\"Home\",\"item\":\"https:\/\/www.biolabeco.com.br\/\"},{\"@type\":\"ListItem\",\"position\":2,\"name\":\"ESG e Sustentabilidade\",\"item\":\"https:\/\/www.biolabeco.com.br\/esg-sustentabilidade\/\"},{\"@type\":\"ListItem\",\"position\":3,\"name\":\"Pilar Governan\u00e7a\"}]},{\"@type\":\"WebSite\",\"@id\":\"https:\/\/www.biolabeco.com.br\/#website\",\"url\":\"https:\/\/www.biolabeco.com.br\/\",\"name\":\"Biolab\",\"description\":\"Na Biolab &amp; Co, ci\u00eancia e cuidado caminham juntos. Saiba como promovemos sa\u00fade com responsabilidade socioambiental e tecnologia.\",\"potentialAction\":[{\"@type\":\"SearchAction\",\"target\":{\"@type\":\"EntryPoint\",\"urlTemplate\":\"https:\/\/www.biolabeco.com.br\/?s={search_term_string}\"},\"query-input\":{\"@type\":\"PropertyValueSpecification\",\"valueRequired\":true,\"valueName\":\"search_term_string\"}}],\"inLanguage\":\"en-US\"}]}<\/script>\n<!-- \/ Yoast SEO Premium plugin. -->","yoast_head_json":{"title":"Governance Pillar - Biolab &amp; Co","description":"See how our approach to corporate governance strengthens business ethics and transparency in the organization. Learn about our commitment to compliance, risk management, diversity and inclusion, and the key role of our Advisory Board.","robots":{"index":"index","follow":"follow","max-snippet":"max-snippet:-1","max-image-preview":"max-image-preview:large","max-video-preview":"max-video-preview:-1"},"canonical":"https:\/\/www.biolabeco.com.br\/en\/esg-sustainability\/governance-pillar\/","og_locale":"en_US","og_type":"article","og_title":"Pilar Governan\u00e7a","og_description":"Veja como nossa abordagem em governan\u00e7a corporativa fortalece a \u00e9tica empresarial e a transpar\u00eancia na organiza\u00e7\u00e3o. Conhe\u00e7a nosso compromisso com compliance, gest\u00e3o de riscos, diversidade e inclus\u00e3o, e o papel fundamental do nosso Conselho Consultivo.","og_url":"https:\/\/www.biolabeco.com.br\/en\/esg-sustainability\/governance-pillar\/","og_site_name":"Biolab &amp; Co","article_modified_time":"2026-03-12T20:34:36+00:00","twitter_card":"summary_large_image","schema":{"@context":"https:\/\/schema.org","@graph":[{"@type":"WebPage","@id":"https:\/\/www.biolabeco.com.br\/esg-sustentabilidade\/pilar-governanca\/","url":"https:\/\/www.biolabeco.com.br\/esg-sustentabilidade\/pilar-governanca\/","name":"Governance Pillar - Biolab &amp; Co","isPartOf":{"@id":"https:\/\/www.biolabeco.com.br\/#website"},"datePublished":"2024-09-24T14:39:47+00:00","dateModified":"2026-03-12T20:34:36+00:00","description":"See how our approach to corporate governance strengthens business ethics and transparency in the organization. Learn about our commitment to compliance, risk management, diversity and inclusion, and the key role of our Advisory Board.","breadcrumb":{"@id":"https:\/\/www.biolabeco.com.br\/esg-sustentabilidade\/pilar-governanca\/#breadcrumb"},"inLanguage":"en-US","potentialAction":[{"@type":"ReadAction","target":["https:\/\/www.biolabeco.com.br\/esg-sustentabilidade\/pilar-governanca\/"]}]},{"@type":"BreadcrumbList","@id":"https:\/\/www.biolabeco.com.br\/esg-sustentabilidade\/pilar-governanca\/#breadcrumb","itemListElement":[{"@type":"ListItem","position":1,"name":"Home","item":"https:\/\/www.biolabeco.com.br\/"},{"@type":"ListItem","position":2,"name":"ESG e Sustentabilidade","item":"https:\/\/www.biolabeco.com.br\/esg-sustentabilidade\/"},{"@type":"ListItem","position":3,"name":"Pilar Governan\u00e7a"}]},{"@type":"WebSite","@id":"https:\/\/www.biolabeco.com.br\/#website","url":"https:\/\/www.biolabeco.com.br\/","name":"Biolab","description":"At Biolab &amp; Co, science and care go hand in hand. Find out how we promote health with social and environmental responsibility and technology.","potentialAction":[{"@type":"SearchAction","target":{"@type":"EntryPoint","urlTemplate":"https:\/\/www.biolabeco.com.br\/?s={search_term_string}"},"query-input":{"@type":"PropertyValueSpecification","valueRequired":true,"valueName":"search_term_string"}}],"inLanguage":"en-US"}]}},"_links":{"self":[{"href":"https:\/\/www.biolabeco.com.br\/en\/wp-json\/wp\/v2\/pages\/7325"}],"collection":[{"href":"https:\/\/www.biolabeco.com.br\/en\/wp-json\/wp\/v2\/pages"}],"about":[{"href":"https:\/\/www.biolabeco.com.br\/en\/wp-json\/wp\/v2\/types\/page"}],"author":[{"embeddable":true,"href":"https:\/\/www.biolabeco.com.br\/en\/wp-json\/wp\/v2\/users\/9"}],"replies":[{"embeddable":true,"href":"https:\/\/www.biolabeco.com.br\/en\/wp-json\/wp\/v2\/comments?post=7325"}],"version-history":[{"count":4,"href":"https:\/\/www.biolabeco.com.br\/en\/wp-json\/wp\/v2\/pages\/7325\/revisions"}],"predecessor-version":[{"id":16374,"href":"https:\/\/www.biolabeco.com.br\/en\/wp-json\/wp\/v2\/pages\/7325\/revisions\/16374"}],"up":[{"embeddable":true,"href":"https:\/\/www.biolabeco.com.br\/en\/wp-json\/wp\/v2\/pages\/471"}],"wp:attachment":[{"href":"https:\/\/www.biolabeco.com.br\/en\/wp-json\/wp\/v2\/media?parent=7325"}],"curies":[{"name":"wp","href":"https:\/\/api.w.org\/{rel}","templated":true}]}}