{"id":13305,"date":"2025-09-19T11:12:58","date_gmt":"2025-09-19T14:12:58","guid":{"rendered":"https:\/\/www.biolabfarma.com.br\/?page_id=13305"},"modified":"2026-03-12T11:52:09","modified_gmt":"2026-03-12T14:52:09","slug":"juntos-por-ellos-2","status":"publish","type":"page","link":"https:\/\/www.biolabeco.com.br\/es\/nossa-causas\/alerta-vermelho-sangramento-uterino-anormal-sua\/","title":{"rendered":"Alerta roja - Hemorragia uterina anormal (SUA)"},"content":{"rendered":"","protected":false},"excerpt":{"rendered":"","protected":false},"author":16,"featured_media":0,"parent":430,"menu_order":0,"comment_status":"closed","ping_status":"closed","template":"templates\/modular.php","meta":{"_acf_changed":false,"footnotes":""},"acf":[],"yoast_head":"<!-- This site is optimized with the Yoast SEO Premium plugin v24.4 (Yoast SEO v24.4) - https:\/\/yoast.com\/wordpress\/plugins\/seo\/ -->\n<title>Alerta Vermelho - Sangramento \u00daterino Anormal (SUA) - Biolab &amp; Co<\/title>\n<meta name=\"description\" content=\"Fluxo menstrual intenso? Entenda o Sangramento Uterino Anormal (SUA), que afeta 40% das mulheres. Acesse e saiba mais sobre este assunto!\" \/>\n<meta name=\"robots\" content=\"index, follow, max-snippet:-1, max-image-preview:large, max-video-preview:-1\" \/>\n<link rel=\"canonical\" href=\"https:\/\/www.biolabeco.com.br\/es\/nuestras-causas\/juntos-por-ellos-2\/\" \/>\n<meta property=\"og:locale\" content=\"es_ES\" \/>\n<meta property=\"og:type\" content=\"article\" \/>\n<meta property=\"og:title\" content=\"Alerta Vermelho - Sangramento \u00daterino Anormal (SUA)\" \/>\n<meta property=\"og:description\" content=\"Fluxo menstrual intenso? Entenda o Sangramento Uterino Anormal (SUA), que afeta 40% das mulheres. Acesse e saiba mais sobre este assunto!\" \/>\n<meta property=\"og:url\" content=\"https:\/\/www.biolabeco.com.br\/es\/nuestras-causas\/juntos-por-ellos-2\/\" \/>\n<meta property=\"og:site_name\" content=\"Biolab &amp; Co\" \/>\n<meta property=\"article:modified_time\" content=\"2026-03-12T14:52:09+00:00\" \/>\n<meta name=\"twitter:card\" content=\"summary_large_image\" \/>\n<script type=\"application\/ld+json\" class=\"yoast-schema-graph\">{\"@context\":\"https:\/\/schema.org\",\"@graph\":[{\"@type\":\"WebPage\",\"@id\":\"https:\/\/www.biolabeco.com.br\/nossa-causas\/alerta-vermelho-sangramento-uterino-anormal-sua\/\",\"url\":\"https:\/\/www.biolabeco.com.br\/nossa-causas\/alerta-vermelho-sangramento-uterino-anormal-sua\/\",\"name\":\"Alerta Vermelho - Sangramento \u00daterino Anormal (SUA) - Biolab &amp; Co\",\"isPartOf\":{\"@id\":\"https:\/\/www.biolabeco.com.br\/#website\"},\"datePublished\":\"2025-09-19T14:12:58+00:00\",\"dateModified\":\"2026-03-12T14:52:09+00:00\",\"description\":\"Fluxo menstrual intenso? Entenda o Sangramento Uterino Anormal (SUA), que afeta 40% das mulheres. Acesse e saiba mais sobre este assunto!\",\"breadcrumb\":{\"@id\":\"https:\/\/www.biolabeco.com.br\/nossa-causas\/alerta-vermelho-sangramento-uterino-anormal-sua\/#breadcrumb\"},\"inLanguage\":\"es-ES\",\"potentialAction\":[{\"@type\":\"ReadAction\",\"target\":[\"https:\/\/www.biolabeco.com.br\/nossa-causas\/alerta-vermelho-sangramento-uterino-anormal-sua\/\"]}]},{\"@type\":\"BreadcrumbList\",\"@id\":\"https:\/\/www.biolabeco.com.br\/nossa-causas\/alerta-vermelho-sangramento-uterino-anormal-sua\/#breadcrumb\",\"itemListElement\":[{\"@type\":\"ListItem\",\"position\":1,\"name\":\"Home\",\"item\":\"https:\/\/www.biolabeco.com.br\/\"},{\"@type\":\"ListItem\",\"position\":2,\"name\":\"Nossas Causas\",\"item\":\"https:\/\/www.biolabeco.com.br\/en\/our-causes\/\"},{\"@type\":\"ListItem\",\"position\":3,\"name\":\"Alerta Vermelho &#8211; Sangramento \u00daterino Anormal (SUA)\"}]},{\"@type\":\"WebSite\",\"@id\":\"https:\/\/www.biolabeco.com.br\/#website\",\"url\":\"https:\/\/www.biolabeco.com.br\/\",\"name\":\"Biolab\",\"description\":\"Na Biolab &amp; Co, ci\u00eancia e cuidado caminham juntos. Saiba como promovemos sa\u00fade com responsabilidade socioambiental e tecnologia.\",\"potentialAction\":[{\"@type\":\"SearchAction\",\"target\":{\"@type\":\"EntryPoint\",\"urlTemplate\":\"https:\/\/www.biolabeco.com.br\/?s={search_term_string}\"},\"query-input\":{\"@type\":\"PropertyValueSpecification\",\"valueRequired\":true,\"valueName\":\"search_term_string\"}}],\"inLanguage\":\"es-ES\"}]}<\/script>\n<!-- \/ Yoast SEO Premium plugin. -->","yoast_head_json":{"title":"Alerta roja - Hemorragia uterina anormal (SUA) - Biolab &amp; Co","description":"\u00bfFlujo menstrual abundante? Conozca la hemorragia uterina anormal (SUA), que afecta a mujeres 40%. Aqu\u00ed encontrar\u00e1 m\u00e1s informaci\u00f3n.","robots":{"index":"index","follow":"follow","max-snippet":"max-snippet:-1","max-image-preview":"max-image-preview:large","max-video-preview":"max-video-preview:-1"},"canonical":"https:\/\/www.biolabeco.com.br\/es\/nuestras-causas\/juntos-por-ellos-2\/","og_locale":"es_ES","og_type":"article","og_title":"Alerta Vermelho - Sangramento \u00daterino Anormal (SUA)","og_description":"Fluxo menstrual intenso? Entenda o Sangramento Uterino Anormal (SUA), que afeta 40% das mulheres. Acesse e saiba mais sobre este assunto!","og_url":"https:\/\/www.biolabeco.com.br\/es\/nuestras-causas\/juntos-por-ellos-2\/","og_site_name":"Biolab &amp; Co","article_modified_time":"2026-03-12T14:52:09+00:00","twitter_card":"summary_large_image","schema":{"@context":"https:\/\/schema.org","@graph":[{"@type":"WebPage","@id":"https:\/\/www.biolabeco.com.br\/nossa-causas\/alerta-vermelho-sangramento-uterino-anormal-sua\/","url":"https:\/\/www.biolabeco.com.br\/nossa-causas\/alerta-vermelho-sangramento-uterino-anormal-sua\/","name":"Alerta roja - Hemorragia uterina anormal (SUA) - Biolab &amp; Co","isPartOf":{"@id":"https:\/\/www.biolabeco.com.br\/#website"},"datePublished":"2025-09-19T14:12:58+00:00","dateModified":"2026-03-12T14:52:09+00:00","description":"\u00bfFlujo menstrual abundante? Conozca la hemorragia uterina anormal (SUA), que afecta a mujeres 40%. Aqu\u00ed encontrar\u00e1 m\u00e1s informaci\u00f3n.","breadcrumb":{"@id":"https:\/\/www.biolabeco.com.br\/nossa-causas\/alerta-vermelho-sangramento-uterino-anormal-sua\/#breadcrumb"},"inLanguage":"es-ES","potentialAction":[{"@type":"ReadAction","target":["https:\/\/www.biolabeco.com.br\/nossa-causas\/alerta-vermelho-sangramento-uterino-anormal-sua\/"]}]},{"@type":"BreadcrumbList","@id":"https:\/\/www.biolabeco.com.br\/nossa-causas\/alerta-vermelho-sangramento-uterino-anormal-sua\/#breadcrumb","itemListElement":[{"@type":"ListItem","position":1,"name":"Home","item":"https:\/\/www.biolabeco.com.br\/"},{"@type":"ListItem","position":2,"name":"Nossas Causas","item":"https:\/\/www.biolabeco.com.br\/en\/our-causes\/"},{"@type":"ListItem","position":3,"name":"Alerta Vermelho &#8211; Sangramento \u00daterino Anormal (SUA)"}]},{"@type":"WebSite","@id":"https:\/\/www.biolabeco.com.br\/#website","url":"https:\/\/www.biolabeco.com.br\/","name":"biolaboratorio","description":"En Biolab &amp; Co, la ciencia y el cuidado van de la mano. Descubra c\u00f3mo promovemos la salud con responsabilidad socioambiental y tecnolog\u00eda.","potentialAction":[{"@type":"SearchAction","target":{"@type":"EntryPoint","urlTemplate":"https:\/\/www.biolabeco.com.br\/?s={search_term_string}"},"query-input":{"@type":"PropertyValueSpecification","valueRequired":true,"valueName":"search_term_string"}}],"inLanguage":"es-ES"}]}},"_links":{"self":[{"href":"https:\/\/www.biolabeco.com.br\/es\/wp-json\/wp\/v2\/pages\/13305"}],"collection":[{"href":"https:\/\/www.biolabeco.com.br\/es\/wp-json\/wp\/v2\/pages"}],"about":[{"href":"https:\/\/www.biolabeco.com.br\/es\/wp-json\/wp\/v2\/types\/page"}],"author":[{"embeddable":true,"href":"https:\/\/www.biolabeco.com.br\/es\/wp-json\/wp\/v2\/users\/16"}],"replies":[{"embeddable":true,"href":"https:\/\/www.biolabeco.com.br\/es\/wp-json\/wp\/v2\/comments?post=13305"}],"version-history":[{"count":5,"href":"https:\/\/www.biolabeco.com.br\/es\/wp-json\/wp\/v2\/pages\/13305\/revisions"}],"predecessor-version":[{"id":16270,"href":"https:\/\/www.biolabeco.com.br\/es\/wp-json\/wp\/v2\/pages\/13305\/revisions\/16270"}],"up":[{"embeddable":true,"href":"https:\/\/www.biolabeco.com.br\/es\/wp-json\/wp\/v2\/pages\/430"}],"wp:attachment":[{"href":"https:\/\/www.biolabeco.com.br\/es\/wp-json\/wp\/v2\/media?parent=13305"}],"curies":[{"name":"wp","href":"https:\/\/api.w.org\/{rel}","templated":true}]}}