{"id":2449,"date":"2024-05-23T11:08:29","date_gmt":"2024-05-23T14:08:29","guid":{"rendered":"http:\/\/biolab.local\/?page_id=378"},"modified":"2026-03-17T14:11:16","modified_gmt":"2026-03-17T17:11:16","slug":"sobre-biolab","status":"publish","type":"page","link":"https:\/\/www.biolabeco.com.br\/es\/sobre-a-biolab\/","title":{"rendered":"Acerca de Biolab &amp; Co."},"content":{"rendered":"","protected":false},"excerpt":{"rendered":"","protected":false},"author":2,"featured_media":0,"parent":0,"menu_order":0,"comment_status":"closed","ping_status":"closed","template":"templates\/modular.php","meta":{"_acf_changed":false,"footnotes":""},"acf":[],"yoast_head":"<!-- This site is optimized with the Yoast SEO Premium plugin v24.4 (Yoast SEO v24.4) - https:\/\/yoast.com\/wordpress\/plugins\/seo\/ -->\n<title>Biolab Farmac\u00eautica - Inova\u00e7\u00e3o que Transforma Vidas<\/title>\n<meta name=\"description\" content=\"Na Biolab Farmac\u00eautica, estamos empenhados em criar produtos inovadores que realmente fa\u00e7am a diferen\u00e7a na sa\u00fade das pessoas.\" \/>\n<meta name=\"robots\" content=\"index, follow, max-snippet:-1, max-image-preview:large, max-video-preview:-1\" \/>\n<link rel=\"canonical\" href=\"https:\/\/www.biolabeco.com.br\/es\/sobre-biolab\/\" \/>\n<meta property=\"og:locale\" content=\"es_ES\" \/>\n<meta property=\"og:type\" content=\"article\" \/>\n<meta property=\"og:title\" content=\"Sobre a Biolab &amp; Co.\" \/>\n<meta property=\"og:description\" content=\"Na Biolab Farmac\u00eautica, estamos empenhados em criar produtos inovadores que realmente fa\u00e7am a diferen\u00e7a na sa\u00fade das pessoas.\" \/>\n<meta property=\"og:url\" content=\"https:\/\/www.biolabeco.com.br\/es\/sobre-biolab\/\" \/>\n<meta property=\"og:site_name\" content=\"Biolab &amp; Co\" \/>\n<meta property=\"article:modified_time\" content=\"2026-03-17T17:11:16+00:00\" \/>\n<meta name=\"twitter:card\" content=\"summary_large_image\" \/>\n<script type=\"application\/ld+json\" class=\"yoast-schema-graph\">{\"@context\":\"https:\/\/schema.org\",\"@graph\":[{\"@type\":\"WebPage\",\"@id\":\"https:\/\/www.biolabeco.com.br\/sobre-a-biolab\/\",\"url\":\"https:\/\/www.biolabeco.com.br\/sobre-a-biolab\/\",\"name\":\"Biolab Farmac\u00eautica - Inova\u00e7\u00e3o que Transforma Vidas\",\"isPartOf\":{\"@id\":\"https:\/\/www.biolabeco.com.br\/#website\"},\"datePublished\":\"2024-05-23T14:08:29+00:00\",\"dateModified\":\"2026-03-17T17:11:16+00:00\",\"description\":\"Na Biolab Farmac\u00eautica, estamos empenhados em criar produtos inovadores que realmente fa\u00e7am a diferen\u00e7a na sa\u00fade das pessoas.\",\"breadcrumb\":{\"@id\":\"https:\/\/www.biolabeco.com.br\/sobre-a-biolab\/#breadcrumb\"},\"inLanguage\":\"es-ES\",\"potentialAction\":[{\"@type\":\"ReadAction\",\"target\":[\"https:\/\/www.biolabeco.com.br\/sobre-a-biolab\/\"]}]},{\"@type\":\"BreadcrumbList\",\"@id\":\"https:\/\/www.biolabeco.com.br\/sobre-a-biolab\/#breadcrumb\",\"itemListElement\":[{\"@type\":\"ListItem\",\"position\":1,\"name\":\"Home\",\"item\":\"https:\/\/www.biolabeco.com.br\/\"},{\"@type\":\"ListItem\",\"position\":2,\"name\":\"Sobre a Biolab &amp; Co.\"}]},{\"@type\":\"WebSite\",\"@id\":\"https:\/\/www.biolabeco.com.br\/#website\",\"url\":\"https:\/\/www.biolabeco.com.br\/\",\"name\":\"Biolab\",\"description\":\"Na Biolab &amp; Co, ci\u00eancia e cuidado caminham juntos. Saiba como promovemos sa\u00fade com responsabilidade socioambiental e tecnologia.\",\"potentialAction\":[{\"@type\":\"SearchAction\",\"target\":{\"@type\":\"EntryPoint\",\"urlTemplate\":\"https:\/\/www.biolabeco.com.br\/?s={search_term_string}\"},\"query-input\":{\"@type\":\"PropertyValueSpecification\",\"valueRequired\":true,\"valueName\":\"search_term_string\"}}],\"inLanguage\":\"es-ES\"}]}<\/script>\n<!-- \/ Yoast SEO Premium plugin. -->","yoast_head_json":{"title":"Biolab Farmac\u00eautica - Innovaci\u00f3n que transforma vidas","description":"En Biolab Pharmaceuticals, estamos comprometidos con la creaci\u00f3n de productos innovadores que realmente marquen la diferencia en la salud de las personas.","robots":{"index":"index","follow":"follow","max-snippet":"max-snippet:-1","max-image-preview":"max-image-preview:large","max-video-preview":"max-video-preview:-1"},"canonical":"https:\/\/www.biolabeco.com.br\/es\/sobre-biolab\/","og_locale":"es_ES","og_type":"article","og_title":"Sobre a Biolab &amp; Co.","og_description":"Na Biolab Farmac\u00eautica, estamos empenhados em criar produtos inovadores que realmente fa\u00e7am a diferen\u00e7a na sa\u00fade das pessoas.","og_url":"https:\/\/www.biolabeco.com.br\/es\/sobre-biolab\/","og_site_name":"Biolab &amp; Co","article_modified_time":"2026-03-17T17:11:16+00:00","twitter_card":"summary_large_image","schema":{"@context":"https:\/\/schema.org","@graph":[{"@type":"WebPage","@id":"https:\/\/www.biolabeco.com.br\/sobre-a-biolab\/","url":"https:\/\/www.biolabeco.com.br\/sobre-a-biolab\/","name":"Biolab Farmac\u00eautica - Innovaci\u00f3n que transforma vidas","isPartOf":{"@id":"https:\/\/www.biolabeco.com.br\/#website"},"datePublished":"2024-05-23T14:08:29+00:00","dateModified":"2026-03-17T17:11:16+00:00","description":"En Biolab Pharmaceuticals, estamos comprometidos con la creaci\u00f3n de productos innovadores que realmente marquen la diferencia en la salud de las personas.","breadcrumb":{"@id":"https:\/\/www.biolabeco.com.br\/sobre-a-biolab\/#breadcrumb"},"inLanguage":"es-ES","potentialAction":[{"@type":"ReadAction","target":["https:\/\/www.biolabeco.com.br\/sobre-a-biolab\/"]}]},{"@type":"BreadcrumbList","@id":"https:\/\/www.biolabeco.com.br\/sobre-a-biolab\/#breadcrumb","itemListElement":[{"@type":"ListItem","position":1,"name":"Home","item":"https:\/\/www.biolabeco.com.br\/"},{"@type":"ListItem","position":2,"name":"Sobre a Biolab &amp; Co."}]},{"@type":"WebSite","@id":"https:\/\/www.biolabeco.com.br\/#website","url":"https:\/\/www.biolabeco.com.br\/","name":"biolaboratorio","description":"En Biolab &amp; Co, la ciencia y el cuidado van de la mano. Descubra c\u00f3mo promovemos la salud con responsabilidad socioambiental y tecnolog\u00eda.","potentialAction":[{"@type":"SearchAction","target":{"@type":"EntryPoint","urlTemplate":"https:\/\/www.biolabeco.com.br\/?s={search_term_string}"},"query-input":{"@type":"PropertyValueSpecification","valueRequired":true,"valueName":"search_term_string"}}],"inLanguage":"es-ES"}]}},"_links":{"self":[{"href":"https:\/\/www.biolabeco.com.br\/es\/wp-json\/wp\/v2\/pages\/2449"}],"collection":[{"href":"https:\/\/www.biolabeco.com.br\/es\/wp-json\/wp\/v2\/pages"}],"about":[{"href":"https:\/\/www.biolabeco.com.br\/es\/wp-json\/wp\/v2\/types\/page"}],"author":[{"embeddable":true,"href":"https:\/\/www.biolabeco.com.br\/es\/wp-json\/wp\/v2\/users\/2"}],"replies":[{"embeddable":true,"href":"https:\/\/www.biolabeco.com.br\/es\/wp-json\/wp\/v2\/comments?post=2449"}],"version-history":[{"count":5,"href":"https:\/\/www.biolabeco.com.br\/es\/wp-json\/wp\/v2\/pages\/2449\/revisions"}],"predecessor-version":[{"id":16433,"href":"https:\/\/www.biolabeco.com.br\/es\/wp-json\/wp\/v2\/pages\/2449\/revisions\/16433"}],"wp:attachment":[{"href":"https:\/\/www.biolabeco.com.br\/es\/wp-json\/wp\/v2\/media?parent=2449"}],"curies":[{"name":"wp","href":"https:\/\/api.w.org\/{rel}","templated":true}]}}