{"id":409,"date":"2024-05-27T11:49:34","date_gmt":"2024-05-27T14:49:34","guid":{"rendered":"http:\/\/biolab.local\/?page_id=409"},"modified":"2024-07-03T12:09:33","modified_gmt":"2024-07-03T15:09:33","slug":"salud-animal","status":"publish","type":"page","link":"https:\/\/www.biolabeco.com.br\/es\/exzell\/saude-animal\/","title":{"rendered":"Exzell Salud Animal"},"content":{"rendered":"","protected":false},"excerpt":{"rendered":"","protected":false},"author":2,"featured_media":0,"parent":2450,"menu_order":0,"comment_status":"closed","ping_status":"closed","template":"templates\/modular.php","meta":{"_acf_changed":false,"footnotes":""},"acf":[],"yoast_head":"<!-- This site is optimized with the Yoast SEO Premium plugin v24.4 (Yoast SEO v24.4) - https:\/\/yoast.com\/wordpress\/plugins\/seo\/ -->\n<title>Exzell Sa\u00fade Animal - Biolab &amp; Co<\/title>\n<meta name=\"description\" content=\"Com foco nos setores farmac\u00eautico, nutrac\u00eautico e dermocosm\u00e9tico veterin\u00e1rio, a Exzell Animal Health visa trazer as melhores solu\u00e7\u00f5es para a sa\u00fade e o bem-estar de c\u00e3es e gatos, contribuindo para a melhor qualidade e expectativa de vida desses animais.\" \/>\n<meta name=\"robots\" content=\"index, follow, max-snippet:-1, max-image-preview:large, max-video-preview:-1\" \/>\n<link rel=\"canonical\" href=\"https:\/\/www.biolabeco.com.br\/es\/exzell\/salud-animal\/\" \/>\n<meta property=\"og:locale\" content=\"es_ES\" \/>\n<meta property=\"og:type\" content=\"article\" \/>\n<meta property=\"og:title\" content=\"Exzell Sa\u00fade Animal\" \/>\n<meta property=\"og:description\" content=\"Com foco nos setores farmac\u00eautico, nutrac\u00eautico e dermocosm\u00e9tico veterin\u00e1rio, a Exzell Animal Health visa trazer as melhores solu\u00e7\u00f5es para a sa\u00fade e o bem-estar de c\u00e3es e gatos, contribuindo para a melhor qualidade e expectativa de vida desses animais.\" \/>\n<meta property=\"og:url\" content=\"https:\/\/www.biolabeco.com.br\/es\/exzell\/salud-animal\/\" \/>\n<meta property=\"og:site_name\" content=\"Biolab &amp; Co\" \/>\n<meta property=\"article:modified_time\" content=\"2024-07-03T15:09:33+00:00\" \/>\n<meta name=\"twitter:card\" content=\"summary_large_image\" \/>\n<script type=\"application\/ld+json\" class=\"yoast-schema-graph\">{\"@context\":\"https:\/\/schema.org\",\"@graph\":[{\"@type\":\"WebPage\",\"@id\":\"https:\/\/www.biolabeco.com.br\/exzell\/saude-animal\/\",\"url\":\"https:\/\/www.biolabeco.com.br\/exzell\/saude-animal\/\",\"name\":\"Exzell Sa\u00fade Animal - Biolab &amp; Co\",\"isPartOf\":{\"@id\":\"https:\/\/www.biolabeco.com.br\/#website\"},\"datePublished\":\"2024-05-27T14:49:34+00:00\",\"dateModified\":\"2024-07-03T15:09:33+00:00\",\"description\":\"Com foco nos setores farmac\u00eautico, nutrac\u00eautico e dermocosm\u00e9tico veterin\u00e1rio, a Exzell Animal Health visa trazer as melhores solu\u00e7\u00f5es para a sa\u00fade e o bem-estar de c\u00e3es e gatos, contribuindo para a melhor qualidade e expectativa de vida desses animais.\",\"breadcrumb\":{\"@id\":\"https:\/\/www.biolabeco.com.br\/exzell\/saude-animal\/#breadcrumb\"},\"inLanguage\":\"es-ES\",\"potentialAction\":[{\"@type\":\"ReadAction\",\"target\":[\"https:\/\/www.biolabeco.com.br\/exzell\/saude-animal\/\"]}]},{\"@type\":\"BreadcrumbList\",\"@id\":\"https:\/\/www.biolabeco.com.br\/exzell\/saude-animal\/#breadcrumb\",\"itemListElement\":[{\"@type\":\"ListItem\",\"position\":1,\"name\":\"Home\",\"item\":\"https:\/\/www.biolabeco.com.br\/\"},{\"@type\":\"ListItem\",\"position\":2,\"name\":\"Exzell Pharma\",\"item\":\"https:\/\/www.biolabeco.com.br\/exzell\/\"},{\"@type\":\"ListItem\",\"position\":3,\"name\":\"Exzell Sa\u00fade Animal\"}]},{\"@type\":\"WebSite\",\"@id\":\"https:\/\/www.biolabeco.com.br\/#website\",\"url\":\"https:\/\/www.biolabeco.com.br\/\",\"name\":\"Biolab\",\"description\":\"Na Biolab &amp; Co, ci\u00eancia e cuidado caminham juntos. Saiba como promovemos sa\u00fade com responsabilidade socioambiental e tecnologia.\",\"potentialAction\":[{\"@type\":\"SearchAction\",\"target\":{\"@type\":\"EntryPoint\",\"urlTemplate\":\"https:\/\/www.biolabeco.com.br\/?s={search_term_string}\"},\"query-input\":{\"@type\":\"PropertyValueSpecification\",\"valueRequired\":true,\"valueName\":\"search_term_string\"}}],\"inLanguage\":\"es-ES\"}]}<\/script>\n<!-- \/ Yoast SEO Premium plugin. -->","yoast_head_json":{"title":"Exzell Salud Animal - Biolab &amp; Co","description":"Centrada en los sectores farmac\u00e9utico, nutrac\u00e9utico y dermocosm\u00e9tico veterinario, Exzell Animal Health tiene como objetivo proporcionar las mejores soluciones para la salud y el bienestar de perros y gatos, contribuyendo a mejorar su calidad y esperanza de vida.","robots":{"index":"index","follow":"follow","max-snippet":"max-snippet:-1","max-image-preview":"max-image-preview:large","max-video-preview":"max-video-preview:-1"},"canonical":"https:\/\/www.biolabeco.com.br\/es\/exzell\/salud-animal\/","og_locale":"es_ES","og_type":"article","og_title":"Exzell Sa\u00fade Animal","og_description":"Com foco nos setores farmac\u00eautico, nutrac\u00eautico e dermocosm\u00e9tico veterin\u00e1rio, a Exzell Animal Health visa trazer as melhores solu\u00e7\u00f5es para a sa\u00fade e o bem-estar de c\u00e3es e gatos, contribuindo para a melhor qualidade e expectativa de vida desses animais.","og_url":"https:\/\/www.biolabeco.com.br\/es\/exzell\/salud-animal\/","og_site_name":"Biolab &amp; Co","article_modified_time":"2024-07-03T15:09:33+00:00","twitter_card":"summary_large_image","schema":{"@context":"https:\/\/schema.org","@graph":[{"@type":"WebPage","@id":"https:\/\/www.biolabeco.com.br\/exzell\/saude-animal\/","url":"https:\/\/www.biolabeco.com.br\/exzell\/saude-animal\/","name":"Exzell Salud Animal - Biolab &amp; Co","isPartOf":{"@id":"https:\/\/www.biolabeco.com.br\/#website"},"datePublished":"2024-05-27T14:49:34+00:00","dateModified":"2024-07-03T15:09:33+00:00","description":"Centrada en los sectores farmac\u00e9utico, nutrac\u00e9utico y dermocosm\u00e9tico veterinario, Exzell Animal Health tiene como objetivo proporcionar las mejores soluciones para la salud y el bienestar de perros y gatos, contribuyendo a mejorar su calidad y esperanza de vida.","breadcrumb":{"@id":"https:\/\/www.biolabeco.com.br\/exzell\/saude-animal\/#breadcrumb"},"inLanguage":"es-ES","potentialAction":[{"@type":"ReadAction","target":["https:\/\/www.biolabeco.com.br\/exzell\/saude-animal\/"]}]},{"@type":"BreadcrumbList","@id":"https:\/\/www.biolabeco.com.br\/exzell\/saude-animal\/#breadcrumb","itemListElement":[{"@type":"ListItem","position":1,"name":"Home","item":"https:\/\/www.biolabeco.com.br\/"},{"@type":"ListItem","position":2,"name":"Exzell Pharma","item":"https:\/\/www.biolabeco.com.br\/exzell\/"},{"@type":"ListItem","position":3,"name":"Exzell Sa\u00fade Animal"}]},{"@type":"WebSite","@id":"https:\/\/www.biolabeco.com.br\/#website","url":"https:\/\/www.biolabeco.com.br\/","name":"biolaboratorio","description":"En Biolab &amp; Co, la ciencia y el cuidado van de la mano. Descubra c\u00f3mo promovemos la salud con responsabilidad socioambiental y tecnolog\u00eda.","potentialAction":[{"@type":"SearchAction","target":{"@type":"EntryPoint","urlTemplate":"https:\/\/www.biolabeco.com.br\/?s={search_term_string}"},"query-input":{"@type":"PropertyValueSpecification","valueRequired":true,"valueName":"search_term_string"}}],"inLanguage":"es-ES"}]}},"_links":{"self":[{"href":"https:\/\/www.biolabeco.com.br\/es\/wp-json\/wp\/v2\/pages\/409"}],"collection":[{"href":"https:\/\/www.biolabeco.com.br\/es\/wp-json\/wp\/v2\/pages"}],"about":[{"href":"https:\/\/www.biolabeco.com.br\/es\/wp-json\/wp\/v2\/types\/page"}],"author":[{"embeddable":true,"href":"https:\/\/www.biolabeco.com.br\/es\/wp-json\/wp\/v2\/users\/2"}],"replies":[{"embeddable":true,"href":"https:\/\/www.biolabeco.com.br\/es\/wp-json\/wp\/v2\/comments?post=409"}],"version-history":[{"count":9,"href":"https:\/\/www.biolabeco.com.br\/es\/wp-json\/wp\/v2\/pages\/409\/revisions"}],"predecessor-version":[{"id":5138,"href":"https:\/\/www.biolabeco.com.br\/es\/wp-json\/wp\/v2\/pages\/409\/revisions\/5138"}],"up":[{"embeddable":true,"href":"https:\/\/www.biolabeco.com.br\/es\/wp-json\/wp\/v2\/pages\/2450"}],"wp:attachment":[{"href":"https:\/\/www.biolabeco.com.br\/es\/wp-json\/wp\/v2\/media?parent=409"}],"curies":[{"name":"wp","href":"https:\/\/api.w.org\/{rel}","templated":true}]}}