{"id":420,"date":"2024-05-27T12:02:46","date_gmt":"2024-05-27T15:02:46","guid":{"rendered":"http:\/\/biolab.local\/?page_id=420"},"modified":"2025-09-16T14:55:12","modified_gmt":"2025-09-16T17:55:12","slug":"evite","status":"publish","type":"page","link":"https:\/\/www.biolabeco.com.br\/es\/empresas-e-unidades\/avert\/","title":{"rendered":"Avert"},"content":{"rendered":"","protected":false},"excerpt":{"rendered":"","protected":false},"author":2,"featured_media":0,"parent":407,"menu_order":0,"comment_status":"closed","ping_status":"closed","template":"templates\/modular.php","meta":{"_acf_changed":false,"footnotes":""},"acf":[],"yoast_head":"<!-- This site is optimized with the Yoast SEO Premium plugin v24.4 (Yoast SEO v24.4) - https:\/\/yoast.com\/wordpress\/plugins\/seo\/ -->\n<title>Avert\u00ae - Biolab &amp; Co<\/title>\n<meta name=\"description\" content=\"Desde 2013, a Avert, divis\u00e3o animal da Biolab, desenvolve suplementos, dermocosm\u00e9ticos e medicamentos veterin\u00e1rios, levando ao cuidado 360 para os pets. Confira!\" \/>\n<meta name=\"robots\" content=\"index, follow, max-snippet:-1, max-image-preview:large, max-video-preview:-1\" \/>\n<link rel=\"canonical\" href=\"https:\/\/www.biolabeco.com.br\/es\/empresas-y-unidades\/evite\/\" \/>\n<meta property=\"og:locale\" content=\"es_ES\" \/>\n<meta property=\"og:type\" content=\"article\" \/>\n<meta property=\"og:title\" content=\"Avert\u00ae\" \/>\n<meta property=\"og:description\" content=\"Desde 2013, a Avert, divis\u00e3o animal da Biolab, desenvolve suplementos, dermocosm\u00e9ticos e medicamentos veterin\u00e1rios, levando ao cuidado 360 para os pets. Confira!\" \/>\n<meta property=\"og:url\" content=\"https:\/\/www.biolabeco.com.br\/es\/empresas-y-unidades\/evite\/\" \/>\n<meta property=\"og:site_name\" content=\"Biolab &amp; Co\" \/>\n<meta property=\"article:modified_time\" content=\"2025-09-16T17:55:12+00:00\" \/>\n<meta name=\"twitter:card\" content=\"summary_large_image\" \/>\n<script type=\"application\/ld+json\" class=\"yoast-schema-graph\">{\"@context\":\"https:\/\/schema.org\",\"@graph\":[{\"@type\":\"WebPage\",\"@id\":\"https:\/\/www.biolabeco.com.br\/empresas-e-unidades\/avert\/\",\"url\":\"https:\/\/www.biolabeco.com.br\/empresas-e-unidades\/avert\/\",\"name\":\"Avert\u00ae - Biolab &amp; Co\",\"isPartOf\":{\"@id\":\"https:\/\/www.biolabeco.com.br\/#website\"},\"datePublished\":\"2024-05-27T15:02:46+00:00\",\"dateModified\":\"2025-09-16T17:55:12+00:00\",\"description\":\"Desde 2013, a Avert, divis\u00e3o animal da Biolab, desenvolve suplementos, dermocosm\u00e9ticos e medicamentos veterin\u00e1rios, levando ao cuidado 360 para os pets. Confira!\",\"breadcrumb\":{\"@id\":\"https:\/\/www.biolabeco.com.br\/empresas-e-unidades\/avert\/#breadcrumb\"},\"inLanguage\":\"es-ES\",\"potentialAction\":[{\"@type\":\"ReadAction\",\"target\":[\"https:\/\/www.biolabeco.com.br\/empresas-e-unidades\/avert\/\"]}]},{\"@type\":\"BreadcrumbList\",\"@id\":\"https:\/\/www.biolabeco.com.br\/empresas-e-unidades\/avert\/#breadcrumb\",\"itemListElement\":[{\"@type\":\"ListItem\",\"position\":1,\"name\":\"Home\",\"item\":\"https:\/\/www.biolabeco.com.br\/\"},{\"@type\":\"ListItem\",\"position\":2,\"name\":\"Empresas e Unidades\",\"item\":\"https:\/\/www.biolabeco.com.br\/empresas-e-unidades\/\"},{\"@type\":\"ListItem\",\"position\":3,\"name\":\"Avert\u00ae\"}]},{\"@type\":\"WebSite\",\"@id\":\"https:\/\/www.biolabeco.com.br\/#website\",\"url\":\"https:\/\/www.biolabeco.com.br\/\",\"name\":\"Biolab\",\"description\":\"Na Biolab &amp; Co, ci\u00eancia e cuidado caminham juntos. Saiba como promovemos sa\u00fade com responsabilidade socioambiental e tecnologia.\",\"potentialAction\":[{\"@type\":\"SearchAction\",\"target\":{\"@type\":\"EntryPoint\",\"urlTemplate\":\"https:\/\/www.biolabeco.com.br\/?s={search_term_string}\"},\"query-input\":{\"@type\":\"PropertyValueSpecification\",\"valueRequired\":true,\"valueName\":\"search_term_string\"}}],\"inLanguage\":\"es-ES\"}]}<\/script>\n<!-- \/ Yoast SEO Premium plugin. -->","yoast_head_json":{"title":"Avert\u00ae - Biolab &amp; Co","description":"Desde 2013, Avert, la divisi\u00f3n animal de Biolab, desarrolla suplementos, dermocosm\u00e9ticos y medicamentos veterinarios, que conducen a un cuidado 360\u00b0 de las mascotas. \u00a1Compru\u00e9balo!","robots":{"index":"index","follow":"follow","max-snippet":"max-snippet:-1","max-image-preview":"max-image-preview:large","max-video-preview":"max-video-preview:-1"},"canonical":"https:\/\/www.biolabeco.com.br\/es\/empresas-y-unidades\/evite\/","og_locale":"es_ES","og_type":"article","og_title":"Avert\u00ae","og_description":"Desde 2013, a Avert, divis\u00e3o animal da Biolab, desenvolve suplementos, dermocosm\u00e9ticos e medicamentos veterin\u00e1rios, levando ao cuidado 360 para os pets. Confira!","og_url":"https:\/\/www.biolabeco.com.br\/es\/empresas-y-unidades\/evite\/","og_site_name":"Biolab &amp; Co","article_modified_time":"2025-09-16T17:55:12+00:00","twitter_card":"summary_large_image","schema":{"@context":"https:\/\/schema.org","@graph":[{"@type":"WebPage","@id":"https:\/\/www.biolabeco.com.br\/empresas-e-unidades\/avert\/","url":"https:\/\/www.biolabeco.com.br\/empresas-e-unidades\/avert\/","name":"Avert\u00ae - Biolab &amp; Co","isPartOf":{"@id":"https:\/\/www.biolabeco.com.br\/#website"},"datePublished":"2024-05-27T15:02:46+00:00","dateModified":"2025-09-16T17:55:12+00:00","description":"Desde 2013, Avert, la divisi\u00f3n animal de Biolab, desarrolla suplementos, dermocosm\u00e9ticos y medicamentos veterinarios, que conducen a un cuidado 360\u00b0 de las mascotas. \u00a1Compru\u00e9balo!","breadcrumb":{"@id":"https:\/\/www.biolabeco.com.br\/empresas-e-unidades\/avert\/#breadcrumb"},"inLanguage":"es-ES","potentialAction":[{"@type":"ReadAction","target":["https:\/\/www.biolabeco.com.br\/empresas-e-unidades\/avert\/"]}]},{"@type":"BreadcrumbList","@id":"https:\/\/www.biolabeco.com.br\/empresas-e-unidades\/avert\/#breadcrumb","itemListElement":[{"@type":"ListItem","position":1,"name":"Home","item":"https:\/\/www.biolabeco.com.br\/"},{"@type":"ListItem","position":2,"name":"Empresas e Unidades","item":"https:\/\/www.biolabeco.com.br\/empresas-e-unidades\/"},{"@type":"ListItem","position":3,"name":"Avert\u00ae"}]},{"@type":"WebSite","@id":"https:\/\/www.biolabeco.com.br\/#website","url":"https:\/\/www.biolabeco.com.br\/","name":"biolaboratorio","description":"En Biolab &amp; Co, la ciencia y el cuidado van de la mano. Descubra c\u00f3mo promovemos la salud con responsabilidad socioambiental y tecnolog\u00eda.","potentialAction":[{"@type":"SearchAction","target":{"@type":"EntryPoint","urlTemplate":"https:\/\/www.biolabeco.com.br\/?s={search_term_string}"},"query-input":{"@type":"PropertyValueSpecification","valueRequired":true,"valueName":"search_term_string"}}],"inLanguage":"es-ES"}]}},"_links":{"self":[{"href":"https:\/\/www.biolabeco.com.br\/es\/wp-json\/wp\/v2\/pages\/420"}],"collection":[{"href":"https:\/\/www.biolabeco.com.br\/es\/wp-json\/wp\/v2\/pages"}],"about":[{"href":"https:\/\/www.biolabeco.com.br\/es\/wp-json\/wp\/v2\/types\/page"}],"author":[{"embeddable":true,"href":"https:\/\/www.biolabeco.com.br\/es\/wp-json\/wp\/v2\/users\/2"}],"replies":[{"embeddable":true,"href":"https:\/\/www.biolabeco.com.br\/es\/wp-json\/wp\/v2\/comments?post=420"}],"version-history":[{"count":19,"href":"https:\/\/www.biolabeco.com.br\/es\/wp-json\/wp\/v2\/pages\/420\/revisions"}],"predecessor-version":[{"id":13115,"href":"https:\/\/www.biolabeco.com.br\/es\/wp-json\/wp\/v2\/pages\/420\/revisions\/13115"}],"up":[{"embeddable":true,"href":"https:\/\/www.biolabeco.com.br\/es\/wp-json\/wp\/v2\/pages\/407"}],"wp:attachment":[{"href":"https:\/\/www.biolabeco.com.br\/es\/wp-json\/wp\/v2\/media?parent=420"}],"curies":[{"name":"wp","href":"https:\/\/api.w.org\/{rel}","templated":true}]}}