{"id":437,"date":"2024-05-27T12:15:35","date_gmt":"2024-05-27T15:15:35","guid":{"rendered":"http:\/\/biolab.local\/?page_id=437"},"modified":"2026-03-12T11:51:11","modified_gmt":"2026-03-12T14:51:11","slug":"conectado","status":"publish","type":"page","link":"https:\/\/www.biolabeco.com.br\/es\/nossa-causas\/conectados\/","title":{"rendered":"Conectado"},"content":{"rendered":"","protected":false},"excerpt":{"rendered":"","protected":false},"author":2,"featured_media":0,"parent":430,"menu_order":0,"comment_status":"closed","ping_status":"closed","template":"templates\/modular.php","meta":{"_acf_changed":false,"footnotes":""},"acf":[],"yoast_head":"<!-- This site is optimized with the Yoast SEO Premium plugin v24.4 (Yoast SEO v24.4) - https:\/\/yoast.com\/wordpress\/plugins\/seo\/ -->\n<title>Conectados - Biolab &amp; Co<\/title>\n<meta name=\"description\" content=\"Biolab Conectados \u00e9 uma causa da Biolab que apoia e orienta acerca da import\u00e2ncia da conviv\u00eancia da sa\u00fade mental com os pets, c\u00e2es e gatos.\" \/>\n<meta name=\"robots\" content=\"index, follow, max-snippet:-1, max-image-preview:large, max-video-preview:-1\" \/>\n<link rel=\"canonical\" href=\"https:\/\/www.biolabeco.com.br\/es\/nuestras-causas\/conectado\/\" \/>\n<meta property=\"og:locale\" content=\"es_ES\" \/>\n<meta property=\"og:type\" content=\"article\" \/>\n<meta property=\"og:title\" content=\"Conectados\" \/>\n<meta property=\"og:description\" content=\"Biolab Conectados \u00e9 uma causa da Biolab que apoia e orienta acerca da import\u00e2ncia da conviv\u00eancia da sa\u00fade mental com os pets, c\u00e2es e gatos.\" \/>\n<meta property=\"og:url\" content=\"https:\/\/www.biolabeco.com.br\/es\/nuestras-causas\/conectado\/\" \/>\n<meta property=\"og:site_name\" content=\"Biolab &amp; Co\" \/>\n<meta property=\"article:modified_time\" content=\"2026-03-12T14:51:11+00:00\" \/>\n<meta name=\"twitter:card\" content=\"summary_large_image\" \/>\n<script type=\"application\/ld+json\" class=\"yoast-schema-graph\">{\"@context\":\"https:\/\/schema.org\",\"@graph\":[{\"@type\":\"WebPage\",\"@id\":\"https:\/\/www.biolabeco.com.br\/en\/our-causes\/connected\/\",\"url\":\"https:\/\/www.biolabeco.com.br\/en\/our-causes\/connected\/\",\"name\":\"Conectados - Biolab &amp; Co\",\"isPartOf\":{\"@id\":\"https:\/\/www.biolabeco.com.br\/#website\"},\"datePublished\":\"2024-05-27T15:15:35+00:00\",\"dateModified\":\"2026-03-12T14:51:11+00:00\",\"description\":\"Biolab Conectados \u00e9 uma causa da Biolab que apoia e orienta acerca da import\u00e2ncia da conviv\u00eancia da sa\u00fade mental com os pets, c\u00e2es e gatos.\",\"breadcrumb\":{\"@id\":\"https:\/\/www.biolabeco.com.br\/en\/our-causes\/connected\/#breadcrumb\"},\"inLanguage\":\"es-ES\",\"potentialAction\":[{\"@type\":\"ReadAction\",\"target\":[\"https:\/\/www.biolabeco.com.br\/en\/our-causes\/connected\/\"]}]},{\"@type\":\"BreadcrumbList\",\"@id\":\"https:\/\/www.biolabeco.com.br\/en\/our-causes\/connected\/#breadcrumb\",\"itemListElement\":[{\"@type\":\"ListItem\",\"position\":1,\"name\":\"Home\",\"item\":\"https:\/\/www.biolabeco.com.br\/\"},{\"@type\":\"ListItem\",\"position\":2,\"name\":\"Nossas Causas\",\"item\":\"https:\/\/www.biolabeco.com.br\/en\/our-causes\/\"},{\"@type\":\"ListItem\",\"position\":3,\"name\":\"Conectados\"}]},{\"@type\":\"WebSite\",\"@id\":\"https:\/\/www.biolabeco.com.br\/#website\",\"url\":\"https:\/\/www.biolabeco.com.br\/\",\"name\":\"Biolab\",\"description\":\"Na Biolab &amp; Co, ci\u00eancia e cuidado caminham juntos. Saiba como promovemos sa\u00fade com responsabilidade socioambiental e tecnologia.\",\"potentialAction\":[{\"@type\":\"SearchAction\",\"target\":{\"@type\":\"EntryPoint\",\"urlTemplate\":\"https:\/\/www.biolabeco.com.br\/?s={search_term_string}\"},\"query-input\":{\"@type\":\"PropertyValueSpecification\",\"valueRequired\":true,\"valueName\":\"search_term_string\"}}],\"inLanguage\":\"es-ES\"}]}<\/script>\n<!-- \/ Yoast SEO Premium plugin. -->","yoast_head_json":{"title":"Conectado - Biolab &amp; Co","description":"Biolab Conectados es una causa de Biolab que apoya y asesora sobre la importancia de la convivencia de la salud mental con los animales de compa\u00f1\u00eda, perros y gatos.","robots":{"index":"index","follow":"follow","max-snippet":"max-snippet:-1","max-image-preview":"max-image-preview:large","max-video-preview":"max-video-preview:-1"},"canonical":"https:\/\/www.biolabeco.com.br\/es\/nuestras-causas\/conectado\/","og_locale":"es_ES","og_type":"article","og_title":"Conectados","og_description":"Biolab Conectados \u00e9 uma causa da Biolab que apoia e orienta acerca da import\u00e2ncia da conviv\u00eancia da sa\u00fade mental com os pets, c\u00e2es e gatos.","og_url":"https:\/\/www.biolabeco.com.br\/es\/nuestras-causas\/conectado\/","og_site_name":"Biolab &amp; Co","article_modified_time":"2026-03-12T14:51:11+00:00","twitter_card":"summary_large_image","schema":{"@context":"https:\/\/schema.org","@graph":[{"@type":"WebPage","@id":"https:\/\/www.biolabeco.com.br\/en\/our-causes\/connected\/","url":"https:\/\/www.biolabeco.com.br\/en\/our-causes\/connected\/","name":"Conectado - Biolab &amp; Co","isPartOf":{"@id":"https:\/\/www.biolabeco.com.br\/#website"},"datePublished":"2024-05-27T15:15:35+00:00","dateModified":"2026-03-12T14:51:11+00:00","description":"Biolab Conectados es una causa de Biolab que apoya y asesora sobre la importancia de la convivencia de la salud mental con los animales de compa\u00f1\u00eda, perros y gatos.","breadcrumb":{"@id":"https:\/\/www.biolabeco.com.br\/en\/our-causes\/connected\/#breadcrumb"},"inLanguage":"es-ES","potentialAction":[{"@type":"ReadAction","target":["https:\/\/www.biolabeco.com.br\/en\/our-causes\/connected\/"]}]},{"@type":"BreadcrumbList","@id":"https:\/\/www.biolabeco.com.br\/en\/our-causes\/connected\/#breadcrumb","itemListElement":[{"@type":"ListItem","position":1,"name":"Home","item":"https:\/\/www.biolabeco.com.br\/"},{"@type":"ListItem","position":2,"name":"Nossas Causas","item":"https:\/\/www.biolabeco.com.br\/en\/our-causes\/"},{"@type":"ListItem","position":3,"name":"Conectados"}]},{"@type":"WebSite","@id":"https:\/\/www.biolabeco.com.br\/#website","url":"https:\/\/www.biolabeco.com.br\/","name":"biolaboratorio","description":"En Biolab &amp; Co, la ciencia y el cuidado van de la mano. Descubra c\u00f3mo promovemos la salud con responsabilidad socioambiental y tecnolog\u00eda.","potentialAction":[{"@type":"SearchAction","target":{"@type":"EntryPoint","urlTemplate":"https:\/\/www.biolabeco.com.br\/?s={search_term_string}"},"query-input":{"@type":"PropertyValueSpecification","valueRequired":true,"valueName":"search_term_string"}}],"inLanguage":"es-ES"}]}},"_links":{"self":[{"href":"https:\/\/www.biolabeco.com.br\/es\/wp-json\/wp\/v2\/pages\/437"}],"collection":[{"href":"https:\/\/www.biolabeco.com.br\/es\/wp-json\/wp\/v2\/pages"}],"about":[{"href":"https:\/\/www.biolabeco.com.br\/es\/wp-json\/wp\/v2\/types\/page"}],"author":[{"embeddable":true,"href":"https:\/\/www.biolabeco.com.br\/es\/wp-json\/wp\/v2\/users\/2"}],"replies":[{"embeddable":true,"href":"https:\/\/www.biolabeco.com.br\/es\/wp-json\/wp\/v2\/comments?post=437"}],"version-history":[{"count":5,"href":"https:\/\/www.biolabeco.com.br\/es\/wp-json\/wp\/v2\/pages\/437\/revisions"}],"predecessor-version":[{"id":16269,"href":"https:\/\/www.biolabeco.com.br\/es\/wp-json\/wp\/v2\/pages\/437\/revisions\/16269"}],"up":[{"embeddable":true,"href":"https:\/\/www.biolabeco.com.br\/es\/wp-json\/wp\/v2\/pages\/430"}],"wp:attachment":[{"href":"https:\/\/www.biolabeco.com.br\/es\/wp-json\/wp\/v2\/media?parent=437"}],"curies":[{"name":"wp","href":"https:\/\/api.w.org\/{rel}","templated":true}]}}