{"id":483,"date":"2024-05-27T13:32:20","date_gmt":"2024-05-27T16:32:20","guid":{"rendered":"http:\/\/biolab.local\/?page_id=483"},"modified":"2024-07-04T10:54:49","modified_gmt":"2024-07-04T13:54:49","slug":"linea-hospitalaria","status":"publish","type":"page","link":"https:\/\/www.biolabeco.com.br\/es\/saude-humana\/linha-hospitalar\/","title":{"rendered":"L\u00ednea hospitalaria"},"content":{"rendered":"","protected":false},"excerpt":{"rendered":"","protected":false},"author":2,"featured_media":0,"parent":473,"menu_order":0,"comment_status":"closed","ping_status":"closed","template":"templates\/modular.php","meta":{"_acf_changed":false,"footnotes":""},"acf":[],"yoast_head":"<!-- This site is optimized with the Yoast SEO Premium plugin v24.4 (Yoast SEO v24.4) - https:\/\/yoast.com\/wordpress\/plugins\/seo\/ -->\n<title>Linha Hospitalar - Biolab &amp; Co<\/title>\n<meta name=\"description\" content=\"Contamos com um portf\u00f3lio de produtos inovadores, de alta tecnologia e elevado padr\u00e3o de qualidade, o que faz da companhia uma refer\u00eancia no mercado e com s\u00f3lido compromisso com o desenvolvimento da ci\u00eancia e da ind\u00fastria farmac\u00eautica, inclusive em \u00e1reas onde o cuidado com a sa\u00fade \u00e9 ainda mais intenso.\" \/>\n<meta name=\"robots\" content=\"index, follow, max-snippet:-1, max-image-preview:large, max-video-preview:-1\" \/>\n<link rel=\"canonical\" href=\"https:\/\/www.biolabeco.com.br\/es\/salud-humana-2\/linea-hospitalaria\/\" \/>\n<meta property=\"og:locale\" content=\"es_ES\" \/>\n<meta property=\"og:type\" content=\"article\" \/>\n<meta property=\"og:title\" content=\"Linha Hospitalar\" \/>\n<meta property=\"og:description\" content=\"Contamos com um portf\u00f3lio de produtos inovadores, de alta tecnologia e elevado padr\u00e3o de qualidade, o que faz da companhia uma refer\u00eancia no mercado e com s\u00f3lido compromisso com o desenvolvimento da ci\u00eancia e da ind\u00fastria farmac\u00eautica, inclusive em \u00e1reas onde o cuidado com a sa\u00fade \u00e9 ainda mais intenso.\" \/>\n<meta property=\"og:url\" content=\"https:\/\/www.biolabeco.com.br\/es\/salud-humana-2\/linea-hospitalaria\/\" \/>\n<meta property=\"og:site_name\" content=\"Biolab &amp; Co\" \/>\n<meta property=\"article:modified_time\" content=\"2024-07-04T13:54:49+00:00\" \/>\n<meta name=\"twitter:card\" content=\"summary_large_image\" \/>\n<script type=\"application\/ld+json\" class=\"yoast-schema-graph\">{\"@context\":\"https:\/\/schema.org\",\"@graph\":[{\"@type\":\"WebPage\",\"@id\":\"https:\/\/www.biolabeco.com.br\/en\/human-health-2\/hospital-line\/\",\"url\":\"https:\/\/www.biolabeco.com.br\/en\/human-health-2\/hospital-line\/\",\"name\":\"Linha Hospitalar - Biolab &amp; Co\",\"isPartOf\":{\"@id\":\"https:\/\/www.biolabeco.com.br\/#website\"},\"datePublished\":\"2024-05-27T16:32:20+00:00\",\"dateModified\":\"2024-07-04T13:54:49+00:00\",\"description\":\"Contamos com um portf\u00f3lio de produtos inovadores, de alta tecnologia e elevado padr\u00e3o de qualidade, o que faz da companhia uma refer\u00eancia no mercado e com s\u00f3lido compromisso com o desenvolvimento da ci\u00eancia e da ind\u00fastria farmac\u00eautica, inclusive em \u00e1reas onde o cuidado com a sa\u00fade \u00e9 ainda mais intenso.\",\"breadcrumb\":{\"@id\":\"https:\/\/www.biolabeco.com.br\/en\/human-health-2\/hospital-line\/#breadcrumb\"},\"inLanguage\":\"es-ES\",\"potentialAction\":[{\"@type\":\"ReadAction\",\"target\":[\"https:\/\/www.biolabeco.com.br\/en\/human-health-2\/hospital-line\/\"]}]},{\"@type\":\"BreadcrumbList\",\"@id\":\"https:\/\/www.biolabeco.com.br\/en\/human-health-2\/hospital-line\/#breadcrumb\",\"itemListElement\":[{\"@type\":\"ListItem\",\"position\":1,\"name\":\"Home\",\"item\":\"https:\/\/www.biolabeco.com.br\/\"},{\"@type\":\"ListItem\",\"position\":2,\"name\":\"Sa\u00fade Humana\",\"item\":\"https:\/\/www.biolabeco.com.br\/saude-humana\/\"},{\"@type\":\"ListItem\",\"position\":3,\"name\":\"Linha Hospitalar\"}]},{\"@type\":\"WebSite\",\"@id\":\"https:\/\/www.biolabeco.com.br\/#website\",\"url\":\"https:\/\/www.biolabeco.com.br\/\",\"name\":\"Biolab\",\"description\":\"Na Biolab &amp; Co, ci\u00eancia e cuidado caminham juntos. Saiba como promovemos sa\u00fade com responsabilidade socioambiental e tecnologia.\",\"potentialAction\":[{\"@type\":\"SearchAction\",\"target\":{\"@type\":\"EntryPoint\",\"urlTemplate\":\"https:\/\/www.biolabeco.com.br\/?s={search_term_string}\"},\"query-input\":{\"@type\":\"PropertyValueSpecification\",\"valueRequired\":true,\"valueName\":\"search_term_string\"}}],\"inLanguage\":\"es-ES\"}]}<\/script>\n<!-- \/ Yoast SEO Premium plugin. -->","yoast_head_json":{"title":"L\u00ednea Hospital - Biolab &amp; Co","description":"Contamos con una cartera de productos innovadores, de alta tecnolog\u00eda y gran calidad, que hacen de la empresa un referente en el mercado y un s\u00f3lido compromiso con el desarrollo de la ciencia y la industria farmac\u00e9utica, incluso en zonas donde la atenci\u00f3n sanitaria es a\u00fan m\u00e1s intensa.","robots":{"index":"index","follow":"follow","max-snippet":"max-snippet:-1","max-image-preview":"max-image-preview:large","max-video-preview":"max-video-preview:-1"},"canonical":"https:\/\/www.biolabeco.com.br\/es\/salud-humana-2\/linea-hospitalaria\/","og_locale":"es_ES","og_type":"article","og_title":"Linha Hospitalar","og_description":"Contamos com um portf\u00f3lio de produtos inovadores, de alta tecnologia e elevado padr\u00e3o de qualidade, o que faz da companhia uma refer\u00eancia no mercado e com s\u00f3lido compromisso com o desenvolvimento da ci\u00eancia e da ind\u00fastria farmac\u00eautica, inclusive em \u00e1reas onde o cuidado com a sa\u00fade \u00e9 ainda mais intenso.","og_url":"https:\/\/www.biolabeco.com.br\/es\/salud-humana-2\/linea-hospitalaria\/","og_site_name":"Biolab &amp; Co","article_modified_time":"2024-07-04T13:54:49+00:00","twitter_card":"summary_large_image","schema":{"@context":"https:\/\/schema.org","@graph":[{"@type":"WebPage","@id":"https:\/\/www.biolabeco.com.br\/en\/human-health-2\/hospital-line\/","url":"https:\/\/www.biolabeco.com.br\/en\/human-health-2\/hospital-line\/","name":"L\u00ednea Hospital - Biolab &amp; Co","isPartOf":{"@id":"https:\/\/www.biolabeco.com.br\/#website"},"datePublished":"2024-05-27T16:32:20+00:00","dateModified":"2024-07-04T13:54:49+00:00","description":"Contamos con una cartera de productos innovadores, de alta tecnolog\u00eda y gran calidad, que hacen de la empresa un referente en el mercado y un s\u00f3lido compromiso con el desarrollo de la ciencia y la industria farmac\u00e9utica, incluso en zonas donde la atenci\u00f3n sanitaria es a\u00fan m\u00e1s intensa.","breadcrumb":{"@id":"https:\/\/www.biolabeco.com.br\/en\/human-health-2\/hospital-line\/#breadcrumb"},"inLanguage":"es-ES","potentialAction":[{"@type":"ReadAction","target":["https:\/\/www.biolabeco.com.br\/en\/human-health-2\/hospital-line\/"]}]},{"@type":"BreadcrumbList","@id":"https:\/\/www.biolabeco.com.br\/en\/human-health-2\/hospital-line\/#breadcrumb","itemListElement":[{"@type":"ListItem","position":1,"name":"Home","item":"https:\/\/www.biolabeco.com.br\/"},{"@type":"ListItem","position":2,"name":"Sa\u00fade Humana","item":"https:\/\/www.biolabeco.com.br\/saude-humana\/"},{"@type":"ListItem","position":3,"name":"Linha Hospitalar"}]},{"@type":"WebSite","@id":"https:\/\/www.biolabeco.com.br\/#website","url":"https:\/\/www.biolabeco.com.br\/","name":"biolaboratorio","description":"En Biolab &amp; Co, la ciencia y el cuidado van de la mano. Descubra c\u00f3mo promovemos la salud con responsabilidad socioambiental y tecnolog\u00eda.","potentialAction":[{"@type":"SearchAction","target":{"@type":"EntryPoint","urlTemplate":"https:\/\/www.biolabeco.com.br\/?s={search_term_string}"},"query-input":{"@type":"PropertyValueSpecification","valueRequired":true,"valueName":"search_term_string"}}],"inLanguage":"es-ES"}]}},"_links":{"self":[{"href":"https:\/\/www.biolabeco.com.br\/es\/wp-json\/wp\/v2\/pages\/483"}],"collection":[{"href":"https:\/\/www.biolabeco.com.br\/es\/wp-json\/wp\/v2\/pages"}],"about":[{"href":"https:\/\/www.biolabeco.com.br\/es\/wp-json\/wp\/v2\/types\/page"}],"author":[{"embeddable":true,"href":"https:\/\/www.biolabeco.com.br\/es\/wp-json\/wp\/v2\/users\/2"}],"replies":[{"embeddable":true,"href":"https:\/\/www.biolabeco.com.br\/es\/wp-json\/wp\/v2\/comments?post=483"}],"version-history":[{"count":7,"href":"https:\/\/www.biolabeco.com.br\/es\/wp-json\/wp\/v2\/pages\/483\/revisions"}],"predecessor-version":[{"id":5847,"href":"https:\/\/www.biolabeco.com.br\/es\/wp-json\/wp\/v2\/pages\/483\/revisions\/5847"}],"up":[{"embeddable":true,"href":"https:\/\/www.biolabeco.com.br\/es\/wp-json\/wp\/v2\/pages\/473"}],"wp:attachment":[{"href":"https:\/\/www.biolabeco.com.br\/es\/wp-json\/wp\/v2\/media?parent=483"}],"curies":[{"name":"wp","href":"https:\/\/api.w.org\/{rel}","templated":true}]}}