{"id":511,"date":"2024-05-27T13:51:56","date_gmt":"2024-05-27T16:51:56","guid":{"rendered":"http:\/\/biolab.local\/?page_id=511"},"modified":"2024-07-03T10:53:43","modified_gmt":"2024-07-03T13:53:43","slug":"genericos","status":"publish","type":"page","link":"https:\/\/www.biolabeco.com.br\/es\/biolab-genericos\/genericos\/","title":{"rendered":"Gen\u00e9rico"},"content":{"rendered":"","protected":false},"excerpt":{"rendered":"","protected":false},"author":2,"featured_media":0,"parent":501,"menu_order":0,"comment_status":"closed","ping_status":"closed","template":"templates\/modular.php","meta":{"_acf_changed":false,"footnotes":""},"acf":[],"yoast_head":"<!-- This site is optimized with the Yoast SEO Premium plugin v24.4 (Yoast SEO v24.4) - https:\/\/yoast.com\/wordpress\/plugins\/seo\/ -->\n<title>Gen\u00e9ricos - Biolab &amp; Co<\/title>\n<meta name=\"description\" content=\"Biolab Gen\u00e9ricos, transformamos a sa\u00fade de milh\u00f5es de brasileiros com gen\u00e9ricos acess\u00edveis, com a mesma qualidade dos medicamentos Biolab. Conhe\u00e7a!\" \/>\n<meta name=\"robots\" content=\"index, follow, max-snippet:-1, max-image-preview:large, max-video-preview:-1\" \/>\n<link rel=\"canonical\" href=\"https:\/\/www.biolabeco.com.br\/es\/genericos-biolab\/genericos\/\" \/>\n<meta property=\"og:locale\" content=\"es_ES\" \/>\n<meta property=\"og:type\" content=\"article\" \/>\n<meta property=\"og:title\" content=\"Gen\u00e9ricos\" \/>\n<meta property=\"og:description\" content=\"Biolab Gen\u00e9ricos, transformamos a sa\u00fade de milh\u00f5es de brasileiros com gen\u00e9ricos acess\u00edveis, com a mesma qualidade dos medicamentos Biolab. Conhe\u00e7a!\" \/>\n<meta property=\"og:url\" content=\"https:\/\/www.biolabeco.com.br\/es\/genericos-biolab\/genericos\/\" \/>\n<meta property=\"og:site_name\" content=\"Biolab &amp; Co\" \/>\n<meta property=\"article:modified_time\" content=\"2024-07-03T13:53:43+00:00\" \/>\n<meta name=\"twitter:card\" content=\"summary_large_image\" \/>\n<script type=\"application\/ld+json\" class=\"yoast-schema-graph\">{\"@context\":\"https:\/\/schema.org\",\"@graph\":[{\"@type\":\"WebPage\",\"@id\":\"https:\/\/www.biolabeco.com.br\/biolab-genericos\/genericos\/\",\"url\":\"https:\/\/www.biolabeco.com.br\/biolab-genericos\/genericos\/\",\"name\":\"Gen\u00e9ricos - Biolab &amp; Co\",\"isPartOf\":{\"@id\":\"https:\/\/www.biolabeco.com.br\/#website\"},\"datePublished\":\"2024-05-27T16:51:56+00:00\",\"dateModified\":\"2024-07-03T13:53:43+00:00\",\"description\":\"Biolab Gen\u00e9ricos, transformamos a sa\u00fade de milh\u00f5es de brasileiros com gen\u00e9ricos acess\u00edveis, com a mesma qualidade dos medicamentos Biolab. Conhe\u00e7a!\",\"breadcrumb\":{\"@id\":\"https:\/\/www.biolabeco.com.br\/biolab-genericos\/genericos\/#breadcrumb\"},\"inLanguage\":\"es-ES\",\"potentialAction\":[{\"@type\":\"ReadAction\",\"target\":[\"https:\/\/www.biolabeco.com.br\/biolab-genericos\/genericos\/\"]}]},{\"@type\":\"BreadcrumbList\",\"@id\":\"https:\/\/www.biolabeco.com.br\/biolab-genericos\/genericos\/#breadcrumb\",\"itemListElement\":[{\"@type\":\"ListItem\",\"position\":1,\"name\":\"Home\",\"item\":\"https:\/\/www.biolabeco.com.br\/\"},{\"@type\":\"ListItem\",\"position\":2,\"name\":\"Biolab Gen\u00e9ricos\",\"item\":\"https:\/\/www.biolabeco.com.br\/biolab-genericos\/\"},{\"@type\":\"ListItem\",\"position\":3,\"name\":\"Gen\u00e9ricos\"}]},{\"@type\":\"WebSite\",\"@id\":\"https:\/\/www.biolabeco.com.br\/#website\",\"url\":\"https:\/\/www.biolabeco.com.br\/\",\"name\":\"Biolab\",\"description\":\"Na Biolab &amp; Co, ci\u00eancia e cuidado caminham juntos. Saiba como promovemos sa\u00fade com responsabilidade socioambiental e tecnologia.\",\"potentialAction\":[{\"@type\":\"SearchAction\",\"target\":{\"@type\":\"EntryPoint\",\"urlTemplate\":\"https:\/\/www.biolabeco.com.br\/?s={search_term_string}\"},\"query-input\":{\"@type\":\"PropertyValueSpecification\",\"valueRequired\":true,\"valueName\":\"search_term_string\"}}],\"inLanguage\":\"es-ES\"}]}<\/script>\n<!-- \/ Yoast SEO Premium plugin. -->","yoast_head_json":{"title":"Gen\u00e9rico - Biolab &amp; Co","description":"Biolab Gen\u00e9ricos, transformamos la salud de millones de brasile\u00f1os con gen\u00e9ricos asequibles de la misma calidad que los medicamentos Biolab. \u00a1Con\u00f3zcanos!","robots":{"index":"index","follow":"follow","max-snippet":"max-snippet:-1","max-image-preview":"max-image-preview:large","max-video-preview":"max-video-preview:-1"},"canonical":"https:\/\/www.biolabeco.com.br\/es\/genericos-biolab\/genericos\/","og_locale":"es_ES","og_type":"article","og_title":"Gen\u00e9ricos","og_description":"Biolab Gen\u00e9ricos, transformamos a sa\u00fade de milh\u00f5es de brasileiros com gen\u00e9ricos acess\u00edveis, com a mesma qualidade dos medicamentos Biolab. Conhe\u00e7a!","og_url":"https:\/\/www.biolabeco.com.br\/es\/genericos-biolab\/genericos\/","og_site_name":"Biolab &amp; Co","article_modified_time":"2024-07-03T13:53:43+00:00","twitter_card":"summary_large_image","schema":{"@context":"https:\/\/schema.org","@graph":[{"@type":"WebPage","@id":"https:\/\/www.biolabeco.com.br\/biolab-genericos\/genericos\/","url":"https:\/\/www.biolabeco.com.br\/biolab-genericos\/genericos\/","name":"Gen\u00e9rico - Biolab &amp; Co","isPartOf":{"@id":"https:\/\/www.biolabeco.com.br\/#website"},"datePublished":"2024-05-27T16:51:56+00:00","dateModified":"2024-07-03T13:53:43+00:00","description":"Biolab Gen\u00e9ricos, transformamos la salud de millones de brasile\u00f1os con gen\u00e9ricos asequibles de la misma calidad que los medicamentos Biolab. \u00a1Con\u00f3zcanos!","breadcrumb":{"@id":"https:\/\/www.biolabeco.com.br\/biolab-genericos\/genericos\/#breadcrumb"},"inLanguage":"es-ES","potentialAction":[{"@type":"ReadAction","target":["https:\/\/www.biolabeco.com.br\/biolab-genericos\/genericos\/"]}]},{"@type":"BreadcrumbList","@id":"https:\/\/www.biolabeco.com.br\/biolab-genericos\/genericos\/#breadcrumb","itemListElement":[{"@type":"ListItem","position":1,"name":"Home","item":"https:\/\/www.biolabeco.com.br\/"},{"@type":"ListItem","position":2,"name":"Biolab Gen\u00e9ricos","item":"https:\/\/www.biolabeco.com.br\/biolab-genericos\/"},{"@type":"ListItem","position":3,"name":"Gen\u00e9ricos"}]},{"@type":"WebSite","@id":"https:\/\/www.biolabeco.com.br\/#website","url":"https:\/\/www.biolabeco.com.br\/","name":"biolaboratorio","description":"En Biolab &amp; Co, la ciencia y el cuidado van de la mano. Descubra c\u00f3mo promovemos la salud con responsabilidad socioambiental y tecnolog\u00eda.","potentialAction":[{"@type":"SearchAction","target":{"@type":"EntryPoint","urlTemplate":"https:\/\/www.biolabeco.com.br\/?s={search_term_string}"},"query-input":{"@type":"PropertyValueSpecification","valueRequired":true,"valueName":"search_term_string"}}],"inLanguage":"es-ES"}]}},"_links":{"self":[{"href":"https:\/\/www.biolabeco.com.br\/es\/wp-json\/wp\/v2\/pages\/511"}],"collection":[{"href":"https:\/\/www.biolabeco.com.br\/es\/wp-json\/wp\/v2\/pages"}],"about":[{"href":"https:\/\/www.biolabeco.com.br\/es\/wp-json\/wp\/v2\/types\/page"}],"author":[{"embeddable":true,"href":"https:\/\/www.biolabeco.com.br\/es\/wp-json\/wp\/v2\/users\/2"}],"replies":[{"embeddable":true,"href":"https:\/\/www.biolabeco.com.br\/es\/wp-json\/wp\/v2\/comments?post=511"}],"version-history":[{"count":27,"href":"https:\/\/www.biolabeco.com.br\/es\/wp-json\/wp\/v2\/pages\/511\/revisions"}],"predecessor-version":[{"id":6124,"href":"https:\/\/www.biolabeco.com.br\/es\/wp-json\/wp\/v2\/pages\/511\/revisions\/6124"}],"up":[{"embeddable":true,"href":"https:\/\/www.biolabeco.com.br\/es\/wp-json\/wp\/v2\/pages\/501"}],"wp:attachment":[{"href":"https:\/\/www.biolabeco.com.br\/es\/wp-json\/wp\/v2\/media?parent=511"}],"curies":[{"name":"wp","href":"https:\/\/api.w.org\/{rel}","templated":true}]}}