{"id":536,"date":"2024-05-27T14:11:48","date_gmt":"2024-05-27T17:11:48","guid":{"rendered":"http:\/\/biolab.local\/?page_id=536"},"modified":"2026-03-12T13:56:26","modified_gmt":"2026-03-12T16:56:26","slug":"centros-pdi","status":"publish","type":"page","link":"https:\/\/www.biolabeco.com.br\/es\/pesquisa-desenvolvimento\/centros-de-pdi\/","title":{"rendered":"Centros de I+D+i"},"content":{"rendered":"","protected":false},"excerpt":{"rendered":"","protected":false},"author":2,"featured_media":0,"parent":529,"menu_order":0,"comment_status":"closed","ping_status":"closed","template":"templates\/modular.php","meta":{"_acf_changed":false,"footnotes":""},"acf":[],"yoast_head":"<!-- This site is optimized with the Yoast SEO Premium plugin v24.4 (Yoast SEO v24.4) - https:\/\/yoast.com\/wordpress\/plugins\/seo\/ -->\n<title>Centros de PD&amp;I - Biolab &amp; Co<\/title>\n<meta name=\"description\" content=\"A Biolab \u00e9 reconhecida pelo forte foco em Pesquisa e Inova\u00e7\u00e3o, que impulsiona o desenvolvimento de novos produtos para compor o portf\u00f3lio da companhia.\" \/>\n<meta name=\"robots\" content=\"index, follow, max-snippet:-1, max-image-preview:large, max-video-preview:-1\" \/>\n<link rel=\"canonical\" href=\"https:\/\/www.biolabeco.com.br\/es\/desarrollo-de-la-investigacion\/centros-pdi\/\" \/>\n<meta property=\"og:locale\" content=\"es_ES\" \/>\n<meta property=\"og:type\" content=\"article\" \/>\n<meta property=\"og:title\" content=\"Centros de PD&amp;I\" \/>\n<meta property=\"og:description\" content=\"A Biolab \u00e9 reconhecida pelo forte foco em Pesquisa e Inova\u00e7\u00e3o, que impulsiona o desenvolvimento de novos produtos para compor o portf\u00f3lio da companhia.\" \/>\n<meta property=\"og:url\" content=\"https:\/\/www.biolabeco.com.br\/es\/desarrollo-de-la-investigacion\/centros-pdi\/\" \/>\n<meta property=\"og:site_name\" content=\"Biolab &amp; Co\" \/>\n<meta property=\"article:modified_time\" content=\"2026-03-12T16:56:26+00:00\" \/>\n<meta name=\"twitter:card\" content=\"summary_large_image\" \/>\n<script type=\"application\/ld+json\" class=\"yoast-schema-graph\">{\"@context\":\"https:\/\/schema.org\",\"@graph\":[{\"@type\":\"WebPage\",\"@id\":\"https:\/\/www.biolabeco.com.br\/en\/research-development\/pdi-centers\/\",\"url\":\"https:\/\/www.biolabeco.com.br\/en\/research-development\/pdi-centers\/\",\"name\":\"Centros de PD&amp;I - Biolab &amp; Co\",\"isPartOf\":{\"@id\":\"https:\/\/www.biolabeco.com.br\/#website\"},\"datePublished\":\"2024-05-27T17:11:48+00:00\",\"dateModified\":\"2026-03-12T16:56:26+00:00\",\"description\":\"A Biolab \u00e9 reconhecida pelo forte foco em Pesquisa e Inova\u00e7\u00e3o, que impulsiona o desenvolvimento de novos produtos para compor o portf\u00f3lio da companhia.\",\"breadcrumb\":{\"@id\":\"https:\/\/www.biolabeco.com.br\/en\/research-development\/pdi-centers\/#breadcrumb\"},\"inLanguage\":\"es-ES\",\"potentialAction\":[{\"@type\":\"ReadAction\",\"target\":[\"https:\/\/www.biolabeco.com.br\/en\/research-development\/pdi-centers\/\"]}]},{\"@type\":\"BreadcrumbList\",\"@id\":\"https:\/\/www.biolabeco.com.br\/en\/research-development\/pdi-centers\/#breadcrumb\",\"itemListElement\":[{\"@type\":\"ListItem\",\"position\":1,\"name\":\"Home\",\"item\":\"https:\/\/www.biolabeco.com.br\/\"},{\"@type\":\"ListItem\",\"position\":2,\"name\":\"Pesquisa, Desenvolvimento e Inova\u00e7\u00e3o\",\"item\":\"https:\/\/www.biolabeco.com.br\/en\/research-development\/\"},{\"@type\":\"ListItem\",\"position\":3,\"name\":\"Centros de PD&amp;I\"}]},{\"@type\":\"WebSite\",\"@id\":\"https:\/\/www.biolabeco.com.br\/#website\",\"url\":\"https:\/\/www.biolabeco.com.br\/\",\"name\":\"Biolab\",\"description\":\"Na Biolab &amp; Co, ci\u00eancia e cuidado caminham juntos. Saiba como promovemos sa\u00fade com responsabilidade socioambiental e tecnologia.\",\"potentialAction\":[{\"@type\":\"SearchAction\",\"target\":{\"@type\":\"EntryPoint\",\"urlTemplate\":\"https:\/\/www.biolabeco.com.br\/?s={search_term_string}\"},\"query-input\":{\"@type\":\"PropertyValueSpecification\",\"valueRequired\":true,\"valueName\":\"search_term_string\"}}],\"inLanguage\":\"es-ES\"}]}<\/script>\n<!-- \/ Yoast SEO Premium plugin. -->","yoast_head_json":{"title":"Centros de I+D+i - Biolab &amp; Co","description":"Biolab es reconocida por su fuerte apuesta por la investigaci\u00f3n y la innovaci\u00f3n, que impulsa el desarrollo de nuevos productos para la cartera de la empresa.","robots":{"index":"index","follow":"follow","max-snippet":"max-snippet:-1","max-image-preview":"max-image-preview:large","max-video-preview":"max-video-preview:-1"},"canonical":"https:\/\/www.biolabeco.com.br\/es\/desarrollo-de-la-investigacion\/centros-pdi\/","og_locale":"es_ES","og_type":"article","og_title":"Centros de PD&amp;I","og_description":"A Biolab \u00e9 reconhecida pelo forte foco em Pesquisa e Inova\u00e7\u00e3o, que impulsiona o desenvolvimento de novos produtos para compor o portf\u00f3lio da companhia.","og_url":"https:\/\/www.biolabeco.com.br\/es\/desarrollo-de-la-investigacion\/centros-pdi\/","og_site_name":"Biolab &amp; Co","article_modified_time":"2026-03-12T16:56:26+00:00","twitter_card":"summary_large_image","schema":{"@context":"https:\/\/schema.org","@graph":[{"@type":"WebPage","@id":"https:\/\/www.biolabeco.com.br\/en\/research-development\/pdi-centers\/","url":"https:\/\/www.biolabeco.com.br\/en\/research-development\/pdi-centers\/","name":"Centros de I+D+i - Biolab &amp; Co","isPartOf":{"@id":"https:\/\/www.biolabeco.com.br\/#website"},"datePublished":"2024-05-27T17:11:48+00:00","dateModified":"2026-03-12T16:56:26+00:00","description":"Biolab es reconocida por su fuerte apuesta por la investigaci\u00f3n y la innovaci\u00f3n, que impulsa el desarrollo de nuevos productos para la cartera de la empresa.","breadcrumb":{"@id":"https:\/\/www.biolabeco.com.br\/en\/research-development\/pdi-centers\/#breadcrumb"},"inLanguage":"es-ES","potentialAction":[{"@type":"ReadAction","target":["https:\/\/www.biolabeco.com.br\/en\/research-development\/pdi-centers\/"]}]},{"@type":"BreadcrumbList","@id":"https:\/\/www.biolabeco.com.br\/en\/research-development\/pdi-centers\/#breadcrumb","itemListElement":[{"@type":"ListItem","position":1,"name":"Home","item":"https:\/\/www.biolabeco.com.br\/"},{"@type":"ListItem","position":2,"name":"Pesquisa, Desenvolvimento e Inova\u00e7\u00e3o","item":"https:\/\/www.biolabeco.com.br\/en\/research-development\/"},{"@type":"ListItem","position":3,"name":"Centros de PD&amp;I"}]},{"@type":"WebSite","@id":"https:\/\/www.biolabeco.com.br\/#website","url":"https:\/\/www.biolabeco.com.br\/","name":"biolaboratorio","description":"En Biolab &amp; Co, la ciencia y el cuidado van de la mano. Descubra c\u00f3mo promovemos la salud con responsabilidad socioambiental y tecnolog\u00eda.","potentialAction":[{"@type":"SearchAction","target":{"@type":"EntryPoint","urlTemplate":"https:\/\/www.biolabeco.com.br\/?s={search_term_string}"},"query-input":{"@type":"PropertyValueSpecification","valueRequired":true,"valueName":"search_term_string"}}],"inLanguage":"es-ES"}]}},"_links":{"self":[{"href":"https:\/\/www.biolabeco.com.br\/es\/wp-json\/wp\/v2\/pages\/536"}],"collection":[{"href":"https:\/\/www.biolabeco.com.br\/es\/wp-json\/wp\/v2\/pages"}],"about":[{"href":"https:\/\/www.biolabeco.com.br\/es\/wp-json\/wp\/v2\/types\/page"}],"author":[{"embeddable":true,"href":"https:\/\/www.biolabeco.com.br\/es\/wp-json\/wp\/v2\/users\/2"}],"replies":[{"embeddable":true,"href":"https:\/\/www.biolabeco.com.br\/es\/wp-json\/wp\/v2\/comments?post=536"}],"version-history":[{"count":5,"href":"https:\/\/www.biolabeco.com.br\/es\/wp-json\/wp\/v2\/pages\/536\/revisions"}],"predecessor-version":[{"id":16298,"href":"https:\/\/www.biolabeco.com.br\/es\/wp-json\/wp\/v2\/pages\/536\/revisions\/16298"}],"up":[{"embeddable":true,"href":"https:\/\/www.biolabeco.com.br\/es\/wp-json\/wp\/v2\/pages\/529"}],"wp:attachment":[{"href":"https:\/\/www.biolabeco.com.br\/es\/wp-json\/wp\/v2\/media?parent=536"}],"curies":[{"name":"wp","href":"https:\/\/api.w.org\/{rel}","templated":true}]}}