{"id":574,"date":"2024-05-27T14:42:59","date_gmt":"2024-05-27T17:42:59","guid":{"rendered":"http:\/\/biolab.local\/?page_id=574"},"modified":"2024-07-03T11:14:39","modified_gmt":"2024-07-03T14:14:39","slug":"farmacovigilancia","status":"publish","type":"page","link":"https:\/\/www.biolabeco.com.br\/es\/contato\/farmacovigilancia\/","title":{"rendered":"Farmacovigilancia"},"content":{"rendered":"","protected":false},"excerpt":{"rendered":"","protected":false},"author":2,"featured_media":0,"parent":570,"menu_order":0,"comment_status":"closed","ping_status":"closed","template":"templates\/modular.php","meta":{"_acf_changed":false,"footnotes":""},"acf":[],"yoast_head":"<!-- This site is optimized with the Yoast SEO Premium plugin v24.4 (Yoast SEO v24.4) - https:\/\/yoast.com\/wordpress\/plugins\/seo\/ -->\n<title>Farmacovigil\u00e2ncia - Biolab &amp; Co<\/title>\n<meta name=\"description\" content=\"A Farmacovigil\u00e2ncia da Biolab \u00e9 respons\u00e1vel pela identifica\u00e7\u00e3o, avalia\u00e7\u00e3o, compreens\u00e3o e preven\u00e7\u00e3o de eventos adversos e situa\u00e7\u00f5es especiais. Conhe\u00e7a.\" \/>\n<meta name=\"robots\" content=\"index, follow, max-snippet:-1, max-image-preview:large, max-video-preview:-1\" \/>\n<link rel=\"canonical\" href=\"https:\/\/www.biolabeco.com.br\/es\/pongase-en-contacto-con\/farmacovigilancia\/\" \/>\n<meta property=\"og:locale\" content=\"es_ES\" \/>\n<meta property=\"og:type\" content=\"article\" \/>\n<meta property=\"og:title\" content=\"Farmacovigil\u00e2ncia\" \/>\n<meta property=\"og:description\" content=\"A Farmacovigil\u00e2ncia da Biolab \u00e9 respons\u00e1vel pela identifica\u00e7\u00e3o, avalia\u00e7\u00e3o, compreens\u00e3o e preven\u00e7\u00e3o de eventos adversos e situa\u00e7\u00f5es especiais. Conhe\u00e7a.\" \/>\n<meta property=\"og:url\" content=\"https:\/\/www.biolabeco.com.br\/es\/pongase-en-contacto-con\/farmacovigilancia\/\" \/>\n<meta property=\"og:site_name\" content=\"Biolab &amp; Co\" \/>\n<meta property=\"article:modified_time\" content=\"2024-07-03T14:14:39+00:00\" \/>\n<meta name=\"twitter:card\" content=\"summary_large_image\" \/>\n<script type=\"application\/ld+json\" class=\"yoast-schema-graph\">{\"@context\":\"https:\/\/schema.org\",\"@graph\":[{\"@type\":\"WebPage\",\"@id\":\"https:\/\/www.biolabeco.com.br\/en\/contact\/pharmacovigilance\/\",\"url\":\"https:\/\/www.biolabeco.com.br\/en\/contact\/pharmacovigilance\/\",\"name\":\"Farmacovigil\u00e2ncia - Biolab &amp; Co\",\"isPartOf\":{\"@id\":\"https:\/\/www.biolabeco.com.br\/#website\"},\"datePublished\":\"2024-05-27T17:42:59+00:00\",\"dateModified\":\"2024-07-03T14:14:39+00:00\",\"description\":\"A Farmacovigil\u00e2ncia da Biolab \u00e9 respons\u00e1vel pela identifica\u00e7\u00e3o, avalia\u00e7\u00e3o, compreens\u00e3o e preven\u00e7\u00e3o de eventos adversos e situa\u00e7\u00f5es especiais. Conhe\u00e7a.\",\"breadcrumb\":{\"@id\":\"https:\/\/www.biolabeco.com.br\/en\/contact\/pharmacovigilance\/#breadcrumb\"},\"inLanguage\":\"es-ES\",\"potentialAction\":[{\"@type\":\"ReadAction\",\"target\":[\"https:\/\/www.biolabeco.com.br\/en\/contact\/pharmacovigilance\/\"]}]},{\"@type\":\"BreadcrumbList\",\"@id\":\"https:\/\/www.biolabeco.com.br\/en\/contact\/pharmacovigilance\/#breadcrumb\",\"itemListElement\":[{\"@type\":\"ListItem\",\"position\":1,\"name\":\"Home\",\"item\":\"https:\/\/www.biolabeco.com.br\/\"},{\"@type\":\"ListItem\",\"position\":2,\"name\":\"Contato\",\"item\":\"https:\/\/www.biolabeco.com.br\/contato\/\"},{\"@type\":\"ListItem\",\"position\":3,\"name\":\"Farmacovigil\u00e2ncia\"}]},{\"@type\":\"WebSite\",\"@id\":\"https:\/\/www.biolabeco.com.br\/#website\",\"url\":\"https:\/\/www.biolabeco.com.br\/\",\"name\":\"Biolab\",\"description\":\"Na Biolab &amp; Co, ci\u00eancia e cuidado caminham juntos. Saiba como promovemos sa\u00fade com responsabilidade socioambiental e tecnologia.\",\"potentialAction\":[{\"@type\":\"SearchAction\",\"target\":{\"@type\":\"EntryPoint\",\"urlTemplate\":\"https:\/\/www.biolabeco.com.br\/?s={search_term_string}\"},\"query-input\":{\"@type\":\"PropertyValueSpecification\",\"valueRequired\":true,\"valueName\":\"search_term_string\"}}],\"inLanguage\":\"es-ES\"}]}<\/script>\n<!-- \/ Yoast SEO Premium plugin. -->","yoast_head_json":{"title":"Farmacovigilancia - Biolab &amp; Co","description":"El departamento de Farmacovigilancia de Biolab se encarga de identificar, evaluar, comprender y prevenir acontecimientos adversos y situaciones especiales. M\u00e1s informaci\u00f3n.","robots":{"index":"index","follow":"follow","max-snippet":"max-snippet:-1","max-image-preview":"max-image-preview:large","max-video-preview":"max-video-preview:-1"},"canonical":"https:\/\/www.biolabeco.com.br\/es\/pongase-en-contacto-con\/farmacovigilancia\/","og_locale":"es_ES","og_type":"article","og_title":"Farmacovigil\u00e2ncia","og_description":"A Farmacovigil\u00e2ncia da Biolab \u00e9 respons\u00e1vel pela identifica\u00e7\u00e3o, avalia\u00e7\u00e3o, compreens\u00e3o e preven\u00e7\u00e3o de eventos adversos e situa\u00e7\u00f5es especiais. Conhe\u00e7a.","og_url":"https:\/\/www.biolabeco.com.br\/es\/pongase-en-contacto-con\/farmacovigilancia\/","og_site_name":"Biolab &amp; Co","article_modified_time":"2024-07-03T14:14:39+00:00","twitter_card":"summary_large_image","schema":{"@context":"https:\/\/schema.org","@graph":[{"@type":"WebPage","@id":"https:\/\/www.biolabeco.com.br\/en\/contact\/pharmacovigilance\/","url":"https:\/\/www.biolabeco.com.br\/en\/contact\/pharmacovigilance\/","name":"Farmacovigilancia - Biolab &amp; Co","isPartOf":{"@id":"https:\/\/www.biolabeco.com.br\/#website"},"datePublished":"2024-05-27T17:42:59+00:00","dateModified":"2024-07-03T14:14:39+00:00","description":"El departamento de Farmacovigilancia de Biolab se encarga de identificar, evaluar, comprender y prevenir acontecimientos adversos y situaciones especiales. M\u00e1s informaci\u00f3n.","breadcrumb":{"@id":"https:\/\/www.biolabeco.com.br\/en\/contact\/pharmacovigilance\/#breadcrumb"},"inLanguage":"es-ES","potentialAction":[{"@type":"ReadAction","target":["https:\/\/www.biolabeco.com.br\/en\/contact\/pharmacovigilance\/"]}]},{"@type":"BreadcrumbList","@id":"https:\/\/www.biolabeco.com.br\/en\/contact\/pharmacovigilance\/#breadcrumb","itemListElement":[{"@type":"ListItem","position":1,"name":"Home","item":"https:\/\/www.biolabeco.com.br\/"},{"@type":"ListItem","position":2,"name":"Contato","item":"https:\/\/www.biolabeco.com.br\/contato\/"},{"@type":"ListItem","position":3,"name":"Farmacovigil\u00e2ncia"}]},{"@type":"WebSite","@id":"https:\/\/www.biolabeco.com.br\/#website","url":"https:\/\/www.biolabeco.com.br\/","name":"biolaboratorio","description":"En Biolab &amp; Co, la ciencia y el cuidado van de la mano. Descubra c\u00f3mo promovemos la salud con responsabilidad socioambiental y tecnolog\u00eda.","potentialAction":[{"@type":"SearchAction","target":{"@type":"EntryPoint","urlTemplate":"https:\/\/www.biolabeco.com.br\/?s={search_term_string}"},"query-input":{"@type":"PropertyValueSpecification","valueRequired":true,"valueName":"search_term_string"}}],"inLanguage":"es-ES"}]}},"_links":{"self":[{"href":"https:\/\/www.biolabeco.com.br\/es\/wp-json\/wp\/v2\/pages\/574"}],"collection":[{"href":"https:\/\/www.biolabeco.com.br\/es\/wp-json\/wp\/v2\/pages"}],"about":[{"href":"https:\/\/www.biolabeco.com.br\/es\/wp-json\/wp\/v2\/types\/page"}],"author":[{"embeddable":true,"href":"https:\/\/www.biolabeco.com.br\/es\/wp-json\/wp\/v2\/users\/2"}],"replies":[{"embeddable":true,"href":"https:\/\/www.biolabeco.com.br\/es\/wp-json\/wp\/v2\/comments?post=574"}],"version-history":[{"count":33,"href":"https:\/\/www.biolabeco.com.br\/es\/wp-json\/wp\/v2\/pages\/574\/revisions"}],"predecessor-version":[{"id":5809,"href":"https:\/\/www.biolabeco.com.br\/es\/wp-json\/wp\/v2\/pages\/574\/revisions\/5809"}],"up":[{"embeddable":true,"href":"https:\/\/www.biolabeco.com.br\/es\/wp-json\/wp\/v2\/pages\/570"}],"wp:attachment":[{"href":"https:\/\/www.biolabeco.com.br\/es\/wp-json\/wp\/v2\/media?parent=574"}],"curies":[{"name":"wp","href":"https:\/\/api.w.org\/{rel}","templated":true}]}}